{"id":2324,"date":"2019-03-07T11:55:48","date_gmt":"2019-03-07T11:55:48","guid":{"rendered":"https:\/\/lunatools.com\/product\/svarv-ml-1860\/"},"modified":"2019-03-07T11:55:48","modified_gmt":"2019-03-07T11:55:48","slug":"svarv-ml-1860","status":"publish","type":"product","link":"https:\/\/lunatools.com\/sv\/product\/svarv-ml-1860\/","title":{"rendered":"SVARV ML 1860"},"content":{"rendered":"<p>En robust och stabil supportsvarv som \u00e4r l\u00e4mplig f\u00f6r reparations- och underh\u00e5llsarbeten samt utbildnings\u00e4ndam\u00e5l. Maskinen \u00e4r uppbyggd p\u00e5 en induktionsh\u00e4rdad och slipad b\u00e4dd med gap av h\u00f6gh\u00e5llfast gjutj\u00e4rn f\u00f6r att f\u00e5 h\u00f6g stabilitet, fotman\u00f6vrerad spindelbroms, s\u00e4kerhetskoppling mot \u00f6verbelastning av matningen.<br \/>\nLevereras komplett med 1-hastighetsmotor med elektrisk broms, chuckskydd med mikrobrytare, arbetsbelysning halogen, bakre st\u00e4nkskydd, digital m\u00e4tutrustning, komplett kylv\u00e4tskeutrustning, 3-backschuck \u00d8 250 mm (monterad), 4-backschuck \u00d8 320 mm, planskiva, insatshylsa, fasta dubbar, snabbst\u00e5lf\u00e4ste, g\u00e4ngklocka, fast st\u00f6ddocka, medl\u00f6pande st\u00f6ddocka och verktygssats.<br \/>\nML 1860 och 1880 \u00e4r utrustade med l\u00e4ngsg\u00e5ende snabbmatning.<\/p>\n","protected":false},"excerpt":{"rendered":"En robust och stabil supportsvarv som \u00e4r l\u00e4mplig f\u00f6r reparations- och underh\u00e5llsarbeten samt utbildnings\u00e4ndam\u00e5l. Maskinen \u00e4r uppbyggd p\u00e5 en induktionsh\u00e4rdad och slipad b\u00e4dd med gap av h\u00f6gh\u00e5llfast gjutj\u00e4rn f\u00f6r att f\u00e5 h\u00f6g stabilitet, fotman\u00f6vrerad spindelbroms, s\u00e4kerhetskoppling mot \u00f6verbelastning av matningen. Levereras komplett med 1-hastighetsmotor med elektrisk broms, chuckskydd med mikrobrytare, arbetsbelysning halogen, bakre st\u00e4nkskydd, digital&#8230; <a class=\"view-article\" href=\"https:\/\/lunatools.com\/sv\/product\/svarv-ml-1860\/\">View Article<\/a>","protected":false},"featured_media":0,"template":"","meta":{"_acf_changed":false},"product_cat":[15],"product_tag":[],"class_list":{"0":"post-2324","1":"product","2":"type-product","3":"status-publish","5":"product_cat-uncategorized","7":"first","8":"instock","9":"shipping-taxable","10":"product-type-simple"},"acf":[],"yoast_head":"<!-- This site is optimized with the Yoast SEO plugin v23.4 - https:\/\/yoast.com\/wordpress\/plugins\/seo\/ -->\n<title>SVARV ML 1860 - Luna tools<\/title>\n<meta name=\"robots\" content=\"index, follow, max-snippet:-1, max-image-preview:large, max-video-preview:-1\" \/>\n<link rel=\"canonical\" href=\"https:\/\/lunatools.com\/sv\/product\/svarv-ml-1860\/\" \/>\n<meta property=\"og:locale\" content=\"sv_SE\" \/>\n<meta property=\"og:type\" content=\"article\" \/>\n<meta property=\"og:title\" content=\"SVARV ML 1860 - Luna tools\" \/>\n<meta property=\"og:description\" content=\"En robust och stabil supportsvarv som \u00e4r l\u00e4mplig f\u00f6r reparations- och underh\u00e5llsarbeten samt utbildnings\u00e4ndam\u00e5l. Maskinen \u00e4r uppbyggd p\u00e5 en induktionsh\u00e4rdad och slipad b\u00e4dd med gap av h\u00f6gh\u00e5llfast gjutj\u00e4rn f\u00f6r att f\u00e5 h\u00f6g stabilitet, fotman\u00f6vrerad spindelbroms, s\u00e4kerhetskoppling mot \u00f6verbelastning av matningen. Levereras komplett med 1-hastighetsmotor med elektrisk broms, chuckskydd med mikrobrytare, arbetsbelysning halogen, bakre st\u00e4nkskydd, digital... View Article\" \/>\n<meta property=\"og:url\" content=\"https:\/\/lunatools.com\/sv\/product\/svarv-ml-1860\/\" \/>\n<meta property=\"og:site_name\" content=\"Luna tools\" \/>\n<meta name=\"twitter:label1\" content=\"Ber\u00e4knad l\u00e4stid\" \/>\n\t<meta name=\"twitter:data1\" content=\"1 minut\" \/>\n<script type=\"application\/ld+json\" class=\"yoast-schema-graph\">{\"@context\":\"https:\/\/schema.org\",\"@graph\":[{\"@type\":\"WebPage\",\"@id\":\"https:\/\/lunatools.com\/sv\/product\/svarv-ml-1860\/\",\"url\":\"https:\/\/lunatools.com\/sv\/product\/svarv-ml-1860\/\",\"name\":\"SVARV ML 1860 - Luna tools\",\"isPartOf\":{\"@id\":\"https:\/\/lunatools.com\/sv\/#website\"},\"datePublished\":\"2019-03-07T11:55:48+00:00\",\"dateModified\":\"2019-03-07T11:55:48+00:00\",\"breadcrumb\":{\"@id\":\"https:\/\/lunatools.com\/sv\/product\/svarv-ml-1860\/#breadcrumb\"},\"inLanguage\":\"sv-SE\",\"potentialAction\":[{\"@type\":\"ReadAction\",\"target\":[\"https:\/\/lunatools.com\/sv\/product\/svarv-ml-1860\/\"]}]},{\"@type\":\"BreadcrumbList\",\"@id\":\"https:\/\/lunatools.com\/sv\/product\/svarv-ml-1860\/#breadcrumb\",\"itemListElement\":[{\"@type\":\"ListItem\",\"position\":1,\"name\":\"Home\",\"item\":\"https:\/\/lunatools.com\/sv\/\"},{\"@type\":\"ListItem\",\"position\":2,\"name\":\"Produkty\",\"item\":\"https:\/\/lunatools.com\/pl\/shop\/\"},{\"@type\":\"ListItem\",\"position\":3,\"name\":\"SVARV ML 1860\"}]},{\"@type\":\"WebSite\",\"@id\":\"https:\/\/lunatools.com\/sv\/#website\",\"url\":\"https:\/\/lunatools.com\/sv\/\",\"name\":\"Luna tools\",\"description\":\"\",\"publisher\":{\"@id\":\"https:\/\/lunatools.com\/sv\/#organization\"},\"potentialAction\":[{\"@type\":\"SearchAction\",\"target\":{\"@type\":\"EntryPoint\",\"urlTemplate\":\"https:\/\/lunatools.com\/sv\/?s={search_term_string}\"},\"query-input\":{\"@type\":\"PropertyValueSpecification\",\"valueRequired\":true,\"valueName\":\"search_term_string\"}}],\"inLanguage\":\"sv-SE\"},{\"@type\":\"Organization\",\"@id\":\"https:\/\/lunatools.com\/sv\/#organization\",\"name\":\"Luna Tools\",\"url\":\"https:\/\/lunatools.com\/sv\/\",\"logo\":{\"@type\":\"ImageObject\",\"inLanguage\":\"sv-SE\",\"@id\":\"https:\/\/lunatools.com\/sv\/#\/schema\/logo\/image\/\",\"url\":\"https:\/\/lunatools.com\/wp-content\/uploads\/2019\/10\/LunaTools-gray-logo.png\",\"contentUrl\":\"https:\/\/lunatools.com\/wp-content\/uploads\/2019\/10\/LunaTools-gray-logo.png\",\"width\":795,\"height\":309,\"caption\":\"Luna Tools\"},\"image\":{\"@id\":\"https:\/\/lunatools.com\/sv\/#\/schema\/logo\/image\/\"}}]}<\/script>\n<!-- \/ Yoast SEO plugin. -->","yoast_head_json":{"title":"SVARV ML 1860 - Luna tools","robots":{"index":"index","follow":"follow","max-snippet":"max-snippet:-1","max-image-preview":"max-image-preview:large","max-video-preview":"max-video-preview:-1"},"canonical":"https:\/\/lunatools.com\/sv\/product\/svarv-ml-1860\/","og_locale":"sv_SE","og_type":"article","og_title":"SVARV ML 1860 - Luna tools","og_description":"En robust och stabil supportsvarv som \u00e4r l\u00e4mplig f\u00f6r reparations- och underh\u00e5llsarbeten samt utbildnings\u00e4ndam\u00e5l. Maskinen \u00e4r uppbyggd p\u00e5 en induktionsh\u00e4rdad och slipad b\u00e4dd med gap av h\u00f6gh\u00e5llfast gjutj\u00e4rn f\u00f6r att f\u00e5 h\u00f6g stabilitet, fotman\u00f6vrerad spindelbroms, s\u00e4kerhetskoppling mot \u00f6verbelastning av matningen. Levereras komplett med 1-hastighetsmotor med elektrisk broms, chuckskydd med mikrobrytare, arbetsbelysning halogen, bakre st\u00e4nkskydd, digital... View Article","og_url":"https:\/\/lunatools.com\/sv\/product\/svarv-ml-1860\/","og_site_name":"Luna tools","twitter_misc":{"Ber\u00e4knad l\u00e4stid":"1 minut"},"schema":{"@context":"https:\/\/schema.org","@graph":[{"@type":"WebPage","@id":"https:\/\/lunatools.com\/sv\/product\/svarv-ml-1860\/","url":"https:\/\/lunatools.com\/sv\/product\/svarv-ml-1860\/","name":"SVARV ML 1860 - Luna tools","isPartOf":{"@id":"https:\/\/lunatools.com\/sv\/#website"},"datePublished":"2019-03-07T11:55:48+00:00","dateModified":"2019-03-07T11:55:48+00:00","breadcrumb":{"@id":"https:\/\/lunatools.com\/sv\/product\/svarv-ml-1860\/#breadcrumb"},"inLanguage":"sv-SE","potentialAction":[{"@type":"ReadAction","target":["https:\/\/lunatools.com\/sv\/product\/svarv-ml-1860\/"]}]},{"@type":"BreadcrumbList","@id":"https:\/\/lunatools.com\/sv\/product\/svarv-ml-1860\/#breadcrumb","itemListElement":[{"@type":"ListItem","position":1,"name":"Home","item":"https:\/\/lunatools.com\/sv\/"},{"@type":"ListItem","position":2,"name":"Produkty","item":"https:\/\/lunatools.com\/pl\/shop\/"},{"@type":"ListItem","position":3,"name":"SVARV ML 1860"}]},{"@type":"WebSite","@id":"https:\/\/lunatools.com\/sv\/#website","url":"https:\/\/lunatools.com\/sv\/","name":"Luna tools","description":"","publisher":{"@id":"https:\/\/lunatools.com\/sv\/#organization"},"potentialAction":[{"@type":"SearchAction","target":{"@type":"EntryPoint","urlTemplate":"https:\/\/lunatools.com\/sv\/?s={search_term_string}"},"query-input":{"@type":"PropertyValueSpecification","valueRequired":true,"valueName":"search_term_string"}}],"inLanguage":"sv-SE"},{"@type":"Organization","@id":"https:\/\/lunatools.com\/sv\/#organization","name":"Luna Tools","url":"https:\/\/lunatools.com\/sv\/","logo":{"@type":"ImageObject","inLanguage":"sv-SE","@id":"https:\/\/lunatools.com\/sv\/#\/schema\/logo\/image\/","url":"https:\/\/lunatools.com\/wp-content\/uploads\/2019\/10\/LunaTools-gray-logo.png","contentUrl":"https:\/\/lunatools.com\/wp-content\/uploads\/2019\/10\/LunaTools-gray-logo.png","width":795,"height":309,"caption":"Luna Tools"},"image":{"@id":"https:\/\/lunatools.com\/sv\/#\/schema\/logo\/image\/"}}]}},"_links":{"self":[{"href":"https:\/\/lunatools.com\/sv\/wp-json\/wp\/v2\/product\/2324"}],"collection":[{"href":"https:\/\/lunatools.com\/sv\/wp-json\/wp\/v2\/product"}],"about":[{"href":"https:\/\/lunatools.com\/sv\/wp-json\/wp\/v2\/types\/product"}],"wp:attachment":[{"href":"https:\/\/lunatools.com\/sv\/wp-json\/wp\/v2\/media?parent=2324"}],"wp:term":[{"taxonomy":"product_cat","embeddable":true,"href":"https:\/\/lunatools.com\/sv\/wp-json\/wp\/v2\/product_cat?post=2324"},{"taxonomy":"product_tag","embeddable":true,"href":"https:\/\/lunatools.com\/sv\/wp-json\/wp\/v2\/product_tag?post=2324"}],"curies":[{"name":"wp","href":"https:\/\/api.w.org\/{rel}","templated":true}]}}