{"id":2326,"date":"2019-03-07T12:17:48","date_gmt":"2019-03-07T12:17:48","guid":{"rendered":"https:\/\/lunatools.com\/product\/svarv-ml1440-440-3-60hz\/"},"modified":"2019-03-07T12:17:48","modified_gmt":"2019-03-07T12:17:48","slug":"svarv-ml1440-440-3-60hz","status":"publish","type":"product","link":"https:\/\/lunatools.com\/sv\/product\/svarv-ml1440-440-3-60hz\/","title":{"rendered":"SVARV ML1440 440-3 60HZ"},"content":{"rendered":"<p>En smidig, modern och l\u00e4ttarbetad supportsvarv, l\u00e4mplig f\u00f6r reparations-, underh\u00e5lls- och utbildnings\u00e4ndam\u00e5l. Maskinen \u00e4r som standard uppbyggd p\u00e5 en h\u00e4rdad och slipad b\u00e4dd med gap, golvstativ, spindelbroms med fotkontroll, h\u00e4rdade och slipade drev i v\u00e4xell\u00e5dan, nortonl\u00e5da f\u00f6r mm\/tum.<br \/>\nLevereras komplett med 1-hastighetsmotor med elektrisk broms, chuckskydd med mikrobrytare, arbetsbelysning halogen, bakre st\u00e4nkskydd, chuck, utdragbar sp\u00e5npanna, komplett kylv\u00e4tskeutrustning, 3-backschuck \u00d8 160 mm med 2&#215;3 backar, 4-backchuck \u00d8 200 mm, planskiva \u00d8 300 mm, insatshylsa, fasta dubbar, snabbv\u00e4xelf\u00e4ste med sidoh\u00e5llare f\u00f6r in- och utv\u00e4ndig svarvning, g\u00e4ngklocka, fast och medl\u00f6pande st\u00f6ddocka, v\u00e4xeldrev och verktygssats. Belysning 24 V. Svetsat stativ.<br \/>\nElsk\u00e5pet \u00e4r demonterbart med 1500 mm kabel d\u00e5 maskinen \u00f6nskas placeras mot v\u00e4gg.<\/p>\n","protected":false},"excerpt":{"rendered":"En smidig, modern och l\u00e4ttarbetad supportsvarv, l\u00e4mplig f\u00f6r reparations-, underh\u00e5lls- och utbildnings\u00e4ndam\u00e5l. Maskinen \u00e4r som standard uppbyggd p\u00e5 en h\u00e4rdad och slipad b\u00e4dd med gap, golvstativ, spindelbroms med fotkontroll, h\u00e4rdade och slipade drev i v\u00e4xell\u00e5dan, nortonl\u00e5da f\u00f6r mm\/tum. Levereras komplett med 1-hastighetsmotor med elektrisk broms, chuckskydd med mikrobrytare, arbetsbelysning halogen, bakre st\u00e4nkskydd, chuck, utdragbar sp\u00e5npanna,&#8230; <a class=\"view-article\" href=\"https:\/\/lunatools.com\/sv\/product\/svarv-ml1440-440-3-60hz\/\">View Article<\/a>","protected":false},"featured_media":0,"template":"","meta":{"_acf_changed":false},"product_cat":[15],"product_tag":[],"class_list":{"0":"post-2326","1":"product","2":"type-product","3":"status-publish","5":"product_cat-uncategorized","7":"first","8":"instock","9":"shipping-taxable","10":"product-type-simple"},"acf":[],"yoast_head":"<!-- This site is optimized with the Yoast SEO plugin v23.4 - https:\/\/yoast.com\/wordpress\/plugins\/seo\/ -->\n<title>SVARV ML1440 440-3 60HZ - Luna tools<\/title>\n<meta name=\"robots\" content=\"index, follow, max-snippet:-1, max-image-preview:large, max-video-preview:-1\" \/>\n<link rel=\"canonical\" href=\"https:\/\/lunatools.com\/sv\/product\/svarv-ml1440-440-3-60hz\/\" \/>\n<meta property=\"og:locale\" content=\"sv_SE\" \/>\n<meta property=\"og:type\" content=\"article\" \/>\n<meta property=\"og:title\" content=\"SVARV ML1440 440-3 60HZ - Luna tools\" \/>\n<meta property=\"og:description\" content=\"En smidig, modern och l\u00e4ttarbetad supportsvarv, l\u00e4mplig f\u00f6r reparations-, underh\u00e5lls- och utbildnings\u00e4ndam\u00e5l. Maskinen \u00e4r som standard uppbyggd p\u00e5 en h\u00e4rdad och slipad b\u00e4dd med gap, golvstativ, spindelbroms med fotkontroll, h\u00e4rdade och slipade drev i v\u00e4xell\u00e5dan, nortonl\u00e5da f\u00f6r mm\/tum. Levereras komplett med 1-hastighetsmotor med elektrisk broms, chuckskydd med mikrobrytare, arbetsbelysning halogen, bakre st\u00e4nkskydd, chuck, utdragbar sp\u00e5npanna,... View Article\" \/>\n<meta property=\"og:url\" content=\"https:\/\/lunatools.com\/sv\/product\/svarv-ml1440-440-3-60hz\/\" \/>\n<meta property=\"og:site_name\" content=\"Luna tools\" \/>\n<meta name=\"twitter:label1\" content=\"Ber\u00e4knad l\u00e4stid\" \/>\n\t<meta name=\"twitter:data1\" content=\"1 minut\" \/>\n<script type=\"application\/ld+json\" class=\"yoast-schema-graph\">{\"@context\":\"https:\/\/schema.org\",\"@graph\":[{\"@type\":\"WebPage\",\"@id\":\"https:\/\/lunatools.com\/sv\/product\/svarv-ml1440-440-3-60hz\/\",\"url\":\"https:\/\/lunatools.com\/sv\/product\/svarv-ml1440-440-3-60hz\/\",\"name\":\"SVARV ML1440 440-3 60HZ - Luna tools\",\"isPartOf\":{\"@id\":\"https:\/\/lunatools.com\/sv\/#website\"},\"datePublished\":\"2019-03-07T12:17:48+00:00\",\"dateModified\":\"2019-03-07T12:17:48+00:00\",\"breadcrumb\":{\"@id\":\"https:\/\/lunatools.com\/sv\/product\/svarv-ml1440-440-3-60hz\/#breadcrumb\"},\"inLanguage\":\"sv-SE\",\"potentialAction\":[{\"@type\":\"ReadAction\",\"target\":[\"https:\/\/lunatools.com\/sv\/product\/svarv-ml1440-440-3-60hz\/\"]}]},{\"@type\":\"BreadcrumbList\",\"@id\":\"https:\/\/lunatools.com\/sv\/product\/svarv-ml1440-440-3-60hz\/#breadcrumb\",\"itemListElement\":[{\"@type\":\"ListItem\",\"position\":1,\"name\":\"Home\",\"item\":\"https:\/\/lunatools.com\/sv\/\"},{\"@type\":\"ListItem\",\"position\":2,\"name\":\"Produkty\",\"item\":\"https:\/\/lunatools.com\/pl\/shop\/\"},{\"@type\":\"ListItem\",\"position\":3,\"name\":\"SVARV ML1440 440-3 60HZ\"}]},{\"@type\":\"WebSite\",\"@id\":\"https:\/\/lunatools.com\/sv\/#website\",\"url\":\"https:\/\/lunatools.com\/sv\/\",\"name\":\"Luna tools\",\"description\":\"\",\"publisher\":{\"@id\":\"https:\/\/lunatools.com\/sv\/#organization\"},\"potentialAction\":[{\"@type\":\"SearchAction\",\"target\":{\"@type\":\"EntryPoint\",\"urlTemplate\":\"https:\/\/lunatools.com\/sv\/?s={search_term_string}\"},\"query-input\":{\"@type\":\"PropertyValueSpecification\",\"valueRequired\":true,\"valueName\":\"search_term_string\"}}],\"inLanguage\":\"sv-SE\"},{\"@type\":\"Organization\",\"@id\":\"https:\/\/lunatools.com\/sv\/#organization\",\"name\":\"Luna Tools\",\"url\":\"https:\/\/lunatools.com\/sv\/\",\"logo\":{\"@type\":\"ImageObject\",\"inLanguage\":\"sv-SE\",\"@id\":\"https:\/\/lunatools.com\/sv\/#\/schema\/logo\/image\/\",\"url\":\"https:\/\/lunatools.com\/wp-content\/uploads\/2019\/10\/LunaTools-gray-logo.png\",\"contentUrl\":\"https:\/\/lunatools.com\/wp-content\/uploads\/2019\/10\/LunaTools-gray-logo.png\",\"width\":795,\"height\":309,\"caption\":\"Luna Tools\"},\"image\":{\"@id\":\"https:\/\/lunatools.com\/sv\/#\/schema\/logo\/image\/\"}}]}<\/script>\n<!-- \/ Yoast SEO plugin. -->","yoast_head_json":{"title":"SVARV ML1440 440-3 60HZ - Luna tools","robots":{"index":"index","follow":"follow","max-snippet":"max-snippet:-1","max-image-preview":"max-image-preview:large","max-video-preview":"max-video-preview:-1"},"canonical":"https:\/\/lunatools.com\/sv\/product\/svarv-ml1440-440-3-60hz\/","og_locale":"sv_SE","og_type":"article","og_title":"SVARV ML1440 440-3 60HZ - Luna tools","og_description":"En smidig, modern och l\u00e4ttarbetad supportsvarv, l\u00e4mplig f\u00f6r reparations-, underh\u00e5lls- och utbildnings\u00e4ndam\u00e5l. Maskinen \u00e4r som standard uppbyggd p\u00e5 en h\u00e4rdad och slipad b\u00e4dd med gap, golvstativ, spindelbroms med fotkontroll, h\u00e4rdade och slipade drev i v\u00e4xell\u00e5dan, nortonl\u00e5da f\u00f6r mm\/tum. Levereras komplett med 1-hastighetsmotor med elektrisk broms, chuckskydd med mikrobrytare, arbetsbelysning halogen, bakre st\u00e4nkskydd, chuck, utdragbar sp\u00e5npanna,... View Article","og_url":"https:\/\/lunatools.com\/sv\/product\/svarv-ml1440-440-3-60hz\/","og_site_name":"Luna tools","twitter_misc":{"Ber\u00e4knad l\u00e4stid":"1 minut"},"schema":{"@context":"https:\/\/schema.org","@graph":[{"@type":"WebPage","@id":"https:\/\/lunatools.com\/sv\/product\/svarv-ml1440-440-3-60hz\/","url":"https:\/\/lunatools.com\/sv\/product\/svarv-ml1440-440-3-60hz\/","name":"SVARV ML1440 440-3 60HZ - Luna tools","isPartOf":{"@id":"https:\/\/lunatools.com\/sv\/#website"},"datePublished":"2019-03-07T12:17:48+00:00","dateModified":"2019-03-07T12:17:48+00:00","breadcrumb":{"@id":"https:\/\/lunatools.com\/sv\/product\/svarv-ml1440-440-3-60hz\/#breadcrumb"},"inLanguage":"sv-SE","potentialAction":[{"@type":"ReadAction","target":["https:\/\/lunatools.com\/sv\/product\/svarv-ml1440-440-3-60hz\/"]}]},{"@type":"BreadcrumbList","@id":"https:\/\/lunatools.com\/sv\/product\/svarv-ml1440-440-3-60hz\/#breadcrumb","itemListElement":[{"@type":"ListItem","position":1,"name":"Home","item":"https:\/\/lunatools.com\/sv\/"},{"@type":"ListItem","position":2,"name":"Produkty","item":"https:\/\/lunatools.com\/pl\/shop\/"},{"@type":"ListItem","position":3,"name":"SVARV ML1440 440-3 60HZ"}]},{"@type":"WebSite","@id":"https:\/\/lunatools.com\/sv\/#website","url":"https:\/\/lunatools.com\/sv\/","name":"Luna tools","description":"","publisher":{"@id":"https:\/\/lunatools.com\/sv\/#organization"},"potentialAction":[{"@type":"SearchAction","target":{"@type":"EntryPoint","urlTemplate":"https:\/\/lunatools.com\/sv\/?s={search_term_string}"},"query-input":{"@type":"PropertyValueSpecification","valueRequired":true,"valueName":"search_term_string"}}],"inLanguage":"sv-SE"},{"@type":"Organization","@id":"https:\/\/lunatools.com\/sv\/#organization","name":"Luna Tools","url":"https:\/\/lunatools.com\/sv\/","logo":{"@type":"ImageObject","inLanguage":"sv-SE","@id":"https:\/\/lunatools.com\/sv\/#\/schema\/logo\/image\/","url":"https:\/\/lunatools.com\/wp-content\/uploads\/2019\/10\/LunaTools-gray-logo.png","contentUrl":"https:\/\/lunatools.com\/wp-content\/uploads\/2019\/10\/LunaTools-gray-logo.png","width":795,"height":309,"caption":"Luna Tools"},"image":{"@id":"https:\/\/lunatools.com\/sv\/#\/schema\/logo\/image\/"}}]}},"_links":{"self":[{"href":"https:\/\/lunatools.com\/sv\/wp-json\/wp\/v2\/product\/2326"}],"collection":[{"href":"https:\/\/lunatools.com\/sv\/wp-json\/wp\/v2\/product"}],"about":[{"href":"https:\/\/lunatools.com\/sv\/wp-json\/wp\/v2\/types\/product"}],"wp:attachment":[{"href":"https:\/\/lunatools.com\/sv\/wp-json\/wp\/v2\/media?parent=2326"}],"wp:term":[{"taxonomy":"product_cat","embeddable":true,"href":"https:\/\/lunatools.com\/sv\/wp-json\/wp\/v2\/product_cat?post=2326"},{"taxonomy":"product_tag","embeddable":true,"href":"https:\/\/lunatools.com\/sv\/wp-json\/wp\/v2\/product_tag?post=2326"}],"curies":[{"name":"wp","href":"https:\/\/api.w.org\/{rel}","templated":true}]}}