{"id":2529,"date":"2020-10-08T00:07:44","date_gmt":"2020-10-08T00:07:44","guid":{"rendered":"https:\/\/lunatools.com\/product\/profil-k-profil-fras-185-22mm\/"},"modified":"2020-10-08T00:07:44","modified_gmt":"2020-10-08T00:07:44","slug":"profil-k-profil-fras-185-22mm","status":"publish","type":"product","link":"https:\/\/lunatools.com\/sv\/product\/profil-k-profil-fras-185-22mm\/","title":{"rendered":"PROFIL-K.PROFIL FR\u00c4S 18,5-22MM"},"content":{"rendered":"<p>Med h\u00e5rdmetallsk\u00e4r. F\u00f6r luck- och d\u00f6rrfr\u00e4sning. Genom verktygets konstruktion beh\u00f6ver man ej anv\u00e4nda mellanl\u00e4ggsringar. Verktyget sk\u00e4r hela profilen. Detta inneb\u00e4r att tappl\u00e4ngd och sp\u00e5rdjup alltid \u00e4r korrekta utan efterjustering. Fr\u00e4sspindeln beh\u00f6ver ej h\u00f6jdjusteras vid fr\u00e4sning av tappstycket respektive l\u00e4ngdstycket. Dessa m\u00e5tt finns inbyggda i verktyget.<\/p>\n","protected":false},"excerpt":{"rendered":"Med h\u00e5rdmetallsk\u00e4r. F\u00f6r luck- och d\u00f6rrfr\u00e4sning. Genom verktygets konstruktion beh\u00f6ver man ej anv\u00e4nda mellanl\u00e4ggsringar. Verktyget sk\u00e4r hela profilen. Detta inneb\u00e4r att tappl\u00e4ngd och sp\u00e5rdjup alltid \u00e4r korrekta utan efterjustering. Fr\u00e4sspindeln beh\u00f6ver ej h\u00f6jdjusteras vid fr\u00e4sning av tappstycket respektive l\u00e4ngdstycket. Dessa m\u00e5tt finns inbyggda i verktyget.","protected":false},"featured_media":0,"template":"","meta":{"_acf_changed":false},"product_cat":[391,412],"product_tag":[],"class_list":{"0":"post-2529","1":"product","2":"type-product","3":"status-publish","5":"product_cat-frasverktyg-och-hyvelstal-sv","6":"product_cat-kontraprofilfrassatser-sv","8":"first","9":"instock","10":"shipping-taxable","11":"product-type-simple"},"acf":[],"yoast_head":"<!-- This site is optimized with the Yoast SEO plugin v23.4 - https:\/\/yoast.com\/wordpress\/plugins\/seo\/ -->\n<title>PROFIL-K.PROFIL FR\u00c4S 18,5-22MM - Luna tools<\/title>\n<meta name=\"robots\" content=\"index, follow, max-snippet:-1, max-image-preview:large, max-video-preview:-1\" \/>\n<link rel=\"canonical\" href=\"https:\/\/lunatools.com\/sv\/product\/profil-k-profil-fras-185-22mm\/\" \/>\n<meta property=\"og:locale\" content=\"sv_SE\" \/>\n<meta property=\"og:type\" content=\"article\" \/>\n<meta property=\"og:title\" content=\"PROFIL-K.PROFIL FR\u00c4S 18,5-22MM - Luna tools\" \/>\n<meta property=\"og:description\" content=\"Med h\u00e5rdmetallsk\u00e4r. F\u00f6r luck- och d\u00f6rrfr\u00e4sning. Genom verktygets konstruktion beh\u00f6ver man ej anv\u00e4nda mellanl\u00e4ggsringar. Verktyget sk\u00e4r hela profilen. Detta inneb\u00e4r att tappl\u00e4ngd och sp\u00e5rdjup alltid \u00e4r korrekta utan efterjustering. Fr\u00e4sspindeln beh\u00f6ver ej h\u00f6jdjusteras vid fr\u00e4sning av tappstycket respektive l\u00e4ngdstycket. Dessa m\u00e5tt finns inbyggda i verktyget.\" \/>\n<meta property=\"og:url\" content=\"https:\/\/lunatools.com\/sv\/product\/profil-k-profil-fras-185-22mm\/\" \/>\n<meta property=\"og:site_name\" content=\"Luna tools\" \/>\n<script type=\"application\/ld+json\" class=\"yoast-schema-graph\">{\"@context\":\"https:\/\/schema.org\",\"@graph\":[{\"@type\":\"WebPage\",\"@id\":\"https:\/\/lunatools.com\/sv\/product\/profil-k-profil-fras-185-22mm\/\",\"url\":\"https:\/\/lunatools.com\/sv\/product\/profil-k-profil-fras-185-22mm\/\",\"name\":\"PROFIL-K.PROFIL FR\u00c4S 18,5-22MM - Luna tools\",\"isPartOf\":{\"@id\":\"https:\/\/lunatools.com\/sv\/#website\"},\"datePublished\":\"2020-10-08T00:07:44+00:00\",\"dateModified\":\"2020-10-08T00:07:44+00:00\",\"breadcrumb\":{\"@id\":\"https:\/\/lunatools.com\/sv\/product\/profil-k-profil-fras-185-22mm\/#breadcrumb\"},\"inLanguage\":\"sv-SE\",\"potentialAction\":[{\"@type\":\"ReadAction\",\"target\":[\"https:\/\/lunatools.com\/sv\/product\/profil-k-profil-fras-185-22mm\/\"]}]},{\"@type\":\"BreadcrumbList\",\"@id\":\"https:\/\/lunatools.com\/sv\/product\/profil-k-profil-fras-185-22mm\/#breadcrumb\",\"itemListElement\":[{\"@type\":\"ListItem\",\"position\":1,\"name\":\"Home\",\"item\":\"https:\/\/lunatools.com\/sv\/\"},{\"@type\":\"ListItem\",\"position\":2,\"name\":\"Produkty\",\"item\":\"https:\/\/lunatools.com\/pl\/shop\/\"},{\"@type\":\"ListItem\",\"position\":3,\"name\":\"PROFIL-K.PROFIL FR\u00c4S 18,5-22MM\"}]},{\"@type\":\"WebSite\",\"@id\":\"https:\/\/lunatools.com\/sv\/#website\",\"url\":\"https:\/\/lunatools.com\/sv\/\",\"name\":\"Luna tools\",\"description\":\"\",\"publisher\":{\"@id\":\"https:\/\/lunatools.com\/sv\/#organization\"},\"potentialAction\":[{\"@type\":\"SearchAction\",\"target\":{\"@type\":\"EntryPoint\",\"urlTemplate\":\"https:\/\/lunatools.com\/sv\/?s={search_term_string}\"},\"query-input\":{\"@type\":\"PropertyValueSpecification\",\"valueRequired\":true,\"valueName\":\"search_term_string\"}}],\"inLanguage\":\"sv-SE\"},{\"@type\":\"Organization\",\"@id\":\"https:\/\/lunatools.com\/sv\/#organization\",\"name\":\"Luna Tools\",\"url\":\"https:\/\/lunatools.com\/sv\/\",\"logo\":{\"@type\":\"ImageObject\",\"inLanguage\":\"sv-SE\",\"@id\":\"https:\/\/lunatools.com\/sv\/#\/schema\/logo\/image\/\",\"url\":\"https:\/\/lunatools.com\/wp-content\/uploads\/2019\/10\/LunaTools-gray-logo.png\",\"contentUrl\":\"https:\/\/lunatools.com\/wp-content\/uploads\/2019\/10\/LunaTools-gray-logo.png\",\"width\":795,\"height\":309,\"caption\":\"Luna Tools\"},\"image\":{\"@id\":\"https:\/\/lunatools.com\/sv\/#\/schema\/logo\/image\/\"}}]}<\/script>\n<!-- \/ Yoast SEO plugin. -->","yoast_head_json":{"title":"PROFIL-K.PROFIL FR\u00c4S 18,5-22MM - Luna tools","robots":{"index":"index","follow":"follow","max-snippet":"max-snippet:-1","max-image-preview":"max-image-preview:large","max-video-preview":"max-video-preview:-1"},"canonical":"https:\/\/lunatools.com\/sv\/product\/profil-k-profil-fras-185-22mm\/","og_locale":"sv_SE","og_type":"article","og_title":"PROFIL-K.PROFIL FR\u00c4S 18,5-22MM - Luna tools","og_description":"Med h\u00e5rdmetallsk\u00e4r. F\u00f6r luck- och d\u00f6rrfr\u00e4sning. Genom verktygets konstruktion beh\u00f6ver man ej anv\u00e4nda mellanl\u00e4ggsringar. Verktyget sk\u00e4r hela profilen. Detta inneb\u00e4r att tappl\u00e4ngd och sp\u00e5rdjup alltid \u00e4r korrekta utan efterjustering. Fr\u00e4sspindeln beh\u00f6ver ej h\u00f6jdjusteras vid fr\u00e4sning av tappstycket respektive l\u00e4ngdstycket. Dessa m\u00e5tt finns inbyggda i verktyget.","og_url":"https:\/\/lunatools.com\/sv\/product\/profil-k-profil-fras-185-22mm\/","og_site_name":"Luna tools","schema":{"@context":"https:\/\/schema.org","@graph":[{"@type":"WebPage","@id":"https:\/\/lunatools.com\/sv\/product\/profil-k-profil-fras-185-22mm\/","url":"https:\/\/lunatools.com\/sv\/product\/profil-k-profil-fras-185-22mm\/","name":"PROFIL-K.PROFIL FR\u00c4S 18,5-22MM - Luna tools","isPartOf":{"@id":"https:\/\/lunatools.com\/sv\/#website"},"datePublished":"2020-10-08T00:07:44+00:00","dateModified":"2020-10-08T00:07:44+00:00","breadcrumb":{"@id":"https:\/\/lunatools.com\/sv\/product\/profil-k-profil-fras-185-22mm\/#breadcrumb"},"inLanguage":"sv-SE","potentialAction":[{"@type":"ReadAction","target":["https:\/\/lunatools.com\/sv\/product\/profil-k-profil-fras-185-22mm\/"]}]},{"@type":"BreadcrumbList","@id":"https:\/\/lunatools.com\/sv\/product\/profil-k-profil-fras-185-22mm\/#breadcrumb","itemListElement":[{"@type":"ListItem","position":1,"name":"Home","item":"https:\/\/lunatools.com\/sv\/"},{"@type":"ListItem","position":2,"name":"Produkty","item":"https:\/\/lunatools.com\/pl\/shop\/"},{"@type":"ListItem","position":3,"name":"PROFIL-K.PROFIL FR\u00c4S 18,5-22MM"}]},{"@type":"WebSite","@id":"https:\/\/lunatools.com\/sv\/#website","url":"https:\/\/lunatools.com\/sv\/","name":"Luna tools","description":"","publisher":{"@id":"https:\/\/lunatools.com\/sv\/#organization"},"potentialAction":[{"@type":"SearchAction","target":{"@type":"EntryPoint","urlTemplate":"https:\/\/lunatools.com\/sv\/?s={search_term_string}"},"query-input":{"@type":"PropertyValueSpecification","valueRequired":true,"valueName":"search_term_string"}}],"inLanguage":"sv-SE"},{"@type":"Organization","@id":"https:\/\/lunatools.com\/sv\/#organization","name":"Luna Tools","url":"https:\/\/lunatools.com\/sv\/","logo":{"@type":"ImageObject","inLanguage":"sv-SE","@id":"https:\/\/lunatools.com\/sv\/#\/schema\/logo\/image\/","url":"https:\/\/lunatools.com\/wp-content\/uploads\/2019\/10\/LunaTools-gray-logo.png","contentUrl":"https:\/\/lunatools.com\/wp-content\/uploads\/2019\/10\/LunaTools-gray-logo.png","width":795,"height":309,"caption":"Luna Tools"},"image":{"@id":"https:\/\/lunatools.com\/sv\/#\/schema\/logo\/image\/"}}]}},"_links":{"self":[{"href":"https:\/\/lunatools.com\/sv\/wp-json\/wp\/v2\/product\/2529"}],"collection":[{"href":"https:\/\/lunatools.com\/sv\/wp-json\/wp\/v2\/product"}],"about":[{"href":"https:\/\/lunatools.com\/sv\/wp-json\/wp\/v2\/types\/product"}],"wp:attachment":[{"href":"https:\/\/lunatools.com\/sv\/wp-json\/wp\/v2\/media?parent=2529"}],"wp:term":[{"taxonomy":"product_cat","embeddable":true,"href":"https:\/\/lunatools.com\/sv\/wp-json\/wp\/v2\/product_cat?post=2529"},{"taxonomy":"product_tag","embeddable":true,"href":"https:\/\/lunatools.com\/sv\/wp-json\/wp\/v2\/product_tag?post=2529"}],"curies":[{"name":"wp","href":"https:\/\/api.w.org\/{rel}","templated":true}]}}