{"id":2637,"date":"2020-11-03T09:58:58","date_gmt":"2020-11-03T09:58:58","guid":{"rendered":"https:\/\/lunatools.com\/product\/sagklinga-hm-l-255x30-z60\/"},"modified":"2020-11-03T09:58:58","modified_gmt":"2020-11-03T09:58:58","slug":"sagklinga-hm-l-255x30-z60","status":"publish","type":"product","link":"https:\/\/lunatools.com\/sv\/product\/sagklinga-hm-l-255x30-z60\/","title":{"rendered":"S\u00c5GKLINGA HM L 255X30 Z60"},"content":{"rendered":"<p>Cirkels\u00e5gblad Laser. S\u00e5gklingor f\u00f6r yrkesm\u00e4ssig anv\u00e4ndning med ljudd\u00e4mpande lasersp\u00e5r i stambladet. Finns f\u00f6r de flesta p\u00e5 marknaden f\u00f6rekommande handcirkels\u00e5gar.<\/p>\n","protected":false},"excerpt":{"rendered":"Cirkels\u00e5gblad Laser. S\u00e5gklingor f\u00f6r yrkesm\u00e4ssig anv\u00e4ndning med ljudd\u00e4mpande lasersp\u00e5r i stambladet. Finns f\u00f6r de flesta p\u00e5 marknaden f\u00f6rekommande handcirkels\u00e5gar.","protected":false},"featured_media":0,"template":"","meta":{"_acf_changed":false},"product_cat":[452],"product_tag":[],"class_list":{"0":"post-2637","1":"product","2":"type-product","3":"status-publish","5":"product_cat-stamhylsor-med-borr-sv","7":"first","8":"instock","9":"shipping-taxable","10":"product-type-simple"},"acf":[],"yoast_head":"<!-- This site is optimized with the Yoast SEO plugin v23.4 - https:\/\/yoast.com\/wordpress\/plugins\/seo\/ -->\n<title>S\u00c5GKLINGA HM L 255X30 Z60 - Luna tools<\/title>\n<meta name=\"robots\" content=\"index, follow, max-snippet:-1, max-image-preview:large, max-video-preview:-1\" \/>\n<link rel=\"canonical\" href=\"https:\/\/lunatools.com\/sv\/product\/sagklinga-hm-l-255x30-z60\/\" \/>\n<meta property=\"og:locale\" content=\"sv_SE\" \/>\n<meta property=\"og:type\" content=\"article\" \/>\n<meta property=\"og:title\" content=\"S\u00c5GKLINGA HM L 255X30 Z60 - Luna tools\" \/>\n<meta property=\"og:description\" content=\"Cirkels\u00e5gblad Laser. S\u00e5gklingor f\u00f6r yrkesm\u00e4ssig anv\u00e4ndning med ljudd\u00e4mpande lasersp\u00e5r i stambladet. Finns f\u00f6r de flesta p\u00e5 marknaden f\u00f6rekommande handcirkels\u00e5gar.\" \/>\n<meta property=\"og:url\" content=\"https:\/\/lunatools.com\/sv\/product\/sagklinga-hm-l-255x30-z60\/\" \/>\n<meta property=\"og:site_name\" content=\"Luna tools\" \/>\n<script type=\"application\/ld+json\" class=\"yoast-schema-graph\">{\"@context\":\"https:\/\/schema.org\",\"@graph\":[{\"@type\":\"WebPage\",\"@id\":\"https:\/\/lunatools.com\/sv\/product\/sagklinga-hm-l-255x30-z60\/\",\"url\":\"https:\/\/lunatools.com\/sv\/product\/sagklinga-hm-l-255x30-z60\/\",\"name\":\"S\u00c5GKLINGA HM L 255X30 Z60 - Luna tools\",\"isPartOf\":{\"@id\":\"https:\/\/lunatools.com\/sv\/#website\"},\"datePublished\":\"2020-11-03T09:58:58+00:00\",\"dateModified\":\"2020-11-03T09:58:58+00:00\",\"breadcrumb\":{\"@id\":\"https:\/\/lunatools.com\/sv\/product\/sagklinga-hm-l-255x30-z60\/#breadcrumb\"},\"inLanguage\":\"sv-SE\",\"potentialAction\":[{\"@type\":\"ReadAction\",\"target\":[\"https:\/\/lunatools.com\/sv\/product\/sagklinga-hm-l-255x30-z60\/\"]}]},{\"@type\":\"BreadcrumbList\",\"@id\":\"https:\/\/lunatools.com\/sv\/product\/sagklinga-hm-l-255x30-z60\/#breadcrumb\",\"itemListElement\":[{\"@type\":\"ListItem\",\"position\":1,\"name\":\"Home\",\"item\":\"https:\/\/lunatools.com\/sv\/\"},{\"@type\":\"ListItem\",\"position\":2,\"name\":\"Produkty\",\"item\":\"https:\/\/lunatools.com\/pl\/shop\/\"},{\"@type\":\"ListItem\",\"position\":3,\"name\":\"S\u00c5GKLINGA HM L 255X30 Z60\"}]},{\"@type\":\"WebSite\",\"@id\":\"https:\/\/lunatools.com\/sv\/#website\",\"url\":\"https:\/\/lunatools.com\/sv\/\",\"name\":\"Luna tools\",\"description\":\"\",\"publisher\":{\"@id\":\"https:\/\/lunatools.com\/sv\/#organization\"},\"potentialAction\":[{\"@type\":\"SearchAction\",\"target\":{\"@type\":\"EntryPoint\",\"urlTemplate\":\"https:\/\/lunatools.com\/sv\/?s={search_term_string}\"},\"query-input\":{\"@type\":\"PropertyValueSpecification\",\"valueRequired\":true,\"valueName\":\"search_term_string\"}}],\"inLanguage\":\"sv-SE\"},{\"@type\":\"Organization\",\"@id\":\"https:\/\/lunatools.com\/sv\/#organization\",\"name\":\"Luna Tools\",\"url\":\"https:\/\/lunatools.com\/sv\/\",\"logo\":{\"@type\":\"ImageObject\",\"inLanguage\":\"sv-SE\",\"@id\":\"https:\/\/lunatools.com\/sv\/#\/schema\/logo\/image\/\",\"url\":\"https:\/\/lunatools.com\/wp-content\/uploads\/2019\/10\/LunaTools-gray-logo.png\",\"contentUrl\":\"https:\/\/lunatools.com\/wp-content\/uploads\/2019\/10\/LunaTools-gray-logo.png\",\"width\":795,\"height\":309,\"caption\":\"Luna Tools\"},\"image\":{\"@id\":\"https:\/\/lunatools.com\/sv\/#\/schema\/logo\/image\/\"}}]}<\/script>\n<!-- \/ Yoast SEO plugin. -->","yoast_head_json":{"title":"S\u00c5GKLINGA HM L 255X30 Z60 - Luna tools","robots":{"index":"index","follow":"follow","max-snippet":"max-snippet:-1","max-image-preview":"max-image-preview:large","max-video-preview":"max-video-preview:-1"},"canonical":"https:\/\/lunatools.com\/sv\/product\/sagklinga-hm-l-255x30-z60\/","og_locale":"sv_SE","og_type":"article","og_title":"S\u00c5GKLINGA HM L 255X30 Z60 - Luna tools","og_description":"Cirkels\u00e5gblad Laser. S\u00e5gklingor f\u00f6r yrkesm\u00e4ssig anv\u00e4ndning med ljudd\u00e4mpande lasersp\u00e5r i stambladet. Finns f\u00f6r de flesta p\u00e5 marknaden f\u00f6rekommande handcirkels\u00e5gar.","og_url":"https:\/\/lunatools.com\/sv\/product\/sagklinga-hm-l-255x30-z60\/","og_site_name":"Luna tools","schema":{"@context":"https:\/\/schema.org","@graph":[{"@type":"WebPage","@id":"https:\/\/lunatools.com\/sv\/product\/sagklinga-hm-l-255x30-z60\/","url":"https:\/\/lunatools.com\/sv\/product\/sagklinga-hm-l-255x30-z60\/","name":"S\u00c5GKLINGA HM L 255X30 Z60 - Luna tools","isPartOf":{"@id":"https:\/\/lunatools.com\/sv\/#website"},"datePublished":"2020-11-03T09:58:58+00:00","dateModified":"2020-11-03T09:58:58+00:00","breadcrumb":{"@id":"https:\/\/lunatools.com\/sv\/product\/sagklinga-hm-l-255x30-z60\/#breadcrumb"},"inLanguage":"sv-SE","potentialAction":[{"@type":"ReadAction","target":["https:\/\/lunatools.com\/sv\/product\/sagklinga-hm-l-255x30-z60\/"]}]},{"@type":"BreadcrumbList","@id":"https:\/\/lunatools.com\/sv\/product\/sagklinga-hm-l-255x30-z60\/#breadcrumb","itemListElement":[{"@type":"ListItem","position":1,"name":"Home","item":"https:\/\/lunatools.com\/sv\/"},{"@type":"ListItem","position":2,"name":"Produkty","item":"https:\/\/lunatools.com\/pl\/shop\/"},{"@type":"ListItem","position":3,"name":"S\u00c5GKLINGA HM L 255X30 Z60"}]},{"@type":"WebSite","@id":"https:\/\/lunatools.com\/sv\/#website","url":"https:\/\/lunatools.com\/sv\/","name":"Luna tools","description":"","publisher":{"@id":"https:\/\/lunatools.com\/sv\/#organization"},"potentialAction":[{"@type":"SearchAction","target":{"@type":"EntryPoint","urlTemplate":"https:\/\/lunatools.com\/sv\/?s={search_term_string}"},"query-input":{"@type":"PropertyValueSpecification","valueRequired":true,"valueName":"search_term_string"}}],"inLanguage":"sv-SE"},{"@type":"Organization","@id":"https:\/\/lunatools.com\/sv\/#organization","name":"Luna Tools","url":"https:\/\/lunatools.com\/sv\/","logo":{"@type":"ImageObject","inLanguage":"sv-SE","@id":"https:\/\/lunatools.com\/sv\/#\/schema\/logo\/image\/","url":"https:\/\/lunatools.com\/wp-content\/uploads\/2019\/10\/LunaTools-gray-logo.png","contentUrl":"https:\/\/lunatools.com\/wp-content\/uploads\/2019\/10\/LunaTools-gray-logo.png","width":795,"height":309,"caption":"Luna Tools"},"image":{"@id":"https:\/\/lunatools.com\/sv\/#\/schema\/logo\/image\/"}}]}},"_links":{"self":[{"href":"https:\/\/lunatools.com\/sv\/wp-json\/wp\/v2\/product\/2637"}],"collection":[{"href":"https:\/\/lunatools.com\/sv\/wp-json\/wp\/v2\/product"}],"about":[{"href":"https:\/\/lunatools.com\/sv\/wp-json\/wp\/v2\/types\/product"}],"wp:attachment":[{"href":"https:\/\/lunatools.com\/sv\/wp-json\/wp\/v2\/media?parent=2637"}],"wp:term":[{"taxonomy":"product_cat","embeddable":true,"href":"https:\/\/lunatools.com\/sv\/wp-json\/wp\/v2\/product_cat?post=2637"},{"taxonomy":"product_tag","embeddable":true,"href":"https:\/\/lunatools.com\/sv\/wp-json\/wp\/v2\/product_tag?post=2637"}],"curies":[{"name":"wp","href":"https:\/\/api.w.org\/{rel}","templated":true}]}}