{"id":2738,"date":"2019-03-07T12:01:41","date_gmt":"2019-03-07T12:01:41","guid":{"rendered":"https:\/\/lunatools.com\/product\/bandsag-bbs-500-400v-3fas\/"},"modified":"2019-03-07T12:01:41","modified_gmt":"2019-03-07T12:01:41","slug":"bandsag-bbs-500-400v-3fas","status":"publish","type":"product","link":"https:\/\/lunatools.com\/sv\/product\/bandsag-bbs-500-400v-3fas\/","title":{"rendered":"BANDS\u00c5G BBS 500 400V 3FAS"},"content":{"rendered":"<p>Bands\u00e5gar av svetsad st\u00e5lkonstruktion och med tv\u00e5 hastigheter (BBS 600 har endast en hastighet). L\u00e4mplig f\u00f6r tr\u00e4 och plastmaterial. Balanserade gummibelagda bands\u00e5ghjul i gjutj\u00e4rn som l\u00f6per i dammt\u00e4ta kullager. Fj\u00e4derbelastat \u00f6vre hjul. Bord i gjutj\u00e4rn som \u00e4r lutbart och f\u00f6rsett med styrsp\u00e5r f\u00f6r geringslinjal.<br \/>\nModell 315 och 350 levereras med underst\u00e4ll medan modell 500 och 600 \u00e4r av typ golvmodell. Kapslingsklass IP 54. Levereras med geringslinjal.<br \/>\n20003-0104 levereras med s\u00e5gbladsbredd 9,5mm och TPI 3.<br \/>\n20004-0103 levereras med s\u00e5gbladsbredd 9,5mm och TPI 3.<br \/>\n20005-0102 levereras med s\u00e5gbladsbredd 12,7mm och TPI 3.<br \/>\n20006-0200 levereras med s\u00e5gbladsbredd 16mm och TPI 4.<\/p>\n","protected":false},"excerpt":{"rendered":"Bands\u00e5gar av svetsad st\u00e5lkonstruktion och med tv\u00e5 hastigheter (BBS 600 har endast en hastighet). L\u00e4mplig f\u00f6r tr\u00e4 och plastmaterial. Balanserade gummibelagda bands\u00e5ghjul i gjutj\u00e4rn som l\u00f6per i dammt\u00e4ta kullager. Fj\u00e4derbelastat \u00f6vre hjul. Bord i gjutj\u00e4rn som \u00e4r lutbart och f\u00f6rsett med styrsp\u00e5r f\u00f6r geringslinjal. Modell 315 och 350 levereras med underst\u00e4ll medan modell 500 och&#8230; <a class=\"view-article\" href=\"https:\/\/lunatools.com\/sv\/product\/bandsag-bbs-500-400v-3fas\/\">View Article<\/a>","protected":false},"featured_media":0,"template":"","meta":{"_acf_changed":false},"product_cat":[15],"product_tag":[],"class_list":{"0":"post-2738","1":"product","2":"type-product","3":"status-publish","5":"product_cat-uncategorized","7":"first","8":"instock","9":"shipping-taxable","10":"product-type-simple"},"acf":[],"yoast_head":"<!-- This site is optimized with the Yoast SEO plugin v23.4 - https:\/\/yoast.com\/wordpress\/plugins\/seo\/ -->\n<title>BANDS\u00c5G BBS 500 400V 3FAS - Luna tools<\/title>\n<meta name=\"robots\" content=\"index, follow, max-snippet:-1, max-image-preview:large, max-video-preview:-1\" \/>\n<link rel=\"canonical\" href=\"https:\/\/lunatools.com\/sv\/product\/bandsag-bbs-500-400v-3fas\/\" \/>\n<meta property=\"og:locale\" content=\"sv_SE\" \/>\n<meta property=\"og:type\" content=\"article\" \/>\n<meta property=\"og:title\" content=\"BANDS\u00c5G BBS 500 400V 3FAS - Luna tools\" \/>\n<meta property=\"og:description\" content=\"Bands\u00e5gar av svetsad st\u00e5lkonstruktion och med tv\u00e5 hastigheter (BBS 600 har endast en hastighet). L\u00e4mplig f\u00f6r tr\u00e4 och plastmaterial. Balanserade gummibelagda bands\u00e5ghjul i gjutj\u00e4rn som l\u00f6per i dammt\u00e4ta kullager. Fj\u00e4derbelastat \u00f6vre hjul. Bord i gjutj\u00e4rn som \u00e4r lutbart och f\u00f6rsett med styrsp\u00e5r f\u00f6r geringslinjal. Modell 315 och 350 levereras med underst\u00e4ll medan modell 500 och... View Article\" \/>\n<meta property=\"og:url\" content=\"https:\/\/lunatools.com\/sv\/product\/bandsag-bbs-500-400v-3fas\/\" \/>\n<meta property=\"og:site_name\" content=\"Luna tools\" \/>\n<meta name=\"twitter:label1\" content=\"Ber\u00e4knad l\u00e4stid\" \/>\n\t<meta name=\"twitter:data1\" content=\"1 minut\" \/>\n<script type=\"application\/ld+json\" class=\"yoast-schema-graph\">{\"@context\":\"https:\/\/schema.org\",\"@graph\":[{\"@type\":\"WebPage\",\"@id\":\"https:\/\/lunatools.com\/sv\/product\/bandsag-bbs-500-400v-3fas\/\",\"url\":\"https:\/\/lunatools.com\/sv\/product\/bandsag-bbs-500-400v-3fas\/\",\"name\":\"BANDS\u00c5G BBS 500 400V 3FAS - Luna tools\",\"isPartOf\":{\"@id\":\"https:\/\/lunatools.com\/sv\/#website\"},\"datePublished\":\"2019-03-07T12:01:41+00:00\",\"dateModified\":\"2019-03-07T12:01:41+00:00\",\"breadcrumb\":{\"@id\":\"https:\/\/lunatools.com\/sv\/product\/bandsag-bbs-500-400v-3fas\/#breadcrumb\"},\"inLanguage\":\"sv-SE\",\"potentialAction\":[{\"@type\":\"ReadAction\",\"target\":[\"https:\/\/lunatools.com\/sv\/product\/bandsag-bbs-500-400v-3fas\/\"]}]},{\"@type\":\"BreadcrumbList\",\"@id\":\"https:\/\/lunatools.com\/sv\/product\/bandsag-bbs-500-400v-3fas\/#breadcrumb\",\"itemListElement\":[{\"@type\":\"ListItem\",\"position\":1,\"name\":\"Home\",\"item\":\"https:\/\/lunatools.com\/sv\/\"},{\"@type\":\"ListItem\",\"position\":2,\"name\":\"Produkty\",\"item\":\"https:\/\/lunatools.com\/pl\/shop\/\"},{\"@type\":\"ListItem\",\"position\":3,\"name\":\"BANDS\u00c5G BBS 500 400V 3FAS\"}]},{\"@type\":\"WebSite\",\"@id\":\"https:\/\/lunatools.com\/sv\/#website\",\"url\":\"https:\/\/lunatools.com\/sv\/\",\"name\":\"Luna tools\",\"description\":\"\",\"publisher\":{\"@id\":\"https:\/\/lunatools.com\/sv\/#organization\"},\"potentialAction\":[{\"@type\":\"SearchAction\",\"target\":{\"@type\":\"EntryPoint\",\"urlTemplate\":\"https:\/\/lunatools.com\/sv\/?s={search_term_string}\"},\"query-input\":{\"@type\":\"PropertyValueSpecification\",\"valueRequired\":true,\"valueName\":\"search_term_string\"}}],\"inLanguage\":\"sv-SE\"},{\"@type\":\"Organization\",\"@id\":\"https:\/\/lunatools.com\/sv\/#organization\",\"name\":\"Luna Tools\",\"url\":\"https:\/\/lunatools.com\/sv\/\",\"logo\":{\"@type\":\"ImageObject\",\"inLanguage\":\"sv-SE\",\"@id\":\"https:\/\/lunatools.com\/sv\/#\/schema\/logo\/image\/\",\"url\":\"https:\/\/lunatools.com\/wp-content\/uploads\/2019\/10\/LunaTools-gray-logo.png\",\"contentUrl\":\"https:\/\/lunatools.com\/wp-content\/uploads\/2019\/10\/LunaTools-gray-logo.png\",\"width\":795,\"height\":309,\"caption\":\"Luna Tools\"},\"image\":{\"@id\":\"https:\/\/lunatools.com\/sv\/#\/schema\/logo\/image\/\"}}]}<\/script>\n<!-- \/ Yoast SEO plugin. -->","yoast_head_json":{"title":"BANDS\u00c5G BBS 500 400V 3FAS - Luna tools","robots":{"index":"index","follow":"follow","max-snippet":"max-snippet:-1","max-image-preview":"max-image-preview:large","max-video-preview":"max-video-preview:-1"},"canonical":"https:\/\/lunatools.com\/sv\/product\/bandsag-bbs-500-400v-3fas\/","og_locale":"sv_SE","og_type":"article","og_title":"BANDS\u00c5G BBS 500 400V 3FAS - Luna tools","og_description":"Bands\u00e5gar av svetsad st\u00e5lkonstruktion och med tv\u00e5 hastigheter (BBS 600 har endast en hastighet). L\u00e4mplig f\u00f6r tr\u00e4 och plastmaterial. Balanserade gummibelagda bands\u00e5ghjul i gjutj\u00e4rn som l\u00f6per i dammt\u00e4ta kullager. Fj\u00e4derbelastat \u00f6vre hjul. Bord i gjutj\u00e4rn som \u00e4r lutbart och f\u00f6rsett med styrsp\u00e5r f\u00f6r geringslinjal. Modell 315 och 350 levereras med underst\u00e4ll medan modell 500 och... View Article","og_url":"https:\/\/lunatools.com\/sv\/product\/bandsag-bbs-500-400v-3fas\/","og_site_name":"Luna tools","twitter_misc":{"Ber\u00e4knad l\u00e4stid":"1 minut"},"schema":{"@context":"https:\/\/schema.org","@graph":[{"@type":"WebPage","@id":"https:\/\/lunatools.com\/sv\/product\/bandsag-bbs-500-400v-3fas\/","url":"https:\/\/lunatools.com\/sv\/product\/bandsag-bbs-500-400v-3fas\/","name":"BANDS\u00c5G BBS 500 400V 3FAS - Luna tools","isPartOf":{"@id":"https:\/\/lunatools.com\/sv\/#website"},"datePublished":"2019-03-07T12:01:41+00:00","dateModified":"2019-03-07T12:01:41+00:00","breadcrumb":{"@id":"https:\/\/lunatools.com\/sv\/product\/bandsag-bbs-500-400v-3fas\/#breadcrumb"},"inLanguage":"sv-SE","potentialAction":[{"@type":"ReadAction","target":["https:\/\/lunatools.com\/sv\/product\/bandsag-bbs-500-400v-3fas\/"]}]},{"@type":"BreadcrumbList","@id":"https:\/\/lunatools.com\/sv\/product\/bandsag-bbs-500-400v-3fas\/#breadcrumb","itemListElement":[{"@type":"ListItem","position":1,"name":"Home","item":"https:\/\/lunatools.com\/sv\/"},{"@type":"ListItem","position":2,"name":"Produkty","item":"https:\/\/lunatools.com\/pl\/shop\/"},{"@type":"ListItem","position":3,"name":"BANDS\u00c5G BBS 500 400V 3FAS"}]},{"@type":"WebSite","@id":"https:\/\/lunatools.com\/sv\/#website","url":"https:\/\/lunatools.com\/sv\/","name":"Luna tools","description":"","publisher":{"@id":"https:\/\/lunatools.com\/sv\/#organization"},"potentialAction":[{"@type":"SearchAction","target":{"@type":"EntryPoint","urlTemplate":"https:\/\/lunatools.com\/sv\/?s={search_term_string}"},"query-input":{"@type":"PropertyValueSpecification","valueRequired":true,"valueName":"search_term_string"}}],"inLanguage":"sv-SE"},{"@type":"Organization","@id":"https:\/\/lunatools.com\/sv\/#organization","name":"Luna Tools","url":"https:\/\/lunatools.com\/sv\/","logo":{"@type":"ImageObject","inLanguage":"sv-SE","@id":"https:\/\/lunatools.com\/sv\/#\/schema\/logo\/image\/","url":"https:\/\/lunatools.com\/wp-content\/uploads\/2019\/10\/LunaTools-gray-logo.png","contentUrl":"https:\/\/lunatools.com\/wp-content\/uploads\/2019\/10\/LunaTools-gray-logo.png","width":795,"height":309,"caption":"Luna Tools"},"image":{"@id":"https:\/\/lunatools.com\/sv\/#\/schema\/logo\/image\/"}}]}},"_links":{"self":[{"href":"https:\/\/lunatools.com\/sv\/wp-json\/wp\/v2\/product\/2738"}],"collection":[{"href":"https:\/\/lunatools.com\/sv\/wp-json\/wp\/v2\/product"}],"about":[{"href":"https:\/\/lunatools.com\/sv\/wp-json\/wp\/v2\/types\/product"}],"wp:attachment":[{"href":"https:\/\/lunatools.com\/sv\/wp-json\/wp\/v2\/media?parent=2738"}],"wp:term":[{"taxonomy":"product_cat","embeddable":true,"href":"https:\/\/lunatools.com\/sv\/wp-json\/wp\/v2\/product_cat?post=2738"},{"taxonomy":"product_tag","embeddable":true,"href":"https:\/\/lunatools.com\/sv\/wp-json\/wp\/v2\/product_tag?post=2738"}],"curies":[{"name":"wp","href":"https:\/\/api.w.org\/{rel}","templated":true}]}}