{"id":3034,"date":"2019-03-07T12:13:15","date_gmt":"2019-03-07T12:13:15","guid":{"rendered":"https:\/\/lunatools.com\/product\/borr-frasmaskin-mdm-400-400-3\/"},"modified":"2019-03-07T12:13:15","modified_gmt":"2019-03-07T12:13:15","slug":"borr-frasmaskin-mdm-400-400-3","status":"publish","type":"product","link":"https:\/\/lunatools.com\/sv\/product\/borr-frasmaskin-mdm-400-400-3\/","title":{"rendered":"BORR\/FR\u00c4SMASKIN MDM-400 400-3"},"content":{"rendered":"<p>Kombinerad borr- och fr\u00e4smaskin med v\u00e4xell\u00e5da. L\u00e4mplig f\u00f6r bl.a.verktygs- och modellarbeten d\u00e5 borrning och fr\u00e4sning kan utf\u00f6ras i samma uppsp\u00e4nning. Borrspindeln \u00e4r utrustad med dels en snabbmatning, d\u00e4r matarspaken arbetar direkt mot kuggst\u00e5ng p\u00e5 spindelhylsan och dels med en finmatningsratt. Fastl\u00e5sning av verktygen sker via en dragst\u00e5ng.<br \/>\nAlla hastigheter baseras p\u00e5 50Hz.<br \/>\n20457-0204 har spindelkona ISO 30.<br \/>\nBorrhuvudet \u00e4r vridbart 0-45\u00b0 \u00e5t b\u00e5da h\u00e5llen.<br \/>\nLevereras med 2-hastighetsmotor och motorskydd med nollsp\u00e4nningsutl\u00f6sning.<br \/>\nLimit digital m\u00e4tutrustning montering pris p\u00e5 beg\u00e4ran.<\/p>\n","protected":false},"excerpt":{"rendered":"Kombinerad borr- och fr\u00e4smaskin med v\u00e4xell\u00e5da. L\u00e4mplig f\u00f6r bl.a.verktygs- och modellarbeten d\u00e5 borrning och fr\u00e4sning kan utf\u00f6ras i samma uppsp\u00e4nning. Borrspindeln \u00e4r utrustad med dels en snabbmatning, d\u00e4r matarspaken arbetar direkt mot kuggst\u00e5ng p\u00e5 spindelhylsan och dels med en finmatningsratt. Fastl\u00e5sning av verktygen sker via en dragst\u00e5ng. Alla hastigheter baseras p\u00e5 50Hz. 20457-0204 har spindelkona&#8230; <a class=\"view-article\" href=\"https:\/\/lunatools.com\/sv\/product\/borr-frasmaskin-mdm-400-400-3\/\">View Article<\/a>","protected":false},"featured_media":0,"template":"","meta":{"_acf_changed":false},"product_cat":[15],"product_tag":[],"class_list":{"0":"post-3034","1":"product","2":"type-product","3":"status-publish","5":"product_cat-uncategorized","7":"first","8":"instock","9":"shipping-taxable","10":"product-type-simple"},"acf":[],"yoast_head":"<!-- This site is optimized with the Yoast SEO plugin v23.4 - https:\/\/yoast.com\/wordpress\/plugins\/seo\/ -->\n<title>BORR\/FR\u00c4SMASKIN MDM-400 400-3 - Luna tools<\/title>\n<meta name=\"robots\" content=\"index, follow, max-snippet:-1, max-image-preview:large, max-video-preview:-1\" \/>\n<link rel=\"canonical\" href=\"https:\/\/lunatools.com\/sv\/product\/borr-frasmaskin-mdm-400-400-3\/\" \/>\n<meta property=\"og:locale\" content=\"sv_SE\" \/>\n<meta property=\"og:type\" content=\"article\" \/>\n<meta property=\"og:title\" content=\"BORR\/FR\u00c4SMASKIN MDM-400 400-3 - Luna tools\" \/>\n<meta property=\"og:description\" content=\"Kombinerad borr- och fr\u00e4smaskin med v\u00e4xell\u00e5da. L\u00e4mplig f\u00f6r bl.a.verktygs- och modellarbeten d\u00e5 borrning och fr\u00e4sning kan utf\u00f6ras i samma uppsp\u00e4nning. Borrspindeln \u00e4r utrustad med dels en snabbmatning, d\u00e4r matarspaken arbetar direkt mot kuggst\u00e5ng p\u00e5 spindelhylsan och dels med en finmatningsratt. Fastl\u00e5sning av verktygen sker via en dragst\u00e5ng. Alla hastigheter baseras p\u00e5 50Hz. 20457-0204 har spindelkona... View Article\" \/>\n<meta property=\"og:url\" content=\"https:\/\/lunatools.com\/sv\/product\/borr-frasmaskin-mdm-400-400-3\/\" \/>\n<meta property=\"og:site_name\" content=\"Luna tools\" \/>\n<script type=\"application\/ld+json\" class=\"yoast-schema-graph\">{\"@context\":\"https:\/\/schema.org\",\"@graph\":[{\"@type\":\"WebPage\",\"@id\":\"https:\/\/lunatools.com\/sv\/product\/borr-frasmaskin-mdm-400-400-3\/\",\"url\":\"https:\/\/lunatools.com\/sv\/product\/borr-frasmaskin-mdm-400-400-3\/\",\"name\":\"BORR\/FR\u00c4SMASKIN MDM-400 400-3 - Luna tools\",\"isPartOf\":{\"@id\":\"https:\/\/lunatools.com\/sv\/#website\"},\"datePublished\":\"2019-03-07T12:13:15+00:00\",\"dateModified\":\"2019-03-07T12:13:15+00:00\",\"breadcrumb\":{\"@id\":\"https:\/\/lunatools.com\/sv\/product\/borr-frasmaskin-mdm-400-400-3\/#breadcrumb\"},\"inLanguage\":\"sv-SE\",\"potentialAction\":[{\"@type\":\"ReadAction\",\"target\":[\"https:\/\/lunatools.com\/sv\/product\/borr-frasmaskin-mdm-400-400-3\/\"]}]},{\"@type\":\"BreadcrumbList\",\"@id\":\"https:\/\/lunatools.com\/sv\/product\/borr-frasmaskin-mdm-400-400-3\/#breadcrumb\",\"itemListElement\":[{\"@type\":\"ListItem\",\"position\":1,\"name\":\"Home\",\"item\":\"https:\/\/lunatools.com\/sv\/\"},{\"@type\":\"ListItem\",\"position\":2,\"name\":\"Produkty\",\"item\":\"https:\/\/lunatools.com\/pl\/shop\/\"},{\"@type\":\"ListItem\",\"position\":3,\"name\":\"BORR\/FR\u00c4SMASKIN MDM-400 400-3\"}]},{\"@type\":\"WebSite\",\"@id\":\"https:\/\/lunatools.com\/sv\/#website\",\"url\":\"https:\/\/lunatools.com\/sv\/\",\"name\":\"Luna tools\",\"description\":\"\",\"publisher\":{\"@id\":\"https:\/\/lunatools.com\/sv\/#organization\"},\"potentialAction\":[{\"@type\":\"SearchAction\",\"target\":{\"@type\":\"EntryPoint\",\"urlTemplate\":\"https:\/\/lunatools.com\/sv\/?s={search_term_string}\"},\"query-input\":{\"@type\":\"PropertyValueSpecification\",\"valueRequired\":true,\"valueName\":\"search_term_string\"}}],\"inLanguage\":\"sv-SE\"},{\"@type\":\"Organization\",\"@id\":\"https:\/\/lunatools.com\/sv\/#organization\",\"name\":\"Luna Tools\",\"url\":\"https:\/\/lunatools.com\/sv\/\",\"logo\":{\"@type\":\"ImageObject\",\"inLanguage\":\"sv-SE\",\"@id\":\"https:\/\/lunatools.com\/sv\/#\/schema\/logo\/image\/\",\"url\":\"https:\/\/lunatools.com\/wp-content\/uploads\/2019\/10\/LunaTools-gray-logo.png\",\"contentUrl\":\"https:\/\/lunatools.com\/wp-content\/uploads\/2019\/10\/LunaTools-gray-logo.png\",\"width\":795,\"height\":309,\"caption\":\"Luna Tools\"},\"image\":{\"@id\":\"https:\/\/lunatools.com\/sv\/#\/schema\/logo\/image\/\"}}]}<\/script>\n<!-- \/ Yoast SEO plugin. -->","yoast_head_json":{"title":"BORR\/FR\u00c4SMASKIN MDM-400 400-3 - Luna tools","robots":{"index":"index","follow":"follow","max-snippet":"max-snippet:-1","max-image-preview":"max-image-preview:large","max-video-preview":"max-video-preview:-1"},"canonical":"https:\/\/lunatools.com\/sv\/product\/borr-frasmaskin-mdm-400-400-3\/","og_locale":"sv_SE","og_type":"article","og_title":"BORR\/FR\u00c4SMASKIN MDM-400 400-3 - Luna tools","og_description":"Kombinerad borr- och fr\u00e4smaskin med v\u00e4xell\u00e5da. L\u00e4mplig f\u00f6r bl.a.verktygs- och modellarbeten d\u00e5 borrning och fr\u00e4sning kan utf\u00f6ras i samma uppsp\u00e4nning. Borrspindeln \u00e4r utrustad med dels en snabbmatning, d\u00e4r matarspaken arbetar direkt mot kuggst\u00e5ng p\u00e5 spindelhylsan och dels med en finmatningsratt. Fastl\u00e5sning av verktygen sker via en dragst\u00e5ng. Alla hastigheter baseras p\u00e5 50Hz. 20457-0204 har spindelkona... View Article","og_url":"https:\/\/lunatools.com\/sv\/product\/borr-frasmaskin-mdm-400-400-3\/","og_site_name":"Luna tools","schema":{"@context":"https:\/\/schema.org","@graph":[{"@type":"WebPage","@id":"https:\/\/lunatools.com\/sv\/product\/borr-frasmaskin-mdm-400-400-3\/","url":"https:\/\/lunatools.com\/sv\/product\/borr-frasmaskin-mdm-400-400-3\/","name":"BORR\/FR\u00c4SMASKIN MDM-400 400-3 - Luna tools","isPartOf":{"@id":"https:\/\/lunatools.com\/sv\/#website"},"datePublished":"2019-03-07T12:13:15+00:00","dateModified":"2019-03-07T12:13:15+00:00","breadcrumb":{"@id":"https:\/\/lunatools.com\/sv\/product\/borr-frasmaskin-mdm-400-400-3\/#breadcrumb"},"inLanguage":"sv-SE","potentialAction":[{"@type":"ReadAction","target":["https:\/\/lunatools.com\/sv\/product\/borr-frasmaskin-mdm-400-400-3\/"]}]},{"@type":"BreadcrumbList","@id":"https:\/\/lunatools.com\/sv\/product\/borr-frasmaskin-mdm-400-400-3\/#breadcrumb","itemListElement":[{"@type":"ListItem","position":1,"name":"Home","item":"https:\/\/lunatools.com\/sv\/"},{"@type":"ListItem","position":2,"name":"Produkty","item":"https:\/\/lunatools.com\/pl\/shop\/"},{"@type":"ListItem","position":3,"name":"BORR\/FR\u00c4SMASKIN MDM-400 400-3"}]},{"@type":"WebSite","@id":"https:\/\/lunatools.com\/sv\/#website","url":"https:\/\/lunatools.com\/sv\/","name":"Luna tools","description":"","publisher":{"@id":"https:\/\/lunatools.com\/sv\/#organization"},"potentialAction":[{"@type":"SearchAction","target":{"@type":"EntryPoint","urlTemplate":"https:\/\/lunatools.com\/sv\/?s={search_term_string}"},"query-input":{"@type":"PropertyValueSpecification","valueRequired":true,"valueName":"search_term_string"}}],"inLanguage":"sv-SE"},{"@type":"Organization","@id":"https:\/\/lunatools.com\/sv\/#organization","name":"Luna Tools","url":"https:\/\/lunatools.com\/sv\/","logo":{"@type":"ImageObject","inLanguage":"sv-SE","@id":"https:\/\/lunatools.com\/sv\/#\/schema\/logo\/image\/","url":"https:\/\/lunatools.com\/wp-content\/uploads\/2019\/10\/LunaTools-gray-logo.png","contentUrl":"https:\/\/lunatools.com\/wp-content\/uploads\/2019\/10\/LunaTools-gray-logo.png","width":795,"height":309,"caption":"Luna Tools"},"image":{"@id":"https:\/\/lunatools.com\/sv\/#\/schema\/logo\/image\/"}}]}},"_links":{"self":[{"href":"https:\/\/lunatools.com\/sv\/wp-json\/wp\/v2\/product\/3034"}],"collection":[{"href":"https:\/\/lunatools.com\/sv\/wp-json\/wp\/v2\/product"}],"about":[{"href":"https:\/\/lunatools.com\/sv\/wp-json\/wp\/v2\/types\/product"}],"wp:attachment":[{"href":"https:\/\/lunatools.com\/sv\/wp-json\/wp\/v2\/media?parent=3034"}],"wp:term":[{"taxonomy":"product_cat","embeddable":true,"href":"https:\/\/lunatools.com\/sv\/wp-json\/wp\/v2\/product_cat?post=3034"},{"taxonomy":"product_tag","embeddable":true,"href":"https:\/\/lunatools.com\/sv\/wp-json\/wp\/v2\/product_tag?post=3034"}],"curies":[{"name":"wp","href":"https:\/\/api.w.org\/{rel}","templated":true}]}}