{"id":3186,"date":"2023-03-05T01:40:06","date_gmt":"2023-03-05T01:40:06","guid":{"rendered":"https:\/\/lunatools.com\/product\/borrsats-luna-go-md1c\/"},"modified":"2023-03-05T01:40:06","modified_gmt":"2023-03-05T01:40:06","slug":"borrsats-luna-go-md1c","status":"publish","type":"product","link":"https:\/\/lunatools.com\/sv\/product\/borrsats-luna-go-md1c\/","title":{"rendered":"BORRSATS LUNA GO MD1C"},"content":{"rendered":"<p>4 delars HSS borrsats i Luna GO verktygsh\u00e5llarsystem med b\u00e4ltesclips. Verktygsh\u00e5llaren har plats f\u00f6r ett toppmonterade och fyra h\u00e4ngande verktyg i ett unikt upph\u00e4ngningssystem med magnetl\u00e5sning. F\u00f6r en snabb smidig hantering och bra f\u00f6rvaring av verktyg med 1\/4&#8221;-sexkantsf\u00e4ste. Verktygsh\u00e5llaren \u00e4r ledad och kan enkelt monteras och tas av fr\u00e5n b\u00e4ltesclipset f\u00f6r b\u00e4ttre ergonomi och s\u00e4krare anv\u00e4ndning. Fungerar \u00e4ven ihop med slagskruvdragare.<\/p>\n","protected":false},"excerpt":{"rendered":"4 delars HSS borrsats i Luna GO verktygsh\u00e5llarsystem med b\u00e4ltesclips. Verktygsh\u00e5llaren har plats f\u00f6r ett toppmonterade och fyra h\u00e4ngande verktyg i ett unikt upph\u00e4ngningssystem med magnetl\u00e5sning. F\u00f6r en snabb smidig hantering och bra f\u00f6rvaring av verktyg med 1\/4&#8221;-sexkantsf\u00e4ste. Verktygsh\u00e5llaren \u00e4r ledad och kan enkelt monteras och tas av fr\u00e5n b\u00e4ltesclipset f\u00f6r b\u00e4ttre ergonomi och s\u00e4krare&#8230; <a class=\"view-article\" href=\"https:\/\/lunatools.com\/sv\/product\/borrsats-luna-go-md1c\/\">View Article<\/a>","protected":false},"featured_media":0,"template":"","meta":{"_acf_changed":false},"product_cat":[393,405],"product_tag":[],"class_list":{"0":"post-3186","1":"product","2":"type-product","3":"status-publish","5":"product_cat-borr-sv","6":"product_cat-borrsatser-sv","8":"first","9":"instock","10":"shipping-taxable","11":"product-type-simple"},"acf":[],"yoast_head":"<!-- This site is optimized with the Yoast SEO plugin v23.4 - https:\/\/yoast.com\/wordpress\/plugins\/seo\/ -->\n<title>BORRSATS LUNA GO MD1C - Luna tools<\/title>\n<meta name=\"robots\" content=\"index, follow, max-snippet:-1, max-image-preview:large, max-video-preview:-1\" \/>\n<link rel=\"canonical\" href=\"https:\/\/lunatools.com\/sv\/product\/borrsats-luna-go-md1c\/\" \/>\n<meta property=\"og:locale\" content=\"sv_SE\" \/>\n<meta property=\"og:type\" content=\"article\" \/>\n<meta property=\"og:title\" content=\"BORRSATS LUNA GO MD1C - Luna tools\" \/>\n<meta property=\"og:description\" content=\"4 delars HSS borrsats i Luna GO verktygsh\u00e5llarsystem med b\u00e4ltesclips. Verktygsh\u00e5llaren har plats f\u00f6r ett toppmonterade och fyra h\u00e4ngande verktyg i ett unikt upph\u00e4ngningssystem med magnetl\u00e5sning. F\u00f6r en snabb smidig hantering och bra f\u00f6rvaring av verktyg med 1\/4&#8221;-sexkantsf\u00e4ste. Verktygsh\u00e5llaren \u00e4r ledad och kan enkelt monteras och tas av fr\u00e5n b\u00e4ltesclipset f\u00f6r b\u00e4ttre ergonomi och s\u00e4krare... View Article\" \/>\n<meta property=\"og:url\" content=\"https:\/\/lunatools.com\/sv\/product\/borrsats-luna-go-md1c\/\" \/>\n<meta property=\"og:site_name\" content=\"Luna tools\" \/>\n<script type=\"application\/ld+json\" class=\"yoast-schema-graph\">{\"@context\":\"https:\/\/schema.org\",\"@graph\":[{\"@type\":\"WebPage\",\"@id\":\"https:\/\/lunatools.com\/sv\/product\/borrsats-luna-go-md1c\/\",\"url\":\"https:\/\/lunatools.com\/sv\/product\/borrsats-luna-go-md1c\/\",\"name\":\"BORRSATS LUNA GO MD1C - Luna tools\",\"isPartOf\":{\"@id\":\"https:\/\/lunatools.com\/sv\/#website\"},\"datePublished\":\"2023-03-05T01:40:06+00:00\",\"dateModified\":\"2023-03-05T01:40:06+00:00\",\"breadcrumb\":{\"@id\":\"https:\/\/lunatools.com\/sv\/product\/borrsats-luna-go-md1c\/#breadcrumb\"},\"inLanguage\":\"sv-SE\",\"potentialAction\":[{\"@type\":\"ReadAction\",\"target\":[\"https:\/\/lunatools.com\/sv\/product\/borrsats-luna-go-md1c\/\"]}]},{\"@type\":\"BreadcrumbList\",\"@id\":\"https:\/\/lunatools.com\/sv\/product\/borrsats-luna-go-md1c\/#breadcrumb\",\"itemListElement\":[{\"@type\":\"ListItem\",\"position\":1,\"name\":\"Home\",\"item\":\"https:\/\/lunatools.com\/sv\/\"},{\"@type\":\"ListItem\",\"position\":2,\"name\":\"Produkty\",\"item\":\"https:\/\/lunatools.com\/pl\/shop\/\"},{\"@type\":\"ListItem\",\"position\":3,\"name\":\"BORRSATS LUNA GO MD1C\"}]},{\"@type\":\"WebSite\",\"@id\":\"https:\/\/lunatools.com\/sv\/#website\",\"url\":\"https:\/\/lunatools.com\/sv\/\",\"name\":\"Luna tools\",\"description\":\"\",\"publisher\":{\"@id\":\"https:\/\/lunatools.com\/sv\/#organization\"},\"potentialAction\":[{\"@type\":\"SearchAction\",\"target\":{\"@type\":\"EntryPoint\",\"urlTemplate\":\"https:\/\/lunatools.com\/sv\/?s={search_term_string}\"},\"query-input\":{\"@type\":\"PropertyValueSpecification\",\"valueRequired\":true,\"valueName\":\"search_term_string\"}}],\"inLanguage\":\"sv-SE\"},{\"@type\":\"Organization\",\"@id\":\"https:\/\/lunatools.com\/sv\/#organization\",\"name\":\"Luna Tools\",\"url\":\"https:\/\/lunatools.com\/sv\/\",\"logo\":{\"@type\":\"ImageObject\",\"inLanguage\":\"sv-SE\",\"@id\":\"https:\/\/lunatools.com\/sv\/#\/schema\/logo\/image\/\",\"url\":\"https:\/\/lunatools.com\/wp-content\/uploads\/2019\/10\/LunaTools-gray-logo.png\",\"contentUrl\":\"https:\/\/lunatools.com\/wp-content\/uploads\/2019\/10\/LunaTools-gray-logo.png\",\"width\":795,\"height\":309,\"caption\":\"Luna Tools\"},\"image\":{\"@id\":\"https:\/\/lunatools.com\/sv\/#\/schema\/logo\/image\/\"}}]}<\/script>\n<!-- \/ Yoast SEO plugin. -->","yoast_head_json":{"title":"BORRSATS LUNA GO MD1C - Luna tools","robots":{"index":"index","follow":"follow","max-snippet":"max-snippet:-1","max-image-preview":"max-image-preview:large","max-video-preview":"max-video-preview:-1"},"canonical":"https:\/\/lunatools.com\/sv\/product\/borrsats-luna-go-md1c\/","og_locale":"sv_SE","og_type":"article","og_title":"BORRSATS LUNA GO MD1C - Luna tools","og_description":"4 delars HSS borrsats i Luna GO verktygsh\u00e5llarsystem med b\u00e4ltesclips. Verktygsh\u00e5llaren har plats f\u00f6r ett toppmonterade och fyra h\u00e4ngande verktyg i ett unikt upph\u00e4ngningssystem med magnetl\u00e5sning. F\u00f6r en snabb smidig hantering och bra f\u00f6rvaring av verktyg med 1\/4&#8221;-sexkantsf\u00e4ste. Verktygsh\u00e5llaren \u00e4r ledad och kan enkelt monteras och tas av fr\u00e5n b\u00e4ltesclipset f\u00f6r b\u00e4ttre ergonomi och s\u00e4krare... View Article","og_url":"https:\/\/lunatools.com\/sv\/product\/borrsats-luna-go-md1c\/","og_site_name":"Luna tools","schema":{"@context":"https:\/\/schema.org","@graph":[{"@type":"WebPage","@id":"https:\/\/lunatools.com\/sv\/product\/borrsats-luna-go-md1c\/","url":"https:\/\/lunatools.com\/sv\/product\/borrsats-luna-go-md1c\/","name":"BORRSATS LUNA GO MD1C - Luna tools","isPartOf":{"@id":"https:\/\/lunatools.com\/sv\/#website"},"datePublished":"2023-03-05T01:40:06+00:00","dateModified":"2023-03-05T01:40:06+00:00","breadcrumb":{"@id":"https:\/\/lunatools.com\/sv\/product\/borrsats-luna-go-md1c\/#breadcrumb"},"inLanguage":"sv-SE","potentialAction":[{"@type":"ReadAction","target":["https:\/\/lunatools.com\/sv\/product\/borrsats-luna-go-md1c\/"]}]},{"@type":"BreadcrumbList","@id":"https:\/\/lunatools.com\/sv\/product\/borrsats-luna-go-md1c\/#breadcrumb","itemListElement":[{"@type":"ListItem","position":1,"name":"Home","item":"https:\/\/lunatools.com\/sv\/"},{"@type":"ListItem","position":2,"name":"Produkty","item":"https:\/\/lunatools.com\/pl\/shop\/"},{"@type":"ListItem","position":3,"name":"BORRSATS LUNA GO MD1C"}]},{"@type":"WebSite","@id":"https:\/\/lunatools.com\/sv\/#website","url":"https:\/\/lunatools.com\/sv\/","name":"Luna tools","description":"","publisher":{"@id":"https:\/\/lunatools.com\/sv\/#organization"},"potentialAction":[{"@type":"SearchAction","target":{"@type":"EntryPoint","urlTemplate":"https:\/\/lunatools.com\/sv\/?s={search_term_string}"},"query-input":{"@type":"PropertyValueSpecification","valueRequired":true,"valueName":"search_term_string"}}],"inLanguage":"sv-SE"},{"@type":"Organization","@id":"https:\/\/lunatools.com\/sv\/#organization","name":"Luna Tools","url":"https:\/\/lunatools.com\/sv\/","logo":{"@type":"ImageObject","inLanguage":"sv-SE","@id":"https:\/\/lunatools.com\/sv\/#\/schema\/logo\/image\/","url":"https:\/\/lunatools.com\/wp-content\/uploads\/2019\/10\/LunaTools-gray-logo.png","contentUrl":"https:\/\/lunatools.com\/wp-content\/uploads\/2019\/10\/LunaTools-gray-logo.png","width":795,"height":309,"caption":"Luna Tools"},"image":{"@id":"https:\/\/lunatools.com\/sv\/#\/schema\/logo\/image\/"}}]}},"_links":{"self":[{"href":"https:\/\/lunatools.com\/sv\/wp-json\/wp\/v2\/product\/3186"}],"collection":[{"href":"https:\/\/lunatools.com\/sv\/wp-json\/wp\/v2\/product"}],"about":[{"href":"https:\/\/lunatools.com\/sv\/wp-json\/wp\/v2\/types\/product"}],"wp:attachment":[{"href":"https:\/\/lunatools.com\/sv\/wp-json\/wp\/v2\/media?parent=3186"}],"wp:term":[{"taxonomy":"product_cat","embeddable":true,"href":"https:\/\/lunatools.com\/sv\/wp-json\/wp\/v2\/product_cat?post=3186"},{"taxonomy":"product_tag","embeddable":true,"href":"https:\/\/lunatools.com\/sv\/wp-json\/wp\/v2\/product_tag?post=3186"}],"curies":[{"name":"wp","href":"https:\/\/api.w.org\/{rel}","templated":true}]}}