{"id":3238,"date":"2026-04-17T01:20:31","date_gmt":"2026-04-17T01:20:31","guid":{"rendered":"https:\/\/lunatools.com\/product\/gangtapp-m6-spandrivande\/"},"modified":"2026-04-17T01:20:31","modified_gmt":"2026-04-17T01:20:31","slug":"gangtapp-m6-spandrivande","status":"publish","type":"product","link":"https:\/\/lunatools.com\/sv\/product\/gangtapp-m6-spandrivande\/","title":{"rendered":"G\u00c4NGTAPP M6 SP\u00c5NDRIVANDE"},"content":{"rendered":"<p>F\u00f6r allm\u00e4n g\u00e4ngning av genomg\u00e5ende h\u00e5l. De sp\u00e5ndrivande sk\u00e4ren skjuter sp\u00e5norna fram\u00e5t ut ur h\u00e5let.<br \/>\nFasl\u00e4ngd 4-5 g\u00e4ngor.<\/p>\n","protected":false},"excerpt":{"rendered":"F\u00f6r allm\u00e4n g\u00e4ngning av genomg\u00e5ende h\u00e5l. De sp\u00e5ndrivande sk\u00e4ren skjuter sp\u00e5norna fram\u00e5t ut ur h\u00e5let. Fasl\u00e4ngd 4-5 g\u00e4ngor.","protected":false},"featured_media":0,"template":"","meta":{"_acf_changed":false},"product_cat":[384,385],"product_tag":[],"class_list":{"0":"post-3238","1":"product","2":"type-product","3":"status-publish","5":"product_cat-gangverktyg-sv","6":"product_cat-gangtappar-sv","8":"first","9":"instock","10":"shipping-taxable","11":"product-type-simple"},"acf":[],"yoast_head":"<!-- This site is optimized with the Yoast SEO plugin v23.4 - https:\/\/yoast.com\/wordpress\/plugins\/seo\/ -->\n<title>G\u00c4NGTAPP M6 SP\u00c5NDRIVANDE - Luna tools<\/title>\n<meta name=\"robots\" content=\"index, follow, max-snippet:-1, max-image-preview:large, max-video-preview:-1\" \/>\n<link rel=\"canonical\" href=\"https:\/\/lunatools.com\/sv\/product\/gangtapp-m6-spandrivande\/\" \/>\n<meta property=\"og:locale\" content=\"sv_SE\" \/>\n<meta property=\"og:type\" content=\"article\" \/>\n<meta property=\"og:title\" content=\"G\u00c4NGTAPP M6 SP\u00c5NDRIVANDE - Luna tools\" \/>\n<meta property=\"og:description\" content=\"F\u00f6r allm\u00e4n g\u00e4ngning av genomg\u00e5ende h\u00e5l. De sp\u00e5ndrivande sk\u00e4ren skjuter sp\u00e5norna fram\u00e5t ut ur h\u00e5let. Fasl\u00e4ngd 4-5 g\u00e4ngor.\" \/>\n<meta property=\"og:url\" content=\"https:\/\/lunatools.com\/sv\/product\/gangtapp-m6-spandrivande\/\" \/>\n<meta property=\"og:site_name\" content=\"Luna tools\" \/>\n<script type=\"application\/ld+json\" class=\"yoast-schema-graph\">{\"@context\":\"https:\/\/schema.org\",\"@graph\":[{\"@type\":\"WebPage\",\"@id\":\"https:\/\/lunatools.com\/sv\/product\/gangtapp-m6-spandrivande\/\",\"url\":\"https:\/\/lunatools.com\/sv\/product\/gangtapp-m6-spandrivande\/\",\"name\":\"G\u00c4NGTAPP M6 SP\u00c5NDRIVANDE - Luna tools\",\"isPartOf\":{\"@id\":\"https:\/\/lunatools.com\/sv\/#website\"},\"datePublished\":\"2026-04-17T01:20:31+00:00\",\"dateModified\":\"2026-04-17T01:20:31+00:00\",\"breadcrumb\":{\"@id\":\"https:\/\/lunatools.com\/sv\/product\/gangtapp-m6-spandrivande\/#breadcrumb\"},\"inLanguage\":\"sv-SE\",\"potentialAction\":[{\"@type\":\"ReadAction\",\"target\":[\"https:\/\/lunatools.com\/sv\/product\/gangtapp-m6-spandrivande\/\"]}]},{\"@type\":\"BreadcrumbList\",\"@id\":\"https:\/\/lunatools.com\/sv\/product\/gangtapp-m6-spandrivande\/#breadcrumb\",\"itemListElement\":[{\"@type\":\"ListItem\",\"position\":1,\"name\":\"Home\",\"item\":\"https:\/\/lunatools.com\/sv\/\"},{\"@type\":\"ListItem\",\"position\":2,\"name\":\"Produkty\",\"item\":\"https:\/\/lunatools.com\/pl\/shop\/\"},{\"@type\":\"ListItem\",\"position\":3,\"name\":\"G\u00c4NGTAPP M6 SP\u00c5NDRIVANDE\"}]},{\"@type\":\"WebSite\",\"@id\":\"https:\/\/lunatools.com\/sv\/#website\",\"url\":\"https:\/\/lunatools.com\/sv\/\",\"name\":\"Luna tools\",\"description\":\"\",\"publisher\":{\"@id\":\"https:\/\/lunatools.com\/sv\/#organization\"},\"potentialAction\":[{\"@type\":\"SearchAction\",\"target\":{\"@type\":\"EntryPoint\",\"urlTemplate\":\"https:\/\/lunatools.com\/sv\/?s={search_term_string}\"},\"query-input\":{\"@type\":\"PropertyValueSpecification\",\"valueRequired\":true,\"valueName\":\"search_term_string\"}}],\"inLanguage\":\"sv-SE\"},{\"@type\":\"Organization\",\"@id\":\"https:\/\/lunatools.com\/sv\/#organization\",\"name\":\"Luna Tools\",\"url\":\"https:\/\/lunatools.com\/sv\/\",\"logo\":{\"@type\":\"ImageObject\",\"inLanguage\":\"sv-SE\",\"@id\":\"https:\/\/lunatools.com\/sv\/#\/schema\/logo\/image\/\",\"url\":\"https:\/\/lunatools.com\/wp-content\/uploads\/2019\/10\/LunaTools-gray-logo.png\",\"contentUrl\":\"https:\/\/lunatools.com\/wp-content\/uploads\/2019\/10\/LunaTools-gray-logo.png\",\"width\":795,\"height\":309,\"caption\":\"Luna Tools\"},\"image\":{\"@id\":\"https:\/\/lunatools.com\/sv\/#\/schema\/logo\/image\/\"}}]}<\/script>\n<!-- \/ Yoast SEO plugin. -->","yoast_head_json":{"title":"G\u00c4NGTAPP M6 SP\u00c5NDRIVANDE - Luna tools","robots":{"index":"index","follow":"follow","max-snippet":"max-snippet:-1","max-image-preview":"max-image-preview:large","max-video-preview":"max-video-preview:-1"},"canonical":"https:\/\/lunatools.com\/sv\/product\/gangtapp-m6-spandrivande\/","og_locale":"sv_SE","og_type":"article","og_title":"G\u00c4NGTAPP M6 SP\u00c5NDRIVANDE - Luna tools","og_description":"F\u00f6r allm\u00e4n g\u00e4ngning av genomg\u00e5ende h\u00e5l. De sp\u00e5ndrivande sk\u00e4ren skjuter sp\u00e5norna fram\u00e5t ut ur h\u00e5let. Fasl\u00e4ngd 4-5 g\u00e4ngor.","og_url":"https:\/\/lunatools.com\/sv\/product\/gangtapp-m6-spandrivande\/","og_site_name":"Luna tools","schema":{"@context":"https:\/\/schema.org","@graph":[{"@type":"WebPage","@id":"https:\/\/lunatools.com\/sv\/product\/gangtapp-m6-spandrivande\/","url":"https:\/\/lunatools.com\/sv\/product\/gangtapp-m6-spandrivande\/","name":"G\u00c4NGTAPP M6 SP\u00c5NDRIVANDE - Luna tools","isPartOf":{"@id":"https:\/\/lunatools.com\/sv\/#website"},"datePublished":"2026-04-17T01:20:31+00:00","dateModified":"2026-04-17T01:20:31+00:00","breadcrumb":{"@id":"https:\/\/lunatools.com\/sv\/product\/gangtapp-m6-spandrivande\/#breadcrumb"},"inLanguage":"sv-SE","potentialAction":[{"@type":"ReadAction","target":["https:\/\/lunatools.com\/sv\/product\/gangtapp-m6-spandrivande\/"]}]},{"@type":"BreadcrumbList","@id":"https:\/\/lunatools.com\/sv\/product\/gangtapp-m6-spandrivande\/#breadcrumb","itemListElement":[{"@type":"ListItem","position":1,"name":"Home","item":"https:\/\/lunatools.com\/sv\/"},{"@type":"ListItem","position":2,"name":"Produkty","item":"https:\/\/lunatools.com\/pl\/shop\/"},{"@type":"ListItem","position":3,"name":"G\u00c4NGTAPP M6 SP\u00c5NDRIVANDE"}]},{"@type":"WebSite","@id":"https:\/\/lunatools.com\/sv\/#website","url":"https:\/\/lunatools.com\/sv\/","name":"Luna tools","description":"","publisher":{"@id":"https:\/\/lunatools.com\/sv\/#organization"},"potentialAction":[{"@type":"SearchAction","target":{"@type":"EntryPoint","urlTemplate":"https:\/\/lunatools.com\/sv\/?s={search_term_string}"},"query-input":{"@type":"PropertyValueSpecification","valueRequired":true,"valueName":"search_term_string"}}],"inLanguage":"sv-SE"},{"@type":"Organization","@id":"https:\/\/lunatools.com\/sv\/#organization","name":"Luna Tools","url":"https:\/\/lunatools.com\/sv\/","logo":{"@type":"ImageObject","inLanguage":"sv-SE","@id":"https:\/\/lunatools.com\/sv\/#\/schema\/logo\/image\/","url":"https:\/\/lunatools.com\/wp-content\/uploads\/2019\/10\/LunaTools-gray-logo.png","contentUrl":"https:\/\/lunatools.com\/wp-content\/uploads\/2019\/10\/LunaTools-gray-logo.png","width":795,"height":309,"caption":"Luna Tools"},"image":{"@id":"https:\/\/lunatools.com\/sv\/#\/schema\/logo\/image\/"}}]}},"_links":{"self":[{"href":"https:\/\/lunatools.com\/sv\/wp-json\/wp\/v2\/product\/3238"}],"collection":[{"href":"https:\/\/lunatools.com\/sv\/wp-json\/wp\/v2\/product"}],"about":[{"href":"https:\/\/lunatools.com\/sv\/wp-json\/wp\/v2\/types\/product"}],"wp:attachment":[{"href":"https:\/\/lunatools.com\/sv\/wp-json\/wp\/v2\/media?parent=3238"}],"wp:term":[{"taxonomy":"product_cat","embeddable":true,"href":"https:\/\/lunatools.com\/sv\/wp-json\/wp\/v2\/product_cat?post=3238"},{"taxonomy":"product_tag","embeddable":true,"href":"https:\/\/lunatools.com\/sv\/wp-json\/wp\/v2\/product_tag?post=3238"}],"curies":[{"name":"wp","href":"https:\/\/api.w.org\/{rel}","templated":true}]}}