{"id":3295,"date":"2026-05-16T01:40:26","date_gmt":"2026-05-16T01:40:26","guid":{"rendered":"https:\/\/lunatools.com\/product\/spiralborr-4-mm-din-340-2\/"},"modified":"2026-05-16T01:40:26","modified_gmt":"2026-05-16T01:40:26","slug":"spiralborr-4-mm-din-340-2","status":"publish","type":"product","link":"https:\/\/lunatools.com\/sv\/product\/spiralborr-4-mm-din-340-2\/","title":{"rendered":"SPIRALBORR 4 MM DIN 340 (2)"},"content":{"rendered":"<p>L\u00e5nga. Spetsvinkel 118\u00b0. Korsspets f\u00f6r noggrann centrering, reducering av axialkraften samt ger b\u00e4ttre h\u00e5ltolerans. \u00c5nganl\u00f6pta och valsade. Standardborr f\u00f6r borrning av djupa h\u00e5l. F\u00f6r borrning av st\u00e5l och st\u00e5lgjutgods (legerat och olegerat), gjutgods, aducergods och segj\u00e4rn. M\u00e5tt enligt DIN 340.<\/p>\n","protected":false},"excerpt":{"rendered":"L\u00e5nga. Spetsvinkel 118\u00b0. Korsspets f\u00f6r noggrann centrering, reducering av axialkraften samt ger b\u00e4ttre h\u00e5ltolerans. \u00c5nganl\u00f6pta och valsade. Standardborr f\u00f6r borrning av djupa h\u00e5l. F\u00f6r borrning av st\u00e5l och st\u00e5lgjutgods (legerat och olegerat), gjutgods, aducergods och segj\u00e4rn. M\u00e5tt enligt DIN 340.","protected":false},"featured_media":0,"template":"","meta":{"_acf_changed":false},"product_cat":[393,485],"product_tag":[],"class_list":{"0":"post-3295","1":"product","2":"type-product","3":"status-publish","5":"product_cat-borr-sv","6":"product_cat-spiralborr-sv","8":"first","9":"instock","10":"shipping-taxable","11":"product-type-simple"},"acf":[],"yoast_head":"<!-- This site is optimized with the Yoast SEO plugin v23.4 - https:\/\/yoast.com\/wordpress\/plugins\/seo\/ -->\n<title>SPIRALBORR 4 MM DIN 340 (2) - Luna tools<\/title>\n<meta name=\"robots\" content=\"index, follow, max-snippet:-1, max-image-preview:large, max-video-preview:-1\" \/>\n<link rel=\"canonical\" href=\"https:\/\/lunatools.com\/sv\/product\/spiralborr-4-mm-din-340-2\/\" \/>\n<meta property=\"og:locale\" content=\"sv_SE\" \/>\n<meta property=\"og:type\" content=\"article\" \/>\n<meta property=\"og:title\" content=\"SPIRALBORR 4 MM DIN 340 (2) - Luna tools\" \/>\n<meta property=\"og:description\" content=\"L\u00e5nga. Spetsvinkel 118\u00b0. Korsspets f\u00f6r noggrann centrering, reducering av axialkraften samt ger b\u00e4ttre h\u00e5ltolerans. \u00c5nganl\u00f6pta och valsade. Standardborr f\u00f6r borrning av djupa h\u00e5l. F\u00f6r borrning av st\u00e5l och st\u00e5lgjutgods (legerat och olegerat), gjutgods, aducergods och segj\u00e4rn. M\u00e5tt enligt DIN 340.\" \/>\n<meta property=\"og:url\" content=\"https:\/\/lunatools.com\/sv\/product\/spiralborr-4-mm-din-340-2\/\" \/>\n<meta property=\"og:site_name\" content=\"Luna tools\" \/>\n<script type=\"application\/ld+json\" class=\"yoast-schema-graph\">{\"@context\":\"https:\/\/schema.org\",\"@graph\":[{\"@type\":\"WebPage\",\"@id\":\"https:\/\/lunatools.com\/sv\/product\/spiralborr-4-mm-din-340-2\/\",\"url\":\"https:\/\/lunatools.com\/sv\/product\/spiralborr-4-mm-din-340-2\/\",\"name\":\"SPIRALBORR 4 MM DIN 340 (2) - Luna tools\",\"isPartOf\":{\"@id\":\"https:\/\/lunatools.com\/sv\/#website\"},\"datePublished\":\"2026-05-16T01:40:26+00:00\",\"dateModified\":\"2026-05-16T01:40:26+00:00\",\"breadcrumb\":{\"@id\":\"https:\/\/lunatools.com\/sv\/product\/spiralborr-4-mm-din-340-2\/#breadcrumb\"},\"inLanguage\":\"sv-SE\",\"potentialAction\":[{\"@type\":\"ReadAction\",\"target\":[\"https:\/\/lunatools.com\/sv\/product\/spiralborr-4-mm-din-340-2\/\"]}]},{\"@type\":\"BreadcrumbList\",\"@id\":\"https:\/\/lunatools.com\/sv\/product\/spiralborr-4-mm-din-340-2\/#breadcrumb\",\"itemListElement\":[{\"@type\":\"ListItem\",\"position\":1,\"name\":\"Home\",\"item\":\"https:\/\/lunatools.com\/sv\/\"},{\"@type\":\"ListItem\",\"position\":2,\"name\":\"Produkty\",\"item\":\"https:\/\/lunatools.com\/pl\/shop\/\"},{\"@type\":\"ListItem\",\"position\":3,\"name\":\"SPIRALBORR 4 MM DIN 340 (2)\"}]},{\"@type\":\"WebSite\",\"@id\":\"https:\/\/lunatools.com\/sv\/#website\",\"url\":\"https:\/\/lunatools.com\/sv\/\",\"name\":\"Luna tools\",\"description\":\"\",\"publisher\":{\"@id\":\"https:\/\/lunatools.com\/sv\/#organization\"},\"potentialAction\":[{\"@type\":\"SearchAction\",\"target\":{\"@type\":\"EntryPoint\",\"urlTemplate\":\"https:\/\/lunatools.com\/sv\/?s={search_term_string}\"},\"query-input\":{\"@type\":\"PropertyValueSpecification\",\"valueRequired\":true,\"valueName\":\"search_term_string\"}}],\"inLanguage\":\"sv-SE\"},{\"@type\":\"Organization\",\"@id\":\"https:\/\/lunatools.com\/sv\/#organization\",\"name\":\"Luna Tools\",\"url\":\"https:\/\/lunatools.com\/sv\/\",\"logo\":{\"@type\":\"ImageObject\",\"inLanguage\":\"sv-SE\",\"@id\":\"https:\/\/lunatools.com\/sv\/#\/schema\/logo\/image\/\",\"url\":\"https:\/\/lunatools.com\/wp-content\/uploads\/2019\/10\/LunaTools-gray-logo.png\",\"contentUrl\":\"https:\/\/lunatools.com\/wp-content\/uploads\/2019\/10\/LunaTools-gray-logo.png\",\"width\":795,\"height\":309,\"caption\":\"Luna Tools\"},\"image\":{\"@id\":\"https:\/\/lunatools.com\/sv\/#\/schema\/logo\/image\/\"}}]}<\/script>\n<!-- \/ Yoast SEO plugin. -->","yoast_head_json":{"title":"SPIRALBORR 4 MM DIN 340 (2) - Luna tools","robots":{"index":"index","follow":"follow","max-snippet":"max-snippet:-1","max-image-preview":"max-image-preview:large","max-video-preview":"max-video-preview:-1"},"canonical":"https:\/\/lunatools.com\/sv\/product\/spiralborr-4-mm-din-340-2\/","og_locale":"sv_SE","og_type":"article","og_title":"SPIRALBORR 4 MM DIN 340 (2) - Luna tools","og_description":"L\u00e5nga. Spetsvinkel 118\u00b0. Korsspets f\u00f6r noggrann centrering, reducering av axialkraften samt ger b\u00e4ttre h\u00e5ltolerans. \u00c5nganl\u00f6pta och valsade. Standardborr f\u00f6r borrning av djupa h\u00e5l. F\u00f6r borrning av st\u00e5l och st\u00e5lgjutgods (legerat och olegerat), gjutgods, aducergods och segj\u00e4rn. M\u00e5tt enligt DIN 340.","og_url":"https:\/\/lunatools.com\/sv\/product\/spiralborr-4-mm-din-340-2\/","og_site_name":"Luna tools","schema":{"@context":"https:\/\/schema.org","@graph":[{"@type":"WebPage","@id":"https:\/\/lunatools.com\/sv\/product\/spiralborr-4-mm-din-340-2\/","url":"https:\/\/lunatools.com\/sv\/product\/spiralborr-4-mm-din-340-2\/","name":"SPIRALBORR 4 MM DIN 340 (2) - Luna tools","isPartOf":{"@id":"https:\/\/lunatools.com\/sv\/#website"},"datePublished":"2026-05-16T01:40:26+00:00","dateModified":"2026-05-16T01:40:26+00:00","breadcrumb":{"@id":"https:\/\/lunatools.com\/sv\/product\/spiralborr-4-mm-din-340-2\/#breadcrumb"},"inLanguage":"sv-SE","potentialAction":[{"@type":"ReadAction","target":["https:\/\/lunatools.com\/sv\/product\/spiralborr-4-mm-din-340-2\/"]}]},{"@type":"BreadcrumbList","@id":"https:\/\/lunatools.com\/sv\/product\/spiralborr-4-mm-din-340-2\/#breadcrumb","itemListElement":[{"@type":"ListItem","position":1,"name":"Home","item":"https:\/\/lunatools.com\/sv\/"},{"@type":"ListItem","position":2,"name":"Produkty","item":"https:\/\/lunatools.com\/pl\/shop\/"},{"@type":"ListItem","position":3,"name":"SPIRALBORR 4 MM DIN 340 (2)"}]},{"@type":"WebSite","@id":"https:\/\/lunatools.com\/sv\/#website","url":"https:\/\/lunatools.com\/sv\/","name":"Luna tools","description":"","publisher":{"@id":"https:\/\/lunatools.com\/sv\/#organization"},"potentialAction":[{"@type":"SearchAction","target":{"@type":"EntryPoint","urlTemplate":"https:\/\/lunatools.com\/sv\/?s={search_term_string}"},"query-input":{"@type":"PropertyValueSpecification","valueRequired":true,"valueName":"search_term_string"}}],"inLanguage":"sv-SE"},{"@type":"Organization","@id":"https:\/\/lunatools.com\/sv\/#organization","name":"Luna Tools","url":"https:\/\/lunatools.com\/sv\/","logo":{"@type":"ImageObject","inLanguage":"sv-SE","@id":"https:\/\/lunatools.com\/sv\/#\/schema\/logo\/image\/","url":"https:\/\/lunatools.com\/wp-content\/uploads\/2019\/10\/LunaTools-gray-logo.png","contentUrl":"https:\/\/lunatools.com\/wp-content\/uploads\/2019\/10\/LunaTools-gray-logo.png","width":795,"height":309,"caption":"Luna Tools"},"image":{"@id":"https:\/\/lunatools.com\/sv\/#\/schema\/logo\/image\/"}}]}},"_links":{"self":[{"href":"https:\/\/lunatools.com\/sv\/wp-json\/wp\/v2\/product\/3295"}],"collection":[{"href":"https:\/\/lunatools.com\/sv\/wp-json\/wp\/v2\/product"}],"about":[{"href":"https:\/\/lunatools.com\/sv\/wp-json\/wp\/v2\/types\/product"}],"wp:attachment":[{"href":"https:\/\/lunatools.com\/sv\/wp-json\/wp\/v2\/media?parent=3295"}],"wp:term":[{"taxonomy":"product_cat","embeddable":true,"href":"https:\/\/lunatools.com\/sv\/wp-json\/wp\/v2\/product_cat?post=3295"},{"taxonomy":"product_tag","embeddable":true,"href":"https:\/\/lunatools.com\/sv\/wp-json\/wp\/v2\/product_tag?post=3295"}],"curies":[{"name":"wp","href":"https:\/\/api.w.org\/{rel}","templated":true}]}}