{"id":3304,"date":"2026-04-21T01:20:22","date_gmt":"2026-04-21T01:20:22","guid":{"rendered":"https:\/\/lunatools.com\/product\/hylsa-imp-magn-for-10mm-skruv\/"},"modified":"2026-04-21T01:20:22","modified_gmt":"2026-04-21T01:20:22","slug":"hylsa-imp-magn-for-10mm-skruv","status":"publish","type":"product","link":"https:\/\/lunatools.com\/sv\/product\/hylsa-imp-magn-for-10mm-skruv\/","title":{"rendered":"HYLSA IMP MAGN. F\u00d6R 10MM SKRUV"},"content":{"rendered":"<p>Magnethylsa med 1\/4 tumsf\u00e4ste och sexkant grip\u00f6ppning, inf\u00e4lld magnet som h\u00e5ller skruven p\u00e5 plats, speciellt anpassade f\u00f6r sl\u00e5ende skruvdragare.<\/p>\n","protected":false},"excerpt":{"rendered":"Magnethylsa med 1\/4 tumsf\u00e4ste och sexkant grip\u00f6ppning, inf\u00e4lld magnet som h\u00e5ller skruven p\u00e5 plats, speciellt anpassade f\u00f6r sl\u00e5ende skruvdragare.","protected":false},"featured_media":0,"template":"","meta":{"_acf_changed":false},"product_cat":[398,443],"product_tag":[],"class_list":{"0":"post-3304","1":"product","2":"type-product","3":"status-publish","5":"product_cat-bits-sv","6":"product_cat-skruvhallare-sv","8":"first","9":"instock","10":"shipping-taxable","11":"product-type-simple"},"acf":[],"yoast_head":"<!-- This site is optimized with the Yoast SEO plugin v23.4 - https:\/\/yoast.com\/wordpress\/plugins\/seo\/ -->\n<title>HYLSA IMP MAGN. F\u00d6R 10MM SKRUV - Luna tools<\/title>\n<meta name=\"robots\" content=\"index, follow, max-snippet:-1, max-image-preview:large, max-video-preview:-1\" \/>\n<link rel=\"canonical\" href=\"https:\/\/lunatools.com\/sv\/product\/hylsa-imp-magn-for-10mm-skruv\/\" \/>\n<meta property=\"og:locale\" content=\"sv_SE\" \/>\n<meta property=\"og:type\" content=\"article\" \/>\n<meta property=\"og:title\" content=\"HYLSA IMP MAGN. F\u00d6R 10MM SKRUV - Luna tools\" \/>\n<meta property=\"og:description\" content=\"Magnethylsa med 1\/4 tumsf\u00e4ste och sexkant grip\u00f6ppning, inf\u00e4lld magnet som h\u00e5ller skruven p\u00e5 plats, speciellt anpassade f\u00f6r sl\u00e5ende skruvdragare.\" \/>\n<meta property=\"og:url\" content=\"https:\/\/lunatools.com\/sv\/product\/hylsa-imp-magn-for-10mm-skruv\/\" \/>\n<meta property=\"og:site_name\" content=\"Luna tools\" \/>\n<script type=\"application\/ld+json\" class=\"yoast-schema-graph\">{\"@context\":\"https:\/\/schema.org\",\"@graph\":[{\"@type\":\"WebPage\",\"@id\":\"https:\/\/lunatools.com\/sv\/product\/hylsa-imp-magn-for-10mm-skruv\/\",\"url\":\"https:\/\/lunatools.com\/sv\/product\/hylsa-imp-magn-for-10mm-skruv\/\",\"name\":\"HYLSA IMP MAGN. F\u00d6R 10MM SKRUV - Luna tools\",\"isPartOf\":{\"@id\":\"https:\/\/lunatools.com\/sv\/#website\"},\"datePublished\":\"2026-04-21T01:20:22+00:00\",\"dateModified\":\"2026-04-21T01:20:22+00:00\",\"breadcrumb\":{\"@id\":\"https:\/\/lunatools.com\/sv\/product\/hylsa-imp-magn-for-10mm-skruv\/#breadcrumb\"},\"inLanguage\":\"sv-SE\",\"potentialAction\":[{\"@type\":\"ReadAction\",\"target\":[\"https:\/\/lunatools.com\/sv\/product\/hylsa-imp-magn-for-10mm-skruv\/\"]}]},{\"@type\":\"BreadcrumbList\",\"@id\":\"https:\/\/lunatools.com\/sv\/product\/hylsa-imp-magn-for-10mm-skruv\/#breadcrumb\",\"itemListElement\":[{\"@type\":\"ListItem\",\"position\":1,\"name\":\"Home\",\"item\":\"https:\/\/lunatools.com\/sv\/\"},{\"@type\":\"ListItem\",\"position\":2,\"name\":\"Produkty\",\"item\":\"https:\/\/lunatools.com\/pl\/shop\/\"},{\"@type\":\"ListItem\",\"position\":3,\"name\":\"HYLSA IMP MAGN. F\u00d6R 10MM SKRUV\"}]},{\"@type\":\"WebSite\",\"@id\":\"https:\/\/lunatools.com\/sv\/#website\",\"url\":\"https:\/\/lunatools.com\/sv\/\",\"name\":\"Luna tools\",\"description\":\"\",\"publisher\":{\"@id\":\"https:\/\/lunatools.com\/sv\/#organization\"},\"potentialAction\":[{\"@type\":\"SearchAction\",\"target\":{\"@type\":\"EntryPoint\",\"urlTemplate\":\"https:\/\/lunatools.com\/sv\/?s={search_term_string}\"},\"query-input\":{\"@type\":\"PropertyValueSpecification\",\"valueRequired\":true,\"valueName\":\"search_term_string\"}}],\"inLanguage\":\"sv-SE\"},{\"@type\":\"Organization\",\"@id\":\"https:\/\/lunatools.com\/sv\/#organization\",\"name\":\"Luna Tools\",\"url\":\"https:\/\/lunatools.com\/sv\/\",\"logo\":{\"@type\":\"ImageObject\",\"inLanguage\":\"sv-SE\",\"@id\":\"https:\/\/lunatools.com\/sv\/#\/schema\/logo\/image\/\",\"url\":\"https:\/\/lunatools.com\/wp-content\/uploads\/2019\/10\/LunaTools-gray-logo.png\",\"contentUrl\":\"https:\/\/lunatools.com\/wp-content\/uploads\/2019\/10\/LunaTools-gray-logo.png\",\"width\":795,\"height\":309,\"caption\":\"Luna Tools\"},\"image\":{\"@id\":\"https:\/\/lunatools.com\/sv\/#\/schema\/logo\/image\/\"}}]}<\/script>\n<!-- \/ Yoast SEO plugin. -->","yoast_head_json":{"title":"HYLSA IMP MAGN. F\u00d6R 10MM SKRUV - Luna tools","robots":{"index":"index","follow":"follow","max-snippet":"max-snippet:-1","max-image-preview":"max-image-preview:large","max-video-preview":"max-video-preview:-1"},"canonical":"https:\/\/lunatools.com\/sv\/product\/hylsa-imp-magn-for-10mm-skruv\/","og_locale":"sv_SE","og_type":"article","og_title":"HYLSA IMP MAGN. F\u00d6R 10MM SKRUV - Luna tools","og_description":"Magnethylsa med 1\/4 tumsf\u00e4ste och sexkant grip\u00f6ppning, inf\u00e4lld magnet som h\u00e5ller skruven p\u00e5 plats, speciellt anpassade f\u00f6r sl\u00e5ende skruvdragare.","og_url":"https:\/\/lunatools.com\/sv\/product\/hylsa-imp-magn-for-10mm-skruv\/","og_site_name":"Luna tools","schema":{"@context":"https:\/\/schema.org","@graph":[{"@type":"WebPage","@id":"https:\/\/lunatools.com\/sv\/product\/hylsa-imp-magn-for-10mm-skruv\/","url":"https:\/\/lunatools.com\/sv\/product\/hylsa-imp-magn-for-10mm-skruv\/","name":"HYLSA IMP MAGN. F\u00d6R 10MM SKRUV - Luna tools","isPartOf":{"@id":"https:\/\/lunatools.com\/sv\/#website"},"datePublished":"2026-04-21T01:20:22+00:00","dateModified":"2026-04-21T01:20:22+00:00","breadcrumb":{"@id":"https:\/\/lunatools.com\/sv\/product\/hylsa-imp-magn-for-10mm-skruv\/#breadcrumb"},"inLanguage":"sv-SE","potentialAction":[{"@type":"ReadAction","target":["https:\/\/lunatools.com\/sv\/product\/hylsa-imp-magn-for-10mm-skruv\/"]}]},{"@type":"BreadcrumbList","@id":"https:\/\/lunatools.com\/sv\/product\/hylsa-imp-magn-for-10mm-skruv\/#breadcrumb","itemListElement":[{"@type":"ListItem","position":1,"name":"Home","item":"https:\/\/lunatools.com\/sv\/"},{"@type":"ListItem","position":2,"name":"Produkty","item":"https:\/\/lunatools.com\/pl\/shop\/"},{"@type":"ListItem","position":3,"name":"HYLSA IMP MAGN. F\u00d6R 10MM SKRUV"}]},{"@type":"WebSite","@id":"https:\/\/lunatools.com\/sv\/#website","url":"https:\/\/lunatools.com\/sv\/","name":"Luna tools","description":"","publisher":{"@id":"https:\/\/lunatools.com\/sv\/#organization"},"potentialAction":[{"@type":"SearchAction","target":{"@type":"EntryPoint","urlTemplate":"https:\/\/lunatools.com\/sv\/?s={search_term_string}"},"query-input":{"@type":"PropertyValueSpecification","valueRequired":true,"valueName":"search_term_string"}}],"inLanguage":"sv-SE"},{"@type":"Organization","@id":"https:\/\/lunatools.com\/sv\/#organization","name":"Luna Tools","url":"https:\/\/lunatools.com\/sv\/","logo":{"@type":"ImageObject","inLanguage":"sv-SE","@id":"https:\/\/lunatools.com\/sv\/#\/schema\/logo\/image\/","url":"https:\/\/lunatools.com\/wp-content\/uploads\/2019\/10\/LunaTools-gray-logo.png","contentUrl":"https:\/\/lunatools.com\/wp-content\/uploads\/2019\/10\/LunaTools-gray-logo.png","width":795,"height":309,"caption":"Luna Tools"},"image":{"@id":"https:\/\/lunatools.com\/sv\/#\/schema\/logo\/image\/"}}]}},"_links":{"self":[{"href":"https:\/\/lunatools.com\/sv\/wp-json\/wp\/v2\/product\/3304"}],"collection":[{"href":"https:\/\/lunatools.com\/sv\/wp-json\/wp\/v2\/product"}],"about":[{"href":"https:\/\/lunatools.com\/sv\/wp-json\/wp\/v2\/types\/product"}],"wp:attachment":[{"href":"https:\/\/lunatools.com\/sv\/wp-json\/wp\/v2\/media?parent=3304"}],"wp:term":[{"taxonomy":"product_cat","embeddable":true,"href":"https:\/\/lunatools.com\/sv\/wp-json\/wp\/v2\/product_cat?post=3304"},{"taxonomy":"product_tag","embeddable":true,"href":"https:\/\/lunatools.com\/sv\/wp-json\/wp\/v2\/product_tag?post=3304"}],"curies":[{"name":"wp","href":"https:\/\/api.w.org\/{rel}","templated":true}]}}