{"id":3395,"date":"2026-05-14T01:25:16","date_gmt":"2026-05-14T01:25:16","guid":{"rendered":"https:\/\/lunatools.com\/product\/diamantborr-12mm-1-4-faste\/"},"modified":"2026-05-14T01:25:16","modified_gmt":"2026-05-14T01:25:16","slug":"diamantborr-12mm-1-4-faste","status":"publish","type":"product","link":"https:\/\/lunatools.com\/sv\/product\/diamantborr-12mm-1-4-faste\/","title":{"rendered":"DIAMANTBORR 12MM 1\/4 F\u00c4STE"},"content":{"rendered":"<p>Diamantborr f\u00f6r torrborrning med inbyggt sm\u00f6rjmedel i borrk\u00e4rnan som kyler under anv\u00e4ndning. F\u00f6r borrning i kakel, klinker, stengodsplattor, granit, keramikplattor, marmor m.m. Med 1\/4&#8221; sexkantsf\u00e4ste f\u00f6r snabbchuck.<br \/>\nRekommenderat varvtal ca. 1500 r\/m. Starta maskinen och s\u00e4tt borren snett mot plattan. N\u00e4r borren f\u00e5tt f\u00e4ste f\u00f6rs maskinen i en liten cirklande r\u00f6relse. R\u00f6relsen \u00e4r viktig f\u00f6r att borrdammet ska f\u00f6rsvinna vilket s\u00e4nker arbetstemperaturen. Borren kyls i vatten efter varje h\u00e5l. Vid korrekt anv\u00e4ndning h\u00e5ller borren upp till 35 h\u00e5l i h\u00e5rda keramikplattor.<\/p>\n","protected":false},"excerpt":{"rendered":"Diamantborr f\u00f6r torrborrning med inbyggt sm\u00f6rjmedel i borrk\u00e4rnan som kyler under anv\u00e4ndning. F\u00f6r borrning i kakel, klinker, stengodsplattor, granit, keramikplattor, marmor m.m. Med 1\/4&#8221; sexkantsf\u00e4ste f\u00f6r snabbchuck. Rekommenderat varvtal ca. 1500 r\/m. Starta maskinen och s\u00e4tt borren snett mot plattan. N\u00e4r borren f\u00e5tt f\u00e4ste f\u00f6rs maskinen i en liten cirklande r\u00f6relse. R\u00f6relsen \u00e4r viktig f\u00f6r&#8230; <a class=\"view-article\" href=\"https:\/\/lunatools.com\/sv\/product\/diamantborr-12mm-1-4-faste\/\">View Article<\/a>","protected":false},"featured_media":0,"template":"","meta":{"_acf_changed":false},"product_cat":[393,479],"product_tag":[],"class_list":{"0":"post-3395","1":"product","2":"type-product","3":"status-publish","5":"product_cat-borr-sv","6":"product_cat-diamantborr-sv","8":"first","9":"instock","10":"shipping-taxable","11":"product-type-simple"},"acf":[],"yoast_head":"<!-- This site is optimized with the Yoast SEO plugin v23.4 - https:\/\/yoast.com\/wordpress\/plugins\/seo\/ -->\n<title>DIAMANTBORR 12MM 1\/4 F\u00c4STE - Luna tools<\/title>\n<meta name=\"robots\" content=\"index, follow, max-snippet:-1, max-image-preview:large, max-video-preview:-1\" \/>\n<link rel=\"canonical\" href=\"https:\/\/lunatools.com\/sv\/product\/diamantborr-12mm-1-4-faste\/\" \/>\n<meta property=\"og:locale\" content=\"sv_SE\" \/>\n<meta property=\"og:type\" content=\"article\" \/>\n<meta property=\"og:title\" content=\"DIAMANTBORR 12MM 1\/4 F\u00c4STE - Luna tools\" \/>\n<meta property=\"og:description\" content=\"Diamantborr f\u00f6r torrborrning med inbyggt sm\u00f6rjmedel i borrk\u00e4rnan som kyler under anv\u00e4ndning. F\u00f6r borrning i kakel, klinker, stengodsplattor, granit, keramikplattor, marmor m.m. Med 1\/4&#8221; sexkantsf\u00e4ste f\u00f6r snabbchuck. Rekommenderat varvtal ca. 1500 r\/m. Starta maskinen och s\u00e4tt borren snett mot plattan. N\u00e4r borren f\u00e5tt f\u00e4ste f\u00f6rs maskinen i en liten cirklande r\u00f6relse. R\u00f6relsen \u00e4r viktig f\u00f6r... View Article\" \/>\n<meta property=\"og:url\" content=\"https:\/\/lunatools.com\/sv\/product\/diamantborr-12mm-1-4-faste\/\" \/>\n<meta property=\"og:site_name\" content=\"Luna tools\" \/>\n<meta name=\"twitter:label1\" content=\"Ber\u00e4knad l\u00e4stid\" \/>\n\t<meta name=\"twitter:data1\" content=\"1 minut\" \/>\n<script type=\"application\/ld+json\" class=\"yoast-schema-graph\">{\"@context\":\"https:\/\/schema.org\",\"@graph\":[{\"@type\":\"WebPage\",\"@id\":\"https:\/\/lunatools.com\/sv\/product\/diamantborr-12mm-1-4-faste\/\",\"url\":\"https:\/\/lunatools.com\/sv\/product\/diamantborr-12mm-1-4-faste\/\",\"name\":\"DIAMANTBORR 12MM 1\/4 F\u00c4STE - Luna tools\",\"isPartOf\":{\"@id\":\"https:\/\/lunatools.com\/sv\/#website\"},\"datePublished\":\"2026-05-14T01:25:16+00:00\",\"dateModified\":\"2026-05-14T01:25:16+00:00\",\"breadcrumb\":{\"@id\":\"https:\/\/lunatools.com\/sv\/product\/diamantborr-12mm-1-4-faste\/#breadcrumb\"},\"inLanguage\":\"sv-SE\",\"potentialAction\":[{\"@type\":\"ReadAction\",\"target\":[\"https:\/\/lunatools.com\/sv\/product\/diamantborr-12mm-1-4-faste\/\"]}]},{\"@type\":\"BreadcrumbList\",\"@id\":\"https:\/\/lunatools.com\/sv\/product\/diamantborr-12mm-1-4-faste\/#breadcrumb\",\"itemListElement\":[{\"@type\":\"ListItem\",\"position\":1,\"name\":\"Home\",\"item\":\"https:\/\/lunatools.com\/sv\/\"},{\"@type\":\"ListItem\",\"position\":2,\"name\":\"Produkty\",\"item\":\"https:\/\/lunatools.com\/pl\/shop\/\"},{\"@type\":\"ListItem\",\"position\":3,\"name\":\"DIAMANTBORR 12MM 1\/4 F\u00c4STE\"}]},{\"@type\":\"WebSite\",\"@id\":\"https:\/\/lunatools.com\/sv\/#website\",\"url\":\"https:\/\/lunatools.com\/sv\/\",\"name\":\"Luna tools\",\"description\":\"\",\"publisher\":{\"@id\":\"https:\/\/lunatools.com\/sv\/#organization\"},\"potentialAction\":[{\"@type\":\"SearchAction\",\"target\":{\"@type\":\"EntryPoint\",\"urlTemplate\":\"https:\/\/lunatools.com\/sv\/?s={search_term_string}\"},\"query-input\":{\"@type\":\"PropertyValueSpecification\",\"valueRequired\":true,\"valueName\":\"search_term_string\"}}],\"inLanguage\":\"sv-SE\"},{\"@type\":\"Organization\",\"@id\":\"https:\/\/lunatools.com\/sv\/#organization\",\"name\":\"Luna Tools\",\"url\":\"https:\/\/lunatools.com\/sv\/\",\"logo\":{\"@type\":\"ImageObject\",\"inLanguage\":\"sv-SE\",\"@id\":\"https:\/\/lunatools.com\/sv\/#\/schema\/logo\/image\/\",\"url\":\"https:\/\/lunatools.com\/wp-content\/uploads\/2019\/10\/LunaTools-gray-logo.png\",\"contentUrl\":\"https:\/\/lunatools.com\/wp-content\/uploads\/2019\/10\/LunaTools-gray-logo.png\",\"width\":795,\"height\":309,\"caption\":\"Luna Tools\"},\"image\":{\"@id\":\"https:\/\/lunatools.com\/sv\/#\/schema\/logo\/image\/\"}}]}<\/script>\n<!-- \/ Yoast SEO plugin. -->","yoast_head_json":{"title":"DIAMANTBORR 12MM 1\/4 F\u00c4STE - Luna tools","robots":{"index":"index","follow":"follow","max-snippet":"max-snippet:-1","max-image-preview":"max-image-preview:large","max-video-preview":"max-video-preview:-1"},"canonical":"https:\/\/lunatools.com\/sv\/product\/diamantborr-12mm-1-4-faste\/","og_locale":"sv_SE","og_type":"article","og_title":"DIAMANTBORR 12MM 1\/4 F\u00c4STE - Luna tools","og_description":"Diamantborr f\u00f6r torrborrning med inbyggt sm\u00f6rjmedel i borrk\u00e4rnan som kyler under anv\u00e4ndning. F\u00f6r borrning i kakel, klinker, stengodsplattor, granit, keramikplattor, marmor m.m. Med 1\/4&#8221; sexkantsf\u00e4ste f\u00f6r snabbchuck. Rekommenderat varvtal ca. 1500 r\/m. Starta maskinen och s\u00e4tt borren snett mot plattan. N\u00e4r borren f\u00e5tt f\u00e4ste f\u00f6rs maskinen i en liten cirklande r\u00f6relse. R\u00f6relsen \u00e4r viktig f\u00f6r... View Article","og_url":"https:\/\/lunatools.com\/sv\/product\/diamantborr-12mm-1-4-faste\/","og_site_name":"Luna tools","twitter_misc":{"Ber\u00e4knad l\u00e4stid":"1 minut"},"schema":{"@context":"https:\/\/schema.org","@graph":[{"@type":"WebPage","@id":"https:\/\/lunatools.com\/sv\/product\/diamantborr-12mm-1-4-faste\/","url":"https:\/\/lunatools.com\/sv\/product\/diamantborr-12mm-1-4-faste\/","name":"DIAMANTBORR 12MM 1\/4 F\u00c4STE - Luna tools","isPartOf":{"@id":"https:\/\/lunatools.com\/sv\/#website"},"datePublished":"2026-05-14T01:25:16+00:00","dateModified":"2026-05-14T01:25:16+00:00","breadcrumb":{"@id":"https:\/\/lunatools.com\/sv\/product\/diamantborr-12mm-1-4-faste\/#breadcrumb"},"inLanguage":"sv-SE","potentialAction":[{"@type":"ReadAction","target":["https:\/\/lunatools.com\/sv\/product\/diamantborr-12mm-1-4-faste\/"]}]},{"@type":"BreadcrumbList","@id":"https:\/\/lunatools.com\/sv\/product\/diamantborr-12mm-1-4-faste\/#breadcrumb","itemListElement":[{"@type":"ListItem","position":1,"name":"Home","item":"https:\/\/lunatools.com\/sv\/"},{"@type":"ListItem","position":2,"name":"Produkty","item":"https:\/\/lunatools.com\/pl\/shop\/"},{"@type":"ListItem","position":3,"name":"DIAMANTBORR 12MM 1\/4 F\u00c4STE"}]},{"@type":"WebSite","@id":"https:\/\/lunatools.com\/sv\/#website","url":"https:\/\/lunatools.com\/sv\/","name":"Luna tools","description":"","publisher":{"@id":"https:\/\/lunatools.com\/sv\/#organization"},"potentialAction":[{"@type":"SearchAction","target":{"@type":"EntryPoint","urlTemplate":"https:\/\/lunatools.com\/sv\/?s={search_term_string}"},"query-input":{"@type":"PropertyValueSpecification","valueRequired":true,"valueName":"search_term_string"}}],"inLanguage":"sv-SE"},{"@type":"Organization","@id":"https:\/\/lunatools.com\/sv\/#organization","name":"Luna Tools","url":"https:\/\/lunatools.com\/sv\/","logo":{"@type":"ImageObject","inLanguage":"sv-SE","@id":"https:\/\/lunatools.com\/sv\/#\/schema\/logo\/image\/","url":"https:\/\/lunatools.com\/wp-content\/uploads\/2019\/10\/LunaTools-gray-logo.png","contentUrl":"https:\/\/lunatools.com\/wp-content\/uploads\/2019\/10\/LunaTools-gray-logo.png","width":795,"height":309,"caption":"Luna Tools"},"image":{"@id":"https:\/\/lunatools.com\/sv\/#\/schema\/logo\/image\/"}}]}},"_links":{"self":[{"href":"https:\/\/lunatools.com\/sv\/wp-json\/wp\/v2\/product\/3395"}],"collection":[{"href":"https:\/\/lunatools.com\/sv\/wp-json\/wp\/v2\/product"}],"about":[{"href":"https:\/\/lunatools.com\/sv\/wp-json\/wp\/v2\/types\/product"}],"wp:attachment":[{"href":"https:\/\/lunatools.com\/sv\/wp-json\/wp\/v2\/media?parent=3395"}],"wp:term":[{"taxonomy":"product_cat","embeddable":true,"href":"https:\/\/lunatools.com\/sv\/wp-json\/wp\/v2\/product_cat?post=3395"},{"taxonomy":"product_tag","embeddable":true,"href":"https:\/\/lunatools.com\/sv\/wp-json\/wp\/v2\/product_tag?post=3395"}],"curies":[{"name":"wp","href":"https:\/\/api.w.org\/{rel}","templated":true}]}}