{"id":3618,"date":"2026-04-17T00:25:16","date_gmt":"2026-04-17T00:25:16","guid":{"rendered":"https:\/\/lunatools.com\/product\/sticksagblad-67x8x1-17tpi5\/"},"modified":"2026-04-17T00:25:16","modified_gmt":"2026-04-17T00:25:16","slug":"sticksagblad-67x8x1-17tpi5","status":"publish","type":"product","link":"https:\/\/lunatools.com\/sv\/product\/sticksagblad-67x8x1-17tpi5\/","title":{"rendered":"STICKS\u00c5GBLAD 67X8X1 17TPI(5)"},"content":{"rendered":"<p>S\u00e5gblad f\u00f6r elektriska sticks\u00e5gar. Tillverkade av HSS, med fr\u00e4sta skr\u00e4nkta t\u00e4nder.<br \/>\nLevereras i SB-f\u00f6rpackning om 5 blad.<br \/>\nAnv\u00e4ndningsomr\u00e5de\/Egenskaper: F\u00f6r tunn metall 1-3 mm. Fina snitt i metallprofiler eller pl\u00e5t.<\/p>\n","protected":false},"excerpt":{"rendered":"S\u00e5gblad f\u00f6r elektriska sticks\u00e5gar. Tillverkade av HSS, med fr\u00e4sta skr\u00e4nkta t\u00e4nder. Levereras i SB-f\u00f6rpackning om 5 blad. Anv\u00e4ndningsomr\u00e5de\/Egenskaper: F\u00f6r tunn metall 1-3 mm. Fina snitt i metallprofiler eller pl\u00e5t.","protected":false},"featured_media":39255,"template":"","meta":{"_acf_changed":false},"product_cat":[395,396],"product_tag":[],"class_list":{"0":"post-3618","1":"product","2":"type-product","3":"status-publish","4":"has-post-thumbnail","6":"product_cat-sagblad-sv","7":"product_cat-sticksagblad-sv","9":"first","10":"instock","11":"shipping-taxable","12":"product-type-simple"},"acf":[],"yoast_head":"<!-- This site is optimized with the Yoast SEO plugin v23.4 - https:\/\/yoast.com\/wordpress\/plugins\/seo\/ -->\n<title>STICKS\u00c5GBLAD 67X8X1 17TPI(5) - Luna tools<\/title>\n<meta name=\"robots\" content=\"index, follow, max-snippet:-1, max-image-preview:large, max-video-preview:-1\" \/>\n<link rel=\"canonical\" href=\"https:\/\/lunatools.com\/sv\/product\/sticksagblad-67x8x1-17tpi5\/\" \/>\n<meta property=\"og:locale\" content=\"sv_SE\" \/>\n<meta property=\"og:type\" content=\"article\" \/>\n<meta property=\"og:title\" content=\"STICKS\u00c5GBLAD 67X8X1 17TPI(5) - Luna tools\" \/>\n<meta property=\"og:description\" content=\"S\u00e5gblad f\u00f6r elektriska sticks\u00e5gar. Tillverkade av HSS, med fr\u00e4sta skr\u00e4nkta t\u00e4nder. Levereras i SB-f\u00f6rpackning om 5 blad. Anv\u00e4ndningsomr\u00e5de\/Egenskaper: F\u00f6r tunn metall 1-3 mm. Fina snitt i metallprofiler eller pl\u00e5t.\" \/>\n<meta property=\"og:url\" content=\"https:\/\/lunatools.com\/sv\/product\/sticksagblad-67x8x1-17tpi5\/\" \/>\n<meta property=\"og:site_name\" content=\"Luna tools\" \/>\n<meta property=\"og:image\" content=\"https:\/\/lunatools.com\/wp-content\/uploads\/2021\/03\/869806-16.jpg\" \/>\n\t<meta property=\"og:image:width\" content=\"1400\" \/>\n\t<meta property=\"og:image:height\" content=\"500\" \/>\n\t<meta property=\"og:image:type\" content=\"image\/jpeg\" \/>\n<script type=\"application\/ld+json\" class=\"yoast-schema-graph\">{\"@context\":\"https:\/\/schema.org\",\"@graph\":[{\"@type\":\"WebPage\",\"@id\":\"https:\/\/lunatools.com\/sv\/product\/sticksagblad-67x8x1-17tpi5\/\",\"url\":\"https:\/\/lunatools.com\/sv\/product\/sticksagblad-67x8x1-17tpi5\/\",\"name\":\"STICKS\u00c5GBLAD 67X8X1 17TPI(5) - Luna tools\",\"isPartOf\":{\"@id\":\"https:\/\/lunatools.com\/sv\/#website\"},\"primaryImageOfPage\":{\"@id\":\"https:\/\/lunatools.com\/sv\/product\/sticksagblad-67x8x1-17tpi5\/#primaryimage\"},\"image\":{\"@id\":\"https:\/\/lunatools.com\/sv\/product\/sticksagblad-67x8x1-17tpi5\/#primaryimage\"},\"thumbnailUrl\":\"https:\/\/lunatools.com\/wp-content\/uploads\/2021\/03\/869806-16.jpg\",\"datePublished\":\"2026-04-17T00:25:16+00:00\",\"dateModified\":\"2026-04-17T00:25:16+00:00\",\"breadcrumb\":{\"@id\":\"https:\/\/lunatools.com\/sv\/product\/sticksagblad-67x8x1-17tpi5\/#breadcrumb\"},\"inLanguage\":\"sv-SE\",\"potentialAction\":[{\"@type\":\"ReadAction\",\"target\":[\"https:\/\/lunatools.com\/sv\/product\/sticksagblad-67x8x1-17tpi5\/\"]}]},{\"@type\":\"ImageObject\",\"inLanguage\":\"sv-SE\",\"@id\":\"https:\/\/lunatools.com\/sv\/product\/sticksagblad-67x8x1-17tpi5\/#primaryimage\",\"url\":\"https:\/\/lunatools.com\/wp-content\/uploads\/2021\/03\/869806-16.jpg\",\"contentUrl\":\"https:\/\/lunatools.com\/wp-content\/uploads\/2021\/03\/869806-16.jpg\",\"width\":1400,\"height\":500},{\"@type\":\"BreadcrumbList\",\"@id\":\"https:\/\/lunatools.com\/sv\/product\/sticksagblad-67x8x1-17tpi5\/#breadcrumb\",\"itemListElement\":[{\"@type\":\"ListItem\",\"position\":1,\"name\":\"Home\",\"item\":\"https:\/\/lunatools.com\/sv\/\"},{\"@type\":\"ListItem\",\"position\":2,\"name\":\"Produkty\",\"item\":\"https:\/\/lunatools.com\/pl\/shop\/\"},{\"@type\":\"ListItem\",\"position\":3,\"name\":\"STICKS\u00c5GBLAD 67X8X1 17TPI(5)\"}]},{\"@type\":\"WebSite\",\"@id\":\"https:\/\/lunatools.com\/sv\/#website\",\"url\":\"https:\/\/lunatools.com\/sv\/\",\"name\":\"Luna tools\",\"description\":\"\",\"publisher\":{\"@id\":\"https:\/\/lunatools.com\/sv\/#organization\"},\"potentialAction\":[{\"@type\":\"SearchAction\",\"target\":{\"@type\":\"EntryPoint\",\"urlTemplate\":\"https:\/\/lunatools.com\/sv\/?s={search_term_string}\"},\"query-input\":{\"@type\":\"PropertyValueSpecification\",\"valueRequired\":true,\"valueName\":\"search_term_string\"}}],\"inLanguage\":\"sv-SE\"},{\"@type\":\"Organization\",\"@id\":\"https:\/\/lunatools.com\/sv\/#organization\",\"name\":\"Luna Tools\",\"url\":\"https:\/\/lunatools.com\/sv\/\",\"logo\":{\"@type\":\"ImageObject\",\"inLanguage\":\"sv-SE\",\"@id\":\"https:\/\/lunatools.com\/sv\/#\/schema\/logo\/image\/\",\"url\":\"https:\/\/lunatools.com\/wp-content\/uploads\/2019\/10\/LunaTools-gray-logo.png\",\"contentUrl\":\"https:\/\/lunatools.com\/wp-content\/uploads\/2019\/10\/LunaTools-gray-logo.png\",\"width\":795,\"height\":309,\"caption\":\"Luna Tools\"},\"image\":{\"@id\":\"https:\/\/lunatools.com\/sv\/#\/schema\/logo\/image\/\"}}]}<\/script>\n<!-- \/ Yoast SEO plugin. -->","yoast_head_json":{"title":"STICKS\u00c5GBLAD 67X8X1 17TPI(5) - Luna tools","robots":{"index":"index","follow":"follow","max-snippet":"max-snippet:-1","max-image-preview":"max-image-preview:large","max-video-preview":"max-video-preview:-1"},"canonical":"https:\/\/lunatools.com\/sv\/product\/sticksagblad-67x8x1-17tpi5\/","og_locale":"sv_SE","og_type":"article","og_title":"STICKS\u00c5GBLAD 67X8X1 17TPI(5) - Luna tools","og_description":"S\u00e5gblad f\u00f6r elektriska sticks\u00e5gar. Tillverkade av HSS, med fr\u00e4sta skr\u00e4nkta t\u00e4nder. Levereras i SB-f\u00f6rpackning om 5 blad. Anv\u00e4ndningsomr\u00e5de\/Egenskaper: F\u00f6r tunn metall 1-3 mm. Fina snitt i metallprofiler eller pl\u00e5t.","og_url":"https:\/\/lunatools.com\/sv\/product\/sticksagblad-67x8x1-17tpi5\/","og_site_name":"Luna tools","og_image":[{"width":1400,"height":500,"url":"https:\/\/lunatools.com\/wp-content\/uploads\/2021\/03\/869806-16.jpg","type":"image\/jpeg"}],"schema":{"@context":"https:\/\/schema.org","@graph":[{"@type":"WebPage","@id":"https:\/\/lunatools.com\/sv\/product\/sticksagblad-67x8x1-17tpi5\/","url":"https:\/\/lunatools.com\/sv\/product\/sticksagblad-67x8x1-17tpi5\/","name":"STICKS\u00c5GBLAD 67X8X1 17TPI(5) - Luna tools","isPartOf":{"@id":"https:\/\/lunatools.com\/sv\/#website"},"primaryImageOfPage":{"@id":"https:\/\/lunatools.com\/sv\/product\/sticksagblad-67x8x1-17tpi5\/#primaryimage"},"image":{"@id":"https:\/\/lunatools.com\/sv\/product\/sticksagblad-67x8x1-17tpi5\/#primaryimage"},"thumbnailUrl":"https:\/\/lunatools.com\/wp-content\/uploads\/2021\/03\/869806-16.jpg","datePublished":"2026-04-17T00:25:16+00:00","dateModified":"2026-04-17T00:25:16+00:00","breadcrumb":{"@id":"https:\/\/lunatools.com\/sv\/product\/sticksagblad-67x8x1-17tpi5\/#breadcrumb"},"inLanguage":"sv-SE","potentialAction":[{"@type":"ReadAction","target":["https:\/\/lunatools.com\/sv\/product\/sticksagblad-67x8x1-17tpi5\/"]}]},{"@type":"ImageObject","inLanguage":"sv-SE","@id":"https:\/\/lunatools.com\/sv\/product\/sticksagblad-67x8x1-17tpi5\/#primaryimage","url":"https:\/\/lunatools.com\/wp-content\/uploads\/2021\/03\/869806-16.jpg","contentUrl":"https:\/\/lunatools.com\/wp-content\/uploads\/2021\/03\/869806-16.jpg","width":1400,"height":500},{"@type":"BreadcrumbList","@id":"https:\/\/lunatools.com\/sv\/product\/sticksagblad-67x8x1-17tpi5\/#breadcrumb","itemListElement":[{"@type":"ListItem","position":1,"name":"Home","item":"https:\/\/lunatools.com\/sv\/"},{"@type":"ListItem","position":2,"name":"Produkty","item":"https:\/\/lunatools.com\/pl\/shop\/"},{"@type":"ListItem","position":3,"name":"STICKS\u00c5GBLAD 67X8X1 17TPI(5)"}]},{"@type":"WebSite","@id":"https:\/\/lunatools.com\/sv\/#website","url":"https:\/\/lunatools.com\/sv\/","name":"Luna tools","description":"","publisher":{"@id":"https:\/\/lunatools.com\/sv\/#organization"},"potentialAction":[{"@type":"SearchAction","target":{"@type":"EntryPoint","urlTemplate":"https:\/\/lunatools.com\/sv\/?s={search_term_string}"},"query-input":{"@type":"PropertyValueSpecification","valueRequired":true,"valueName":"search_term_string"}}],"inLanguage":"sv-SE"},{"@type":"Organization","@id":"https:\/\/lunatools.com\/sv\/#organization","name":"Luna Tools","url":"https:\/\/lunatools.com\/sv\/","logo":{"@type":"ImageObject","inLanguage":"sv-SE","@id":"https:\/\/lunatools.com\/sv\/#\/schema\/logo\/image\/","url":"https:\/\/lunatools.com\/wp-content\/uploads\/2019\/10\/LunaTools-gray-logo.png","contentUrl":"https:\/\/lunatools.com\/wp-content\/uploads\/2019\/10\/LunaTools-gray-logo.png","width":795,"height":309,"caption":"Luna Tools"},"image":{"@id":"https:\/\/lunatools.com\/sv\/#\/schema\/logo\/image\/"}}]}},"_links":{"self":[{"href":"https:\/\/lunatools.com\/sv\/wp-json\/wp\/v2\/product\/3618"}],"collection":[{"href":"https:\/\/lunatools.com\/sv\/wp-json\/wp\/v2\/product"}],"about":[{"href":"https:\/\/lunatools.com\/sv\/wp-json\/wp\/v2\/types\/product"}],"wp:featuredmedia":[{"embeddable":true,"href":"https:\/\/lunatools.com\/sv\/wp-json\/wp\/v2\/media\/39255"}],"wp:attachment":[{"href":"https:\/\/lunatools.com\/sv\/wp-json\/wp\/v2\/media?parent=3618"}],"wp:term":[{"taxonomy":"product_cat","embeddable":true,"href":"https:\/\/lunatools.com\/sv\/wp-json\/wp\/v2\/product_cat?post=3618"},{"taxonomy":"product_tag","embeddable":true,"href":"https:\/\/lunatools.com\/sv\/wp-json\/wp\/v2\/product_tag?post=3618"}],"curies":[{"name":"wp","href":"https:\/\/api.w.org\/{rel}","templated":true}]}}