{"id":530,"date":"2022-09-10T02:30:05","date_gmt":"2022-09-10T02:30:05","guid":{"rendered":"https:\/\/lunatools.com\/product\/spiralborr-32-hss-g-din1897\/"},"modified":"2022-09-10T02:30:05","modified_gmt":"2022-09-10T02:30:05","slug":"spiralborr-32-hss-g-din1897","status":"publish","type":"product","link":"https:\/\/lunatools.com\/sv\/product\/spiralborr-32-hss-g-din1897\/","title":{"rendered":"SPIRALBORR 3,2 HSS-G DIN1897"},"content":{"rendered":"<p>Standardborrar f\u00f6r borrning av st\u00e5l, st\u00e5lgjutgods (legerat och olegerat), gjutj\u00e4rn, aducergods och segj\u00e4rn etc. Spetsvinkel 135\u00b0. Med korsspets f\u00f6r noggrann centrering och reducering av axialkraften. Speciellt l\u00e4mpliga f\u00f6r handborrmaskiner vid borrning i tunnv\u00e4ggiga material. DIN 1897.<br \/>\nHSS-G.  \u00c5nganl\u00f6pta.<br \/>\n17259-0705, 17259-1000, 17259-1406  anv\u00e4nds vanligtsvis som popnits-borr.<\/p>\n","protected":false},"excerpt":{"rendered":"Standardborrar f\u00f6r borrning av st\u00e5l, st\u00e5lgjutgods (legerat och olegerat), gjutj\u00e4rn, aducergods och segj\u00e4rn etc. Spetsvinkel 135\u00b0. Med korsspets f\u00f6r noggrann centrering och reducering av axialkraften. Speciellt l\u00e4mpliga f\u00f6r handborrmaskiner vid borrning i tunnv\u00e4ggiga material. DIN 1897. HSS-G. \u00c5nganl\u00f6pta. 17259-0705, 17259-1000, 17259-1406 anv\u00e4nds vanligtsvis som popnits-borr.","protected":false},"featured_media":0,"template":"","meta":{"_acf_changed":false},"product_cat":[393,485],"product_tag":[],"class_list":{"0":"post-530","1":"product","2":"type-product","3":"status-publish","5":"product_cat-borr-sv","6":"product_cat-spiralborr-sv","8":"first","9":"instock","10":"shipping-taxable","11":"product-type-simple"},"acf":[],"yoast_head":"<!-- This site is optimized with the Yoast SEO plugin v23.4 - https:\/\/yoast.com\/wordpress\/plugins\/seo\/ -->\n<title>SPIRALBORR 3,2 HSS-G DIN1897 - Luna tools<\/title>\n<meta name=\"robots\" content=\"index, follow, max-snippet:-1, max-image-preview:large, max-video-preview:-1\" \/>\n<link rel=\"canonical\" href=\"https:\/\/lunatools.com\/sv\/product\/spiralborr-32-hss-g-din1897\/\" \/>\n<meta property=\"og:locale\" content=\"sv_SE\" \/>\n<meta property=\"og:type\" content=\"article\" \/>\n<meta property=\"og:title\" content=\"SPIRALBORR 3,2 HSS-G DIN1897 - Luna tools\" \/>\n<meta property=\"og:description\" content=\"Standardborrar f\u00f6r borrning av st\u00e5l, st\u00e5lgjutgods (legerat och olegerat), gjutj\u00e4rn, aducergods och segj\u00e4rn etc. Spetsvinkel 135\u00b0. Med korsspets f\u00f6r noggrann centrering och reducering av axialkraften. Speciellt l\u00e4mpliga f\u00f6r handborrmaskiner vid borrning i tunnv\u00e4ggiga material. DIN 1897. HSS-G. \u00c5nganl\u00f6pta. 17259-0705, 17259-1000, 17259-1406 anv\u00e4nds vanligtsvis som popnits-borr.\" \/>\n<meta property=\"og:url\" content=\"https:\/\/lunatools.com\/sv\/product\/spiralborr-32-hss-g-din1897\/\" \/>\n<meta property=\"og:site_name\" content=\"Luna tools\" \/>\n<script type=\"application\/ld+json\" class=\"yoast-schema-graph\">{\"@context\":\"https:\/\/schema.org\",\"@graph\":[{\"@type\":\"WebPage\",\"@id\":\"https:\/\/lunatools.com\/sv\/product\/spiralborr-32-hss-g-din1897\/\",\"url\":\"https:\/\/lunatools.com\/sv\/product\/spiralborr-32-hss-g-din1897\/\",\"name\":\"SPIRALBORR 3,2 HSS-G DIN1897 - Luna tools\",\"isPartOf\":{\"@id\":\"https:\/\/lunatools.com\/sv\/#website\"},\"datePublished\":\"2022-09-10T02:30:05+00:00\",\"dateModified\":\"2022-09-10T02:30:05+00:00\",\"breadcrumb\":{\"@id\":\"https:\/\/lunatools.com\/sv\/product\/spiralborr-32-hss-g-din1897\/#breadcrumb\"},\"inLanguage\":\"sv-SE\",\"potentialAction\":[{\"@type\":\"ReadAction\",\"target\":[\"https:\/\/lunatools.com\/sv\/product\/spiralborr-32-hss-g-din1897\/\"]}]},{\"@type\":\"BreadcrumbList\",\"@id\":\"https:\/\/lunatools.com\/sv\/product\/spiralborr-32-hss-g-din1897\/#breadcrumb\",\"itemListElement\":[{\"@type\":\"ListItem\",\"position\":1,\"name\":\"Home\",\"item\":\"https:\/\/lunatools.com\/sv\/\"},{\"@type\":\"ListItem\",\"position\":2,\"name\":\"Produkty\",\"item\":\"https:\/\/lunatools.com\/pl\/shop\/\"},{\"@type\":\"ListItem\",\"position\":3,\"name\":\"SPIRALBORR 3,2 HSS-G DIN1897\"}]},{\"@type\":\"WebSite\",\"@id\":\"https:\/\/lunatools.com\/sv\/#website\",\"url\":\"https:\/\/lunatools.com\/sv\/\",\"name\":\"Luna tools\",\"description\":\"\",\"publisher\":{\"@id\":\"https:\/\/lunatools.com\/sv\/#organization\"},\"potentialAction\":[{\"@type\":\"SearchAction\",\"target\":{\"@type\":\"EntryPoint\",\"urlTemplate\":\"https:\/\/lunatools.com\/sv\/?s={search_term_string}\"},\"query-input\":{\"@type\":\"PropertyValueSpecification\",\"valueRequired\":true,\"valueName\":\"search_term_string\"}}],\"inLanguage\":\"sv-SE\"},{\"@type\":\"Organization\",\"@id\":\"https:\/\/lunatools.com\/sv\/#organization\",\"name\":\"Luna Tools\",\"url\":\"https:\/\/lunatools.com\/sv\/\",\"logo\":{\"@type\":\"ImageObject\",\"inLanguage\":\"sv-SE\",\"@id\":\"https:\/\/lunatools.com\/sv\/#\/schema\/logo\/image\/\",\"url\":\"https:\/\/lunatools.com\/wp-content\/uploads\/2019\/10\/LunaTools-gray-logo.png\",\"contentUrl\":\"https:\/\/lunatools.com\/wp-content\/uploads\/2019\/10\/LunaTools-gray-logo.png\",\"width\":795,\"height\":309,\"caption\":\"Luna Tools\"},\"image\":{\"@id\":\"https:\/\/lunatools.com\/sv\/#\/schema\/logo\/image\/\"}}]}<\/script>\n<!-- \/ Yoast SEO plugin. -->","yoast_head_json":{"title":"SPIRALBORR 3,2 HSS-G DIN1897 - Luna tools","robots":{"index":"index","follow":"follow","max-snippet":"max-snippet:-1","max-image-preview":"max-image-preview:large","max-video-preview":"max-video-preview:-1"},"canonical":"https:\/\/lunatools.com\/sv\/product\/spiralborr-32-hss-g-din1897\/","og_locale":"sv_SE","og_type":"article","og_title":"SPIRALBORR 3,2 HSS-G DIN1897 - Luna tools","og_description":"Standardborrar f\u00f6r borrning av st\u00e5l, st\u00e5lgjutgods (legerat och olegerat), gjutj\u00e4rn, aducergods och segj\u00e4rn etc. Spetsvinkel 135\u00b0. Med korsspets f\u00f6r noggrann centrering och reducering av axialkraften. Speciellt l\u00e4mpliga f\u00f6r handborrmaskiner vid borrning i tunnv\u00e4ggiga material. DIN 1897. HSS-G. \u00c5nganl\u00f6pta. 17259-0705, 17259-1000, 17259-1406 anv\u00e4nds vanligtsvis som popnits-borr.","og_url":"https:\/\/lunatools.com\/sv\/product\/spiralborr-32-hss-g-din1897\/","og_site_name":"Luna tools","schema":{"@context":"https:\/\/schema.org","@graph":[{"@type":"WebPage","@id":"https:\/\/lunatools.com\/sv\/product\/spiralborr-32-hss-g-din1897\/","url":"https:\/\/lunatools.com\/sv\/product\/spiralborr-32-hss-g-din1897\/","name":"SPIRALBORR 3,2 HSS-G DIN1897 - Luna tools","isPartOf":{"@id":"https:\/\/lunatools.com\/sv\/#website"},"datePublished":"2022-09-10T02:30:05+00:00","dateModified":"2022-09-10T02:30:05+00:00","breadcrumb":{"@id":"https:\/\/lunatools.com\/sv\/product\/spiralborr-32-hss-g-din1897\/#breadcrumb"},"inLanguage":"sv-SE","potentialAction":[{"@type":"ReadAction","target":["https:\/\/lunatools.com\/sv\/product\/spiralborr-32-hss-g-din1897\/"]}]},{"@type":"BreadcrumbList","@id":"https:\/\/lunatools.com\/sv\/product\/spiralborr-32-hss-g-din1897\/#breadcrumb","itemListElement":[{"@type":"ListItem","position":1,"name":"Home","item":"https:\/\/lunatools.com\/sv\/"},{"@type":"ListItem","position":2,"name":"Produkty","item":"https:\/\/lunatools.com\/pl\/shop\/"},{"@type":"ListItem","position":3,"name":"SPIRALBORR 3,2 HSS-G DIN1897"}]},{"@type":"WebSite","@id":"https:\/\/lunatools.com\/sv\/#website","url":"https:\/\/lunatools.com\/sv\/","name":"Luna tools","description":"","publisher":{"@id":"https:\/\/lunatools.com\/sv\/#organization"},"potentialAction":[{"@type":"SearchAction","target":{"@type":"EntryPoint","urlTemplate":"https:\/\/lunatools.com\/sv\/?s={search_term_string}"},"query-input":{"@type":"PropertyValueSpecification","valueRequired":true,"valueName":"search_term_string"}}],"inLanguage":"sv-SE"},{"@type":"Organization","@id":"https:\/\/lunatools.com\/sv\/#organization","name":"Luna Tools","url":"https:\/\/lunatools.com\/sv\/","logo":{"@type":"ImageObject","inLanguage":"sv-SE","@id":"https:\/\/lunatools.com\/sv\/#\/schema\/logo\/image\/","url":"https:\/\/lunatools.com\/wp-content\/uploads\/2019\/10\/LunaTools-gray-logo.png","contentUrl":"https:\/\/lunatools.com\/wp-content\/uploads\/2019\/10\/LunaTools-gray-logo.png","width":795,"height":309,"caption":"Luna Tools"},"image":{"@id":"https:\/\/lunatools.com\/sv\/#\/schema\/logo\/image\/"}}]}},"_links":{"self":[{"href":"https:\/\/lunatools.com\/sv\/wp-json\/wp\/v2\/product\/530"}],"collection":[{"href":"https:\/\/lunatools.com\/sv\/wp-json\/wp\/v2\/product"}],"about":[{"href":"https:\/\/lunatools.com\/sv\/wp-json\/wp\/v2\/types\/product"}],"wp:attachment":[{"href":"https:\/\/lunatools.com\/sv\/wp-json\/wp\/v2\/media?parent=530"}],"wp:term":[{"taxonomy":"product_cat","embeddable":true,"href":"https:\/\/lunatools.com\/sv\/wp-json\/wp\/v2\/product_cat?post=530"},{"taxonomy":"product_tag","embeddable":true,"href":"https:\/\/lunatools.com\/sv\/wp-json\/wp\/v2\/product_tag?post=530"}],"curies":[{"name":"wp","href":"https:\/\/api.w.org\/{rel}","templated":true}]}}