{"id":618,"date":"2019-03-07T08:30:14","date_gmt":"2019-03-07T08:30:14","guid":{"rendered":"https:\/\/lunatools.com\/product\/olja-kompressor-sae-30-1l\/"},"modified":"2019-03-07T08:30:14","modified_gmt":"2019-03-07T08:30:14","slug":"olja-kompressor-sae-30-1l","status":"publish","type":"product","link":"https:\/\/lunatools.com\/sv\/product\/olja-kompressor-sae-30-1l\/","title":{"rendered":"OLJA KOMPRESSOR SAE 30 1L"},"content":{"rendered":"<p>COMPOIL SAE 30 Rekommenderas till alla typer av mobila och station\u00e4ra kolv-kompressorer d\u00e4r en rak singlegrade olja SAE 30 kvalit\u00e9 f\u00f6reskrivs. Oljan har m\u00e5nga applikationsomr\u00e5den. Detta g\u00f6r den l\u00e4mplig n\u00e4r man vill ers\u00e4tta ett antal olika produkter med en enda i rationaliseringssyfte.<br \/>\nEgenskaper.<br \/>\nKompressoroljan \u00e4r en mineraloljebaserad singlegrade olja med additiv som f\u00f6rhindrar slitage, korrosion och oxidation. Vid anv\u00e4ndning av motorolja, h\u00e5ller oljan  motorn ren fr\u00e5n avlagringar och f\u00f6rbr\u00e4nningsrester. Detta \u00f6kar \u00f6kar kompressorns\/motorns livsl\u00e4ngd och minimerar risken f\u00f6r sm\u00f6rjrelaterade driftsst\u00f6rningar.<br \/>\nF\u00f6rdelar.<br \/>\nKompressoroljan \u00e4r avsedd f\u00f6r kompressorer, men kan \u00e4ven anv\u00e4ndas till station\u00e4ra och mobila motorer samt marindieslar i kustsj\u00f6fart,  hydraulsystem, kompressorer, convertrar, gr\u00e4sklippare m m d\u00e4r en singlegrade motorolja f\u00f6reskrivs.<br \/>\nL\u00e4s s\u00e4kerhetsdatablad f\u00f6re anv\u00e4ndning.<\/p>\n","protected":false},"excerpt":{"rendered":"COMPOIL SAE 30 Rekommenderas till alla typer av mobila och station\u00e4ra kolv-kompressorer d\u00e4r en rak singlegrade olja SAE 30 kvalit\u00e9 f\u00f6reskrivs. Oljan har m\u00e5nga applikationsomr\u00e5den. Detta g\u00f6r den l\u00e4mplig n\u00e4r man vill ers\u00e4tta ett antal olika produkter med en enda i rationaliseringssyfte. Egenskaper. Kompressoroljan \u00e4r en mineraloljebaserad singlegrade olja med additiv som f\u00f6rhindrar slitage, korrosion&#8230; <a class=\"view-article\" href=\"https:\/\/lunatools.com\/sv\/product\/olja-kompressor-sae-30-1l\/\">View Article<\/a>","protected":false},"featured_media":0,"template":"","meta":{"_acf_changed":false},"product_cat":[15],"product_tag":[],"class_list":{"0":"post-618","1":"product","2":"type-product","3":"status-publish","5":"product_cat-uncategorized","7":"first","8":"instock","9":"shipping-taxable","10":"product-type-simple"},"acf":[],"yoast_head":"<!-- This site is optimized with the Yoast SEO plugin v23.4 - https:\/\/yoast.com\/wordpress\/plugins\/seo\/ -->\n<title>OLJA KOMPRESSOR SAE 30 1L - Luna tools<\/title>\n<meta name=\"robots\" content=\"index, follow, max-snippet:-1, max-image-preview:large, max-video-preview:-1\" \/>\n<link rel=\"canonical\" href=\"https:\/\/lunatools.com\/sv\/product\/olja-kompressor-sae-30-1l\/\" \/>\n<meta property=\"og:locale\" content=\"sv_SE\" \/>\n<meta property=\"og:type\" content=\"article\" \/>\n<meta property=\"og:title\" content=\"OLJA KOMPRESSOR SAE 30 1L - Luna tools\" \/>\n<meta property=\"og:description\" content=\"COMPOIL SAE 30 Rekommenderas till alla typer av mobila och station\u00e4ra kolv-kompressorer d\u00e4r en rak singlegrade olja SAE 30 kvalit\u00e9 f\u00f6reskrivs. Oljan har m\u00e5nga applikationsomr\u00e5den. Detta g\u00f6r den l\u00e4mplig n\u00e4r man vill ers\u00e4tta ett antal olika produkter med en enda i rationaliseringssyfte. Egenskaper. Kompressoroljan \u00e4r en mineraloljebaserad singlegrade olja med additiv som f\u00f6rhindrar slitage, korrosion... View Article\" \/>\n<meta property=\"og:url\" content=\"https:\/\/lunatools.com\/sv\/product\/olja-kompressor-sae-30-1l\/\" \/>\n<meta property=\"og:site_name\" content=\"Luna tools\" \/>\n<meta name=\"twitter:label1\" content=\"Ber\u00e4knad l\u00e4stid\" \/>\n\t<meta name=\"twitter:data1\" content=\"1 minut\" \/>\n<script type=\"application\/ld+json\" class=\"yoast-schema-graph\">{\"@context\":\"https:\/\/schema.org\",\"@graph\":[{\"@type\":\"WebPage\",\"@id\":\"https:\/\/lunatools.com\/sv\/product\/olja-kompressor-sae-30-1l\/\",\"url\":\"https:\/\/lunatools.com\/sv\/product\/olja-kompressor-sae-30-1l\/\",\"name\":\"OLJA KOMPRESSOR SAE 30 1L - Luna tools\",\"isPartOf\":{\"@id\":\"https:\/\/lunatools.com\/sv\/#website\"},\"datePublished\":\"2019-03-07T08:30:14+00:00\",\"dateModified\":\"2019-03-07T08:30:14+00:00\",\"breadcrumb\":{\"@id\":\"https:\/\/lunatools.com\/sv\/product\/olja-kompressor-sae-30-1l\/#breadcrumb\"},\"inLanguage\":\"sv-SE\",\"potentialAction\":[{\"@type\":\"ReadAction\",\"target\":[\"https:\/\/lunatools.com\/sv\/product\/olja-kompressor-sae-30-1l\/\"]}]},{\"@type\":\"BreadcrumbList\",\"@id\":\"https:\/\/lunatools.com\/sv\/product\/olja-kompressor-sae-30-1l\/#breadcrumb\",\"itemListElement\":[{\"@type\":\"ListItem\",\"position\":1,\"name\":\"Home\",\"item\":\"https:\/\/lunatools.com\/sv\/\"},{\"@type\":\"ListItem\",\"position\":2,\"name\":\"Produkty\",\"item\":\"https:\/\/lunatools.com\/pl\/shop\/\"},{\"@type\":\"ListItem\",\"position\":3,\"name\":\"OLJA KOMPRESSOR SAE 30 1L\"}]},{\"@type\":\"WebSite\",\"@id\":\"https:\/\/lunatools.com\/sv\/#website\",\"url\":\"https:\/\/lunatools.com\/sv\/\",\"name\":\"Luna tools\",\"description\":\"\",\"publisher\":{\"@id\":\"https:\/\/lunatools.com\/sv\/#organization\"},\"potentialAction\":[{\"@type\":\"SearchAction\",\"target\":{\"@type\":\"EntryPoint\",\"urlTemplate\":\"https:\/\/lunatools.com\/sv\/?s={search_term_string}\"},\"query-input\":{\"@type\":\"PropertyValueSpecification\",\"valueRequired\":true,\"valueName\":\"search_term_string\"}}],\"inLanguage\":\"sv-SE\"},{\"@type\":\"Organization\",\"@id\":\"https:\/\/lunatools.com\/sv\/#organization\",\"name\":\"Luna Tools\",\"url\":\"https:\/\/lunatools.com\/sv\/\",\"logo\":{\"@type\":\"ImageObject\",\"inLanguage\":\"sv-SE\",\"@id\":\"https:\/\/lunatools.com\/sv\/#\/schema\/logo\/image\/\",\"url\":\"https:\/\/lunatools.com\/wp-content\/uploads\/2019\/10\/LunaTools-gray-logo.png\",\"contentUrl\":\"https:\/\/lunatools.com\/wp-content\/uploads\/2019\/10\/LunaTools-gray-logo.png\",\"width\":795,\"height\":309,\"caption\":\"Luna Tools\"},\"image\":{\"@id\":\"https:\/\/lunatools.com\/sv\/#\/schema\/logo\/image\/\"}}]}<\/script>\n<!-- \/ Yoast SEO plugin. -->","yoast_head_json":{"title":"OLJA KOMPRESSOR SAE 30 1L - Luna tools","robots":{"index":"index","follow":"follow","max-snippet":"max-snippet:-1","max-image-preview":"max-image-preview:large","max-video-preview":"max-video-preview:-1"},"canonical":"https:\/\/lunatools.com\/sv\/product\/olja-kompressor-sae-30-1l\/","og_locale":"sv_SE","og_type":"article","og_title":"OLJA KOMPRESSOR SAE 30 1L - Luna tools","og_description":"COMPOIL SAE 30 Rekommenderas till alla typer av mobila och station\u00e4ra kolv-kompressorer d\u00e4r en rak singlegrade olja SAE 30 kvalit\u00e9 f\u00f6reskrivs. Oljan har m\u00e5nga applikationsomr\u00e5den. Detta g\u00f6r den l\u00e4mplig n\u00e4r man vill ers\u00e4tta ett antal olika produkter med en enda i rationaliseringssyfte. Egenskaper. Kompressoroljan \u00e4r en mineraloljebaserad singlegrade olja med additiv som f\u00f6rhindrar slitage, korrosion... View Article","og_url":"https:\/\/lunatools.com\/sv\/product\/olja-kompressor-sae-30-1l\/","og_site_name":"Luna tools","twitter_misc":{"Ber\u00e4knad l\u00e4stid":"1 minut"},"schema":{"@context":"https:\/\/schema.org","@graph":[{"@type":"WebPage","@id":"https:\/\/lunatools.com\/sv\/product\/olja-kompressor-sae-30-1l\/","url":"https:\/\/lunatools.com\/sv\/product\/olja-kompressor-sae-30-1l\/","name":"OLJA KOMPRESSOR SAE 30 1L - Luna tools","isPartOf":{"@id":"https:\/\/lunatools.com\/sv\/#website"},"datePublished":"2019-03-07T08:30:14+00:00","dateModified":"2019-03-07T08:30:14+00:00","breadcrumb":{"@id":"https:\/\/lunatools.com\/sv\/product\/olja-kompressor-sae-30-1l\/#breadcrumb"},"inLanguage":"sv-SE","potentialAction":[{"@type":"ReadAction","target":["https:\/\/lunatools.com\/sv\/product\/olja-kompressor-sae-30-1l\/"]}]},{"@type":"BreadcrumbList","@id":"https:\/\/lunatools.com\/sv\/product\/olja-kompressor-sae-30-1l\/#breadcrumb","itemListElement":[{"@type":"ListItem","position":1,"name":"Home","item":"https:\/\/lunatools.com\/sv\/"},{"@type":"ListItem","position":2,"name":"Produkty","item":"https:\/\/lunatools.com\/pl\/shop\/"},{"@type":"ListItem","position":3,"name":"OLJA KOMPRESSOR SAE 30 1L"}]},{"@type":"WebSite","@id":"https:\/\/lunatools.com\/sv\/#website","url":"https:\/\/lunatools.com\/sv\/","name":"Luna tools","description":"","publisher":{"@id":"https:\/\/lunatools.com\/sv\/#organization"},"potentialAction":[{"@type":"SearchAction","target":{"@type":"EntryPoint","urlTemplate":"https:\/\/lunatools.com\/sv\/?s={search_term_string}"},"query-input":{"@type":"PropertyValueSpecification","valueRequired":true,"valueName":"search_term_string"}}],"inLanguage":"sv-SE"},{"@type":"Organization","@id":"https:\/\/lunatools.com\/sv\/#organization","name":"Luna Tools","url":"https:\/\/lunatools.com\/sv\/","logo":{"@type":"ImageObject","inLanguage":"sv-SE","@id":"https:\/\/lunatools.com\/sv\/#\/schema\/logo\/image\/","url":"https:\/\/lunatools.com\/wp-content\/uploads\/2019\/10\/LunaTools-gray-logo.png","contentUrl":"https:\/\/lunatools.com\/wp-content\/uploads\/2019\/10\/LunaTools-gray-logo.png","width":795,"height":309,"caption":"Luna Tools"},"image":{"@id":"https:\/\/lunatools.com\/sv\/#\/schema\/logo\/image\/"}}]}},"_links":{"self":[{"href":"https:\/\/lunatools.com\/sv\/wp-json\/wp\/v2\/product\/618"}],"collection":[{"href":"https:\/\/lunatools.com\/sv\/wp-json\/wp\/v2\/product"}],"about":[{"href":"https:\/\/lunatools.com\/sv\/wp-json\/wp\/v2\/types\/product"}],"wp:attachment":[{"href":"https:\/\/lunatools.com\/sv\/wp-json\/wp\/v2\/media?parent=618"}],"wp:term":[{"taxonomy":"product_cat","embeddable":true,"href":"https:\/\/lunatools.com\/sv\/wp-json\/wp\/v2\/product_cat?post=618"},{"taxonomy":"product_tag","embeddable":true,"href":"https:\/\/lunatools.com\/sv\/wp-json\/wp\/v2\/product_tag?post=618"}],"curies":[{"name":"wp","href":"https:\/\/api.w.org\/{rel}","templated":true}]}}