{"id":620,"date":"2019-03-07T08:30:47","date_gmt":"2019-03-07T08:30:47","guid":{"rendered":"https:\/\/lunatools.com\/product\/olja-kompressor-46syntetisk-1l\/"},"modified":"2019-03-07T08:30:47","modified_gmt":"2019-03-07T08:30:47","slug":"olja-kompressor-46syntetisk-1l","status":"publish","type":"product","link":"https:\/\/lunatools.com\/sv\/product\/olja-kompressor-46syntetisk-1l\/","title":{"rendered":"OLJA KOMPRESSOR 46SYNTETISK 1L"},"content":{"rendered":"<p>COMPOIL 46  Rekommenderas till skruv-, kolv, lamell, rotationskomressor, d\u00e4r kompressortillverkaren f\u00f6reskriver oljor av denna viskositet och typ.<br \/>\nEgenskaper.<br \/>\nSyntetisk kompressorolja \u00e4r en polyalfaolefinbaserad kompressorolja med ett brett temperaturomr\u00e5de, vilket inneb\u00e4r att oljan klarar b\u00e5del\u00e4gre och h\u00f6gre driftstemperaturer \u00e4n mineraloljebaserade oljor. Detta tillsammans med l\u00e5g avdunstning, l\u00e5g koksben\u00e4genhet, snabb luftavskiljning och bra kompatibilitet mot t\u00e4tningar g\u00f6r det m\u00f6jligt att f\u00f6rl\u00e4nga oljebytesintervallen.<br \/>\nF\u00f6rdelar.<br \/>\nSyntetisk kompressorolja fungerar inom ett st\u00f6rre temperaturomr\u00e5de \u00e4n konventionella kompressoroljor. Produkten \u00e4r mycket oxidationsstabil, har mycket goda slitageh\u00e4mmande egenskaper och bra vatten- och luftavskiljande egenskaper. Dess tekniska egenskaper m\u00f6jligg\u00f6r f\u00f6rl\u00e4ngda bytesintervaller.<br \/>\nL\u00e4s s\u00e4kerhetsdatablad f\u00f6re anv\u00e4ndning.<\/p>\n","protected":false},"excerpt":{"rendered":"COMPOIL 46 Rekommenderas till skruv-, kolv, lamell, rotationskomressor, d\u00e4r kompressortillverkaren f\u00f6reskriver oljor av denna viskositet och typ. Egenskaper. Syntetisk kompressorolja \u00e4r en polyalfaolefinbaserad kompressorolja med ett brett temperaturomr\u00e5de, vilket inneb\u00e4r att oljan klarar b\u00e5del\u00e4gre och h\u00f6gre driftstemperaturer \u00e4n mineraloljebaserade oljor. Detta tillsammans med l\u00e5g avdunstning, l\u00e5g koksben\u00e4genhet, snabb luftavskiljning och bra kompatibilitet mot t\u00e4tningar g\u00f6r&#8230; <a class=\"view-article\" href=\"https:\/\/lunatools.com\/sv\/product\/olja-kompressor-46syntetisk-1l\/\">View Article<\/a>","protected":false},"featured_media":0,"template":"","meta":{"_acf_changed":false},"product_cat":[15],"product_tag":[],"class_list":{"0":"post-620","1":"product","2":"type-product","3":"status-publish","5":"product_cat-uncategorized","7":"first","8":"instock","9":"shipping-taxable","10":"product-type-simple"},"acf":[],"yoast_head":"<!-- This site is optimized with the Yoast SEO plugin v23.4 - https:\/\/yoast.com\/wordpress\/plugins\/seo\/ -->\n<title>OLJA KOMPRESSOR 46SYNTETISK 1L - Luna tools<\/title>\n<meta name=\"robots\" content=\"index, follow, max-snippet:-1, max-image-preview:large, max-video-preview:-1\" \/>\n<link rel=\"canonical\" href=\"https:\/\/lunatools.com\/sv\/product\/olja-kompressor-46syntetisk-1l\/\" \/>\n<meta property=\"og:locale\" content=\"sv_SE\" \/>\n<meta property=\"og:type\" content=\"article\" \/>\n<meta property=\"og:title\" content=\"OLJA KOMPRESSOR 46SYNTETISK 1L - Luna tools\" \/>\n<meta property=\"og:description\" content=\"COMPOIL 46 Rekommenderas till skruv-, kolv, lamell, rotationskomressor, d\u00e4r kompressortillverkaren f\u00f6reskriver oljor av denna viskositet och typ. Egenskaper. Syntetisk kompressorolja \u00e4r en polyalfaolefinbaserad kompressorolja med ett brett temperaturomr\u00e5de, vilket inneb\u00e4r att oljan klarar b\u00e5del\u00e4gre och h\u00f6gre driftstemperaturer \u00e4n mineraloljebaserade oljor. Detta tillsammans med l\u00e5g avdunstning, l\u00e5g koksben\u00e4genhet, snabb luftavskiljning och bra kompatibilitet mot t\u00e4tningar g\u00f6r... View Article\" \/>\n<meta property=\"og:url\" content=\"https:\/\/lunatools.com\/sv\/product\/olja-kompressor-46syntetisk-1l\/\" \/>\n<meta property=\"og:site_name\" content=\"Luna tools\" \/>\n<meta name=\"twitter:label1\" content=\"Ber\u00e4knad l\u00e4stid\" \/>\n\t<meta name=\"twitter:data1\" content=\"1 minut\" \/>\n<script type=\"application\/ld+json\" class=\"yoast-schema-graph\">{\"@context\":\"https:\/\/schema.org\",\"@graph\":[{\"@type\":\"WebPage\",\"@id\":\"https:\/\/lunatools.com\/sv\/product\/olja-kompressor-46syntetisk-1l\/\",\"url\":\"https:\/\/lunatools.com\/sv\/product\/olja-kompressor-46syntetisk-1l\/\",\"name\":\"OLJA KOMPRESSOR 46SYNTETISK 1L - Luna tools\",\"isPartOf\":{\"@id\":\"https:\/\/lunatools.com\/sv\/#website\"},\"datePublished\":\"2019-03-07T08:30:47+00:00\",\"dateModified\":\"2019-03-07T08:30:47+00:00\",\"breadcrumb\":{\"@id\":\"https:\/\/lunatools.com\/sv\/product\/olja-kompressor-46syntetisk-1l\/#breadcrumb\"},\"inLanguage\":\"sv-SE\",\"potentialAction\":[{\"@type\":\"ReadAction\",\"target\":[\"https:\/\/lunatools.com\/sv\/product\/olja-kompressor-46syntetisk-1l\/\"]}]},{\"@type\":\"BreadcrumbList\",\"@id\":\"https:\/\/lunatools.com\/sv\/product\/olja-kompressor-46syntetisk-1l\/#breadcrumb\",\"itemListElement\":[{\"@type\":\"ListItem\",\"position\":1,\"name\":\"Home\",\"item\":\"https:\/\/lunatools.com\/sv\/\"},{\"@type\":\"ListItem\",\"position\":2,\"name\":\"Produkty\",\"item\":\"https:\/\/lunatools.com\/pl\/shop\/\"},{\"@type\":\"ListItem\",\"position\":3,\"name\":\"OLJA KOMPRESSOR 46SYNTETISK 1L\"}]},{\"@type\":\"WebSite\",\"@id\":\"https:\/\/lunatools.com\/sv\/#website\",\"url\":\"https:\/\/lunatools.com\/sv\/\",\"name\":\"Luna tools\",\"description\":\"\",\"publisher\":{\"@id\":\"https:\/\/lunatools.com\/sv\/#organization\"},\"potentialAction\":[{\"@type\":\"SearchAction\",\"target\":{\"@type\":\"EntryPoint\",\"urlTemplate\":\"https:\/\/lunatools.com\/sv\/?s={search_term_string}\"},\"query-input\":{\"@type\":\"PropertyValueSpecification\",\"valueRequired\":true,\"valueName\":\"search_term_string\"}}],\"inLanguage\":\"sv-SE\"},{\"@type\":\"Organization\",\"@id\":\"https:\/\/lunatools.com\/sv\/#organization\",\"name\":\"Luna Tools\",\"url\":\"https:\/\/lunatools.com\/sv\/\",\"logo\":{\"@type\":\"ImageObject\",\"inLanguage\":\"sv-SE\",\"@id\":\"https:\/\/lunatools.com\/sv\/#\/schema\/logo\/image\/\",\"url\":\"https:\/\/lunatools.com\/wp-content\/uploads\/2019\/10\/LunaTools-gray-logo.png\",\"contentUrl\":\"https:\/\/lunatools.com\/wp-content\/uploads\/2019\/10\/LunaTools-gray-logo.png\",\"width\":795,\"height\":309,\"caption\":\"Luna Tools\"},\"image\":{\"@id\":\"https:\/\/lunatools.com\/sv\/#\/schema\/logo\/image\/\"}}]}<\/script>\n<!-- \/ Yoast SEO plugin. -->","yoast_head_json":{"title":"OLJA KOMPRESSOR 46SYNTETISK 1L - Luna tools","robots":{"index":"index","follow":"follow","max-snippet":"max-snippet:-1","max-image-preview":"max-image-preview:large","max-video-preview":"max-video-preview:-1"},"canonical":"https:\/\/lunatools.com\/sv\/product\/olja-kompressor-46syntetisk-1l\/","og_locale":"sv_SE","og_type":"article","og_title":"OLJA KOMPRESSOR 46SYNTETISK 1L - Luna tools","og_description":"COMPOIL 46 Rekommenderas till skruv-, kolv, lamell, rotationskomressor, d\u00e4r kompressortillverkaren f\u00f6reskriver oljor av denna viskositet och typ. Egenskaper. Syntetisk kompressorolja \u00e4r en polyalfaolefinbaserad kompressorolja med ett brett temperaturomr\u00e5de, vilket inneb\u00e4r att oljan klarar b\u00e5del\u00e4gre och h\u00f6gre driftstemperaturer \u00e4n mineraloljebaserade oljor. Detta tillsammans med l\u00e5g avdunstning, l\u00e5g koksben\u00e4genhet, snabb luftavskiljning och bra kompatibilitet mot t\u00e4tningar g\u00f6r... View Article","og_url":"https:\/\/lunatools.com\/sv\/product\/olja-kompressor-46syntetisk-1l\/","og_site_name":"Luna tools","twitter_misc":{"Ber\u00e4knad l\u00e4stid":"1 minut"},"schema":{"@context":"https:\/\/schema.org","@graph":[{"@type":"WebPage","@id":"https:\/\/lunatools.com\/sv\/product\/olja-kompressor-46syntetisk-1l\/","url":"https:\/\/lunatools.com\/sv\/product\/olja-kompressor-46syntetisk-1l\/","name":"OLJA KOMPRESSOR 46SYNTETISK 1L - Luna tools","isPartOf":{"@id":"https:\/\/lunatools.com\/sv\/#website"},"datePublished":"2019-03-07T08:30:47+00:00","dateModified":"2019-03-07T08:30:47+00:00","breadcrumb":{"@id":"https:\/\/lunatools.com\/sv\/product\/olja-kompressor-46syntetisk-1l\/#breadcrumb"},"inLanguage":"sv-SE","potentialAction":[{"@type":"ReadAction","target":["https:\/\/lunatools.com\/sv\/product\/olja-kompressor-46syntetisk-1l\/"]}]},{"@type":"BreadcrumbList","@id":"https:\/\/lunatools.com\/sv\/product\/olja-kompressor-46syntetisk-1l\/#breadcrumb","itemListElement":[{"@type":"ListItem","position":1,"name":"Home","item":"https:\/\/lunatools.com\/sv\/"},{"@type":"ListItem","position":2,"name":"Produkty","item":"https:\/\/lunatools.com\/pl\/shop\/"},{"@type":"ListItem","position":3,"name":"OLJA KOMPRESSOR 46SYNTETISK 1L"}]},{"@type":"WebSite","@id":"https:\/\/lunatools.com\/sv\/#website","url":"https:\/\/lunatools.com\/sv\/","name":"Luna tools","description":"","publisher":{"@id":"https:\/\/lunatools.com\/sv\/#organization"},"potentialAction":[{"@type":"SearchAction","target":{"@type":"EntryPoint","urlTemplate":"https:\/\/lunatools.com\/sv\/?s={search_term_string}"},"query-input":{"@type":"PropertyValueSpecification","valueRequired":true,"valueName":"search_term_string"}}],"inLanguage":"sv-SE"},{"@type":"Organization","@id":"https:\/\/lunatools.com\/sv\/#organization","name":"Luna Tools","url":"https:\/\/lunatools.com\/sv\/","logo":{"@type":"ImageObject","inLanguage":"sv-SE","@id":"https:\/\/lunatools.com\/sv\/#\/schema\/logo\/image\/","url":"https:\/\/lunatools.com\/wp-content\/uploads\/2019\/10\/LunaTools-gray-logo.png","contentUrl":"https:\/\/lunatools.com\/wp-content\/uploads\/2019\/10\/LunaTools-gray-logo.png","width":795,"height":309,"caption":"Luna Tools"},"image":{"@id":"https:\/\/lunatools.com\/sv\/#\/schema\/logo\/image\/"}}]}},"_links":{"self":[{"href":"https:\/\/lunatools.com\/sv\/wp-json\/wp\/v2\/product\/620"}],"collection":[{"href":"https:\/\/lunatools.com\/sv\/wp-json\/wp\/v2\/product"}],"about":[{"href":"https:\/\/lunatools.com\/sv\/wp-json\/wp\/v2\/types\/product"}],"wp:attachment":[{"href":"https:\/\/lunatools.com\/sv\/wp-json\/wp\/v2\/media?parent=620"}],"wp:term":[{"taxonomy":"product_cat","embeddable":true,"href":"https:\/\/lunatools.com\/sv\/wp-json\/wp\/v2\/product_cat?post=620"},{"taxonomy":"product_tag","embeddable":true,"href":"https:\/\/lunatools.com\/sv\/wp-json\/wp\/v2\/product_tag?post=620"}],"curies":[{"name":"wp","href":"https:\/\/api.w.org\/{rel}","templated":true}]}}