{"id":624,"date":"2019-03-07T10:03:56","date_gmt":"2019-03-07T10:03:56","guid":{"rendered":"https:\/\/lunatools.com\/product\/olja-elverks-kompress-10w40-1l\/"},"modified":"2019-03-07T10:03:56","modified_gmt":"2019-03-07T10:03:56","slug":"olja-elverks-kompress-10w40-1l","status":"publish","type":"product","link":"https:\/\/lunatools.com\/sv\/product\/olja-elverks-kompress-10w40-1l\/","title":{"rendered":"OLJA ELVERKS.KOMPRESS.10W40 1L"},"content":{"rendered":"<p>GENOIL 10W\/40 Rekommenderas som enhetsolja till alla typer av bensin- och dieselmotorer, som driver elverk d\u00e4r tillverkaren av elverket f\u00f6reskriver normer och viskositet som \u00e4r l\u00e4mplig under s\u00e5 v\u00e4l varma som kalla klimat samt mobila och station\u00e4ra kolv- kompressorer d\u00e4r en enhetsolja 10W\/40 rekommenderas. Luna Elverksolja \/ kompressorolja 10W\/40 \u00e4r mycket viskositetsstabil. Kvaliteten p\u00e5 basoljan tillsammans med noga utvalda tillsatser bidrar till att f\u00f6rhindra koksbildning.<br \/>\nEgenskaper:<br \/>\nElverksoljan \/ kompressoroljan \u00e4r mineraloljebaserad motorolja med v\u00e4l utvalda tillsatser f\u00f6r b\u00e4sta funktion. Basoljan och de ing\u00e5ende tillsatserna bidrar till att de sm\u00f6rjande egenskaperna bibeh\u00e5lls \u00e4ven vid h\u00e5rd k\u00f6rning.<br \/>\nF\u00f6rdelar: Elverksoljan \/ kompressoroljan ger l\u00e4tt start och god sm\u00f6rjning vid kyla och \u00e4r en mycket bra mineraloljebaserad motorolja med speciellt h\u00f6ga specifikationer.<br \/>\nL\u00e4s s\u00e4kerhetsdatablad f\u00f6re anv\u00e4ndning.<\/p>\n","protected":false},"excerpt":{"rendered":"GENOIL 10W\/40 Rekommenderas som enhetsolja till alla typer av bensin- och dieselmotorer, som driver elverk d\u00e4r tillverkaren av elverket f\u00f6reskriver normer och viskositet som \u00e4r l\u00e4mplig under s\u00e5 v\u00e4l varma som kalla klimat samt mobila och station\u00e4ra kolv- kompressorer d\u00e4r en enhetsolja 10W\/40 rekommenderas. Luna Elverksolja \/ kompressorolja 10W\/40 \u00e4r mycket viskositetsstabil. Kvaliteten p\u00e5 basoljan&#8230; <a class=\"view-article\" href=\"https:\/\/lunatools.com\/sv\/product\/olja-elverks-kompress-10w40-1l\/\">View Article<\/a>","protected":false},"featured_media":0,"template":"","meta":{"_acf_changed":false},"product_cat":[15],"product_tag":[],"class_list":{"0":"post-624","1":"product","2":"type-product","3":"status-publish","5":"product_cat-uncategorized","7":"first","8":"instock","9":"shipping-taxable","10":"product-type-simple"},"acf":[],"yoast_head":"<!-- This site is optimized with the Yoast SEO plugin v23.4 - https:\/\/yoast.com\/wordpress\/plugins\/seo\/ -->\n<title>OLJA ELVERKS.KOMPRESS.10W40 1L - Luna tools<\/title>\n<meta name=\"robots\" content=\"index, follow, max-snippet:-1, max-image-preview:large, max-video-preview:-1\" \/>\n<link rel=\"canonical\" href=\"https:\/\/lunatools.com\/sv\/product\/olja-elverks-kompress-10w40-1l\/\" \/>\n<meta property=\"og:locale\" content=\"sv_SE\" \/>\n<meta property=\"og:type\" content=\"article\" \/>\n<meta property=\"og:title\" content=\"OLJA ELVERKS.KOMPRESS.10W40 1L - Luna tools\" \/>\n<meta property=\"og:description\" content=\"GENOIL 10W\/40 Rekommenderas som enhetsolja till alla typer av bensin- och dieselmotorer, som driver elverk d\u00e4r tillverkaren av elverket f\u00f6reskriver normer och viskositet som \u00e4r l\u00e4mplig under s\u00e5 v\u00e4l varma som kalla klimat samt mobila och station\u00e4ra kolv- kompressorer d\u00e4r en enhetsolja 10W\/40 rekommenderas. Luna Elverksolja \/ kompressorolja 10W\/40 \u00e4r mycket viskositetsstabil. Kvaliteten p\u00e5 basoljan... View Article\" \/>\n<meta property=\"og:url\" content=\"https:\/\/lunatools.com\/sv\/product\/olja-elverks-kompress-10w40-1l\/\" \/>\n<meta property=\"og:site_name\" content=\"Luna tools\" \/>\n<meta name=\"twitter:label1\" content=\"Ber\u00e4knad l\u00e4stid\" \/>\n\t<meta name=\"twitter:data1\" content=\"1 minut\" \/>\n<script type=\"application\/ld+json\" class=\"yoast-schema-graph\">{\"@context\":\"https:\/\/schema.org\",\"@graph\":[{\"@type\":\"WebPage\",\"@id\":\"https:\/\/lunatools.com\/sv\/product\/olja-elverks-kompress-10w40-1l\/\",\"url\":\"https:\/\/lunatools.com\/sv\/product\/olja-elverks-kompress-10w40-1l\/\",\"name\":\"OLJA ELVERKS.KOMPRESS.10W40 1L - Luna tools\",\"isPartOf\":{\"@id\":\"https:\/\/lunatools.com\/sv\/#website\"},\"datePublished\":\"2019-03-07T10:03:56+00:00\",\"dateModified\":\"2019-03-07T10:03:56+00:00\",\"breadcrumb\":{\"@id\":\"https:\/\/lunatools.com\/sv\/product\/olja-elverks-kompress-10w40-1l\/#breadcrumb\"},\"inLanguage\":\"sv-SE\",\"potentialAction\":[{\"@type\":\"ReadAction\",\"target\":[\"https:\/\/lunatools.com\/sv\/product\/olja-elverks-kompress-10w40-1l\/\"]}]},{\"@type\":\"BreadcrumbList\",\"@id\":\"https:\/\/lunatools.com\/sv\/product\/olja-elverks-kompress-10w40-1l\/#breadcrumb\",\"itemListElement\":[{\"@type\":\"ListItem\",\"position\":1,\"name\":\"Home\",\"item\":\"https:\/\/lunatools.com\/sv\/\"},{\"@type\":\"ListItem\",\"position\":2,\"name\":\"Produkty\",\"item\":\"https:\/\/lunatools.com\/pl\/shop\/\"},{\"@type\":\"ListItem\",\"position\":3,\"name\":\"OLJA ELVERKS.KOMPRESS.10W40 1L\"}]},{\"@type\":\"WebSite\",\"@id\":\"https:\/\/lunatools.com\/sv\/#website\",\"url\":\"https:\/\/lunatools.com\/sv\/\",\"name\":\"Luna tools\",\"description\":\"\",\"publisher\":{\"@id\":\"https:\/\/lunatools.com\/sv\/#organization\"},\"potentialAction\":[{\"@type\":\"SearchAction\",\"target\":{\"@type\":\"EntryPoint\",\"urlTemplate\":\"https:\/\/lunatools.com\/sv\/?s={search_term_string}\"},\"query-input\":{\"@type\":\"PropertyValueSpecification\",\"valueRequired\":true,\"valueName\":\"search_term_string\"}}],\"inLanguage\":\"sv-SE\"},{\"@type\":\"Organization\",\"@id\":\"https:\/\/lunatools.com\/sv\/#organization\",\"name\":\"Luna Tools\",\"url\":\"https:\/\/lunatools.com\/sv\/\",\"logo\":{\"@type\":\"ImageObject\",\"inLanguage\":\"sv-SE\",\"@id\":\"https:\/\/lunatools.com\/sv\/#\/schema\/logo\/image\/\",\"url\":\"https:\/\/lunatools.com\/wp-content\/uploads\/2019\/10\/LunaTools-gray-logo.png\",\"contentUrl\":\"https:\/\/lunatools.com\/wp-content\/uploads\/2019\/10\/LunaTools-gray-logo.png\",\"width\":795,\"height\":309,\"caption\":\"Luna Tools\"},\"image\":{\"@id\":\"https:\/\/lunatools.com\/sv\/#\/schema\/logo\/image\/\"}}]}<\/script>\n<!-- \/ Yoast SEO plugin. -->","yoast_head_json":{"title":"OLJA ELVERKS.KOMPRESS.10W40 1L - Luna tools","robots":{"index":"index","follow":"follow","max-snippet":"max-snippet:-1","max-image-preview":"max-image-preview:large","max-video-preview":"max-video-preview:-1"},"canonical":"https:\/\/lunatools.com\/sv\/product\/olja-elverks-kompress-10w40-1l\/","og_locale":"sv_SE","og_type":"article","og_title":"OLJA ELVERKS.KOMPRESS.10W40 1L - Luna tools","og_description":"GENOIL 10W\/40 Rekommenderas som enhetsolja till alla typer av bensin- och dieselmotorer, som driver elverk d\u00e4r tillverkaren av elverket f\u00f6reskriver normer och viskositet som \u00e4r l\u00e4mplig under s\u00e5 v\u00e4l varma som kalla klimat samt mobila och station\u00e4ra kolv- kompressorer d\u00e4r en enhetsolja 10W\/40 rekommenderas. Luna Elverksolja \/ kompressorolja 10W\/40 \u00e4r mycket viskositetsstabil. Kvaliteten p\u00e5 basoljan... View Article","og_url":"https:\/\/lunatools.com\/sv\/product\/olja-elverks-kompress-10w40-1l\/","og_site_name":"Luna tools","twitter_misc":{"Ber\u00e4knad l\u00e4stid":"1 minut"},"schema":{"@context":"https:\/\/schema.org","@graph":[{"@type":"WebPage","@id":"https:\/\/lunatools.com\/sv\/product\/olja-elverks-kompress-10w40-1l\/","url":"https:\/\/lunatools.com\/sv\/product\/olja-elverks-kompress-10w40-1l\/","name":"OLJA ELVERKS.KOMPRESS.10W40 1L - Luna tools","isPartOf":{"@id":"https:\/\/lunatools.com\/sv\/#website"},"datePublished":"2019-03-07T10:03:56+00:00","dateModified":"2019-03-07T10:03:56+00:00","breadcrumb":{"@id":"https:\/\/lunatools.com\/sv\/product\/olja-elverks-kompress-10w40-1l\/#breadcrumb"},"inLanguage":"sv-SE","potentialAction":[{"@type":"ReadAction","target":["https:\/\/lunatools.com\/sv\/product\/olja-elverks-kompress-10w40-1l\/"]}]},{"@type":"BreadcrumbList","@id":"https:\/\/lunatools.com\/sv\/product\/olja-elverks-kompress-10w40-1l\/#breadcrumb","itemListElement":[{"@type":"ListItem","position":1,"name":"Home","item":"https:\/\/lunatools.com\/sv\/"},{"@type":"ListItem","position":2,"name":"Produkty","item":"https:\/\/lunatools.com\/pl\/shop\/"},{"@type":"ListItem","position":3,"name":"OLJA ELVERKS.KOMPRESS.10W40 1L"}]},{"@type":"WebSite","@id":"https:\/\/lunatools.com\/sv\/#website","url":"https:\/\/lunatools.com\/sv\/","name":"Luna tools","description":"","publisher":{"@id":"https:\/\/lunatools.com\/sv\/#organization"},"potentialAction":[{"@type":"SearchAction","target":{"@type":"EntryPoint","urlTemplate":"https:\/\/lunatools.com\/sv\/?s={search_term_string}"},"query-input":{"@type":"PropertyValueSpecification","valueRequired":true,"valueName":"search_term_string"}}],"inLanguage":"sv-SE"},{"@type":"Organization","@id":"https:\/\/lunatools.com\/sv\/#organization","name":"Luna Tools","url":"https:\/\/lunatools.com\/sv\/","logo":{"@type":"ImageObject","inLanguage":"sv-SE","@id":"https:\/\/lunatools.com\/sv\/#\/schema\/logo\/image\/","url":"https:\/\/lunatools.com\/wp-content\/uploads\/2019\/10\/LunaTools-gray-logo.png","contentUrl":"https:\/\/lunatools.com\/wp-content\/uploads\/2019\/10\/LunaTools-gray-logo.png","width":795,"height":309,"caption":"Luna Tools"},"image":{"@id":"https:\/\/lunatools.com\/sv\/#\/schema\/logo\/image\/"}}]}},"_links":{"self":[{"href":"https:\/\/lunatools.com\/sv\/wp-json\/wp\/v2\/product\/624"}],"collection":[{"href":"https:\/\/lunatools.com\/sv\/wp-json\/wp\/v2\/product"}],"about":[{"href":"https:\/\/lunatools.com\/sv\/wp-json\/wp\/v2\/types\/product"}],"wp:attachment":[{"href":"https:\/\/lunatools.com\/sv\/wp-json\/wp\/v2\/media?parent=624"}],"wp:term":[{"taxonomy":"product_cat","embeddable":true,"href":"https:\/\/lunatools.com\/sv\/wp-json\/wp\/v2\/product_cat?post=624"},{"taxonomy":"product_tag","embeddable":true,"href":"https:\/\/lunatools.com\/sv\/wp-json\/wp\/v2\/product_tag?post=624"}],"curies":[{"name":"wp","href":"https:\/\/api.w.org\/{rel}","templated":true}]}}