{"id":65298,"date":"2026-05-09T02:10:29","date_gmt":"2026-05-09T02:10:29","guid":{"rendered":"https:\/\/lunatools.com\/product\/meterstock-mm-tum-tra-2m\/"},"modified":"2026-05-09T02:10:29","modified_gmt":"2026-05-09T02:10:29","slug":"meterstock-mm-tum-tra-2m","status":"publish","type":"product","link":"https:\/\/lunatools.com\/sv\/product\/meterstock-mm-tum-tra-2m\/","title":{"rendered":"METERSTOCK MM\/TUM TR\u00c4 2M"},"content":{"rendered":"<p>Klassisk meterstock i scandinavisk design och utf\u00f6rande. Tillverkad av ljus bj\u00f6rk med tunna smidiga stickor. Extra tydlig typsnitt i svart samt r\u00f6da decimetersiffror f\u00f6r att l\u00e4tt kunna avl\u00e4sa m\u00e5ttet. Precisionstillverkade metalleder f\u00f6r att f\u00e5 den smidiga och r\u00e4tta k\u00e4nslan vid anv\u00e4ndning. Metallnos f\u00f6rst\u00e4rker och skydda \u00e4ndan mot slitage samt h\u00e5l f\u00f6r verktygss\u00e4kring.\u00a0<\/p>\n","protected":false},"excerpt":{"rendered":"Klassisk meterstock i scandinavisk design och utf\u00f6rande. Tillverkad av ljus bj\u00f6rk med tunna smidiga stickor. Extra tydlig typsnitt i svart samt r\u00f6da decimetersiffror f\u00f6r att l\u00e4tt kunna avl\u00e4sa m\u00e5ttet. Precisionstillverkade metalleder f\u00f6r att f\u00e5 den smidiga och r\u00e4tta k\u00e4nslan vid anv\u00e4ndning. Metallnos f\u00f6rst\u00e4rker och skydda \u00e4ndan mot slitage samt h\u00e5l f\u00f6r verktygss\u00e4kring.\u00a0","protected":false},"featured_media":0,"template":"","meta":{"_acf_changed":false},"product_cat":[4613,55157],"product_tag":[],"class_list":{"0":"post-65298","1":"product","2":"type-product","3":"status-publish","5":"product_cat-handverktyg-sv","6":"product_cat-matstockar-sv","8":"first","9":"instock","10":"shipping-taxable","11":"product-type-simple"},"acf":[],"yoast_head":"<!-- This site is optimized with the Yoast SEO plugin v23.4 - https:\/\/yoast.com\/wordpress\/plugins\/seo\/ -->\n<title>METERSTOCK MM\/TUM TR\u00c4 2M - Luna tools<\/title>\n<meta name=\"robots\" content=\"index, follow, max-snippet:-1, max-image-preview:large, max-video-preview:-1\" \/>\n<link rel=\"canonical\" href=\"https:\/\/lunatools.com\/sv\/product\/meterstock-mm-tum-tra-2m\/\" \/>\n<meta property=\"og:locale\" content=\"sv_SE\" \/>\n<meta property=\"og:type\" content=\"article\" \/>\n<meta property=\"og:title\" content=\"METERSTOCK MM\/TUM TR\u00c4 2M - Luna tools\" \/>\n<meta property=\"og:description\" content=\"Klassisk meterstock i scandinavisk design och utf\u00f6rande. Tillverkad av ljus bj\u00f6rk med tunna smidiga stickor. Extra tydlig typsnitt i svart samt r\u00f6da decimetersiffror f\u00f6r att l\u00e4tt kunna avl\u00e4sa m\u00e5ttet. Precisionstillverkade metalleder f\u00f6r att f\u00e5 den smidiga och r\u00e4tta k\u00e4nslan vid anv\u00e4ndning. Metallnos f\u00f6rst\u00e4rker och skydda \u00e4ndan mot slitage samt h\u00e5l f\u00f6r verktygss\u00e4kring.\u00a0\" \/>\n<meta property=\"og:url\" content=\"https:\/\/lunatools.com\/sv\/product\/meterstock-mm-tum-tra-2m\/\" \/>\n<meta property=\"og:site_name\" content=\"Luna tools\" \/>\n<script type=\"application\/ld+json\" class=\"yoast-schema-graph\">{\"@context\":\"https:\/\/schema.org\",\"@graph\":[{\"@type\":\"WebPage\",\"@id\":\"https:\/\/lunatools.com\/sv\/product\/meterstock-mm-tum-tra-2m\/\",\"url\":\"https:\/\/lunatools.com\/sv\/product\/meterstock-mm-tum-tra-2m\/\",\"name\":\"METERSTOCK MM\/TUM TR\u00c4 2M - Luna tools\",\"isPartOf\":{\"@id\":\"https:\/\/lunatools.com\/sv\/#website\"},\"datePublished\":\"2026-05-09T02:10:29+00:00\",\"dateModified\":\"2026-05-09T02:10:29+00:00\",\"breadcrumb\":{\"@id\":\"https:\/\/lunatools.com\/sv\/product\/meterstock-mm-tum-tra-2m\/#breadcrumb\"},\"inLanguage\":\"sv-SE\",\"potentialAction\":[{\"@type\":\"ReadAction\",\"target\":[\"https:\/\/lunatools.com\/sv\/product\/meterstock-mm-tum-tra-2m\/\"]}]},{\"@type\":\"BreadcrumbList\",\"@id\":\"https:\/\/lunatools.com\/sv\/product\/meterstock-mm-tum-tra-2m\/#breadcrumb\",\"itemListElement\":[{\"@type\":\"ListItem\",\"position\":1,\"name\":\"Home\",\"item\":\"https:\/\/lunatools.com\/sv\/\"},{\"@type\":\"ListItem\",\"position\":2,\"name\":\"Produkty\",\"item\":\"https:\/\/lunatools.com\/pl\/shop\/\"},{\"@type\":\"ListItem\",\"position\":3,\"name\":\"METERSTOCK MM\/TUM TR\u00c4 2M\"}]},{\"@type\":\"WebSite\",\"@id\":\"https:\/\/lunatools.com\/sv\/#website\",\"url\":\"https:\/\/lunatools.com\/sv\/\",\"name\":\"Luna tools\",\"description\":\"\",\"publisher\":{\"@id\":\"https:\/\/lunatools.com\/sv\/#organization\"},\"potentialAction\":[{\"@type\":\"SearchAction\",\"target\":{\"@type\":\"EntryPoint\",\"urlTemplate\":\"https:\/\/lunatools.com\/sv\/?s={search_term_string}\"},\"query-input\":{\"@type\":\"PropertyValueSpecification\",\"valueRequired\":true,\"valueName\":\"search_term_string\"}}],\"inLanguage\":\"sv-SE\"},{\"@type\":\"Organization\",\"@id\":\"https:\/\/lunatools.com\/sv\/#organization\",\"name\":\"Luna Tools\",\"url\":\"https:\/\/lunatools.com\/sv\/\",\"logo\":{\"@type\":\"ImageObject\",\"inLanguage\":\"sv-SE\",\"@id\":\"https:\/\/lunatools.com\/sv\/#\/schema\/logo\/image\/\",\"url\":\"https:\/\/lunatools.com\/wp-content\/uploads\/2019\/10\/LunaTools-gray-logo.png\",\"contentUrl\":\"https:\/\/lunatools.com\/wp-content\/uploads\/2019\/10\/LunaTools-gray-logo.png\",\"width\":795,\"height\":309,\"caption\":\"Luna Tools\"},\"image\":{\"@id\":\"https:\/\/lunatools.com\/sv\/#\/schema\/logo\/image\/\"}}]}<\/script>\n<!-- \/ Yoast SEO plugin. -->","yoast_head_json":{"title":"METERSTOCK MM\/TUM TR\u00c4 2M - Luna tools","robots":{"index":"index","follow":"follow","max-snippet":"max-snippet:-1","max-image-preview":"max-image-preview:large","max-video-preview":"max-video-preview:-1"},"canonical":"https:\/\/lunatools.com\/sv\/product\/meterstock-mm-tum-tra-2m\/","og_locale":"sv_SE","og_type":"article","og_title":"METERSTOCK MM\/TUM TR\u00c4 2M - Luna tools","og_description":"Klassisk meterstock i scandinavisk design och utf\u00f6rande. Tillverkad av ljus bj\u00f6rk med tunna smidiga stickor. Extra tydlig typsnitt i svart samt r\u00f6da decimetersiffror f\u00f6r att l\u00e4tt kunna avl\u00e4sa m\u00e5ttet. Precisionstillverkade metalleder f\u00f6r att f\u00e5 den smidiga och r\u00e4tta k\u00e4nslan vid anv\u00e4ndning. Metallnos f\u00f6rst\u00e4rker och skydda \u00e4ndan mot slitage samt h\u00e5l f\u00f6r verktygss\u00e4kring.\u00a0","og_url":"https:\/\/lunatools.com\/sv\/product\/meterstock-mm-tum-tra-2m\/","og_site_name":"Luna tools","schema":{"@context":"https:\/\/schema.org","@graph":[{"@type":"WebPage","@id":"https:\/\/lunatools.com\/sv\/product\/meterstock-mm-tum-tra-2m\/","url":"https:\/\/lunatools.com\/sv\/product\/meterstock-mm-tum-tra-2m\/","name":"METERSTOCK MM\/TUM TR\u00c4 2M - Luna tools","isPartOf":{"@id":"https:\/\/lunatools.com\/sv\/#website"},"datePublished":"2026-05-09T02:10:29+00:00","dateModified":"2026-05-09T02:10:29+00:00","breadcrumb":{"@id":"https:\/\/lunatools.com\/sv\/product\/meterstock-mm-tum-tra-2m\/#breadcrumb"},"inLanguage":"sv-SE","potentialAction":[{"@type":"ReadAction","target":["https:\/\/lunatools.com\/sv\/product\/meterstock-mm-tum-tra-2m\/"]}]},{"@type":"BreadcrumbList","@id":"https:\/\/lunatools.com\/sv\/product\/meterstock-mm-tum-tra-2m\/#breadcrumb","itemListElement":[{"@type":"ListItem","position":1,"name":"Home","item":"https:\/\/lunatools.com\/sv\/"},{"@type":"ListItem","position":2,"name":"Produkty","item":"https:\/\/lunatools.com\/pl\/shop\/"},{"@type":"ListItem","position":3,"name":"METERSTOCK MM\/TUM TR\u00c4 2M"}]},{"@type":"WebSite","@id":"https:\/\/lunatools.com\/sv\/#website","url":"https:\/\/lunatools.com\/sv\/","name":"Luna tools","description":"","publisher":{"@id":"https:\/\/lunatools.com\/sv\/#organization"},"potentialAction":[{"@type":"SearchAction","target":{"@type":"EntryPoint","urlTemplate":"https:\/\/lunatools.com\/sv\/?s={search_term_string}"},"query-input":{"@type":"PropertyValueSpecification","valueRequired":true,"valueName":"search_term_string"}}],"inLanguage":"sv-SE"},{"@type":"Organization","@id":"https:\/\/lunatools.com\/sv\/#organization","name":"Luna Tools","url":"https:\/\/lunatools.com\/sv\/","logo":{"@type":"ImageObject","inLanguage":"sv-SE","@id":"https:\/\/lunatools.com\/sv\/#\/schema\/logo\/image\/","url":"https:\/\/lunatools.com\/wp-content\/uploads\/2019\/10\/LunaTools-gray-logo.png","contentUrl":"https:\/\/lunatools.com\/wp-content\/uploads\/2019\/10\/LunaTools-gray-logo.png","width":795,"height":309,"caption":"Luna Tools"},"image":{"@id":"https:\/\/lunatools.com\/sv\/#\/schema\/logo\/image\/"}}]}},"_links":{"self":[{"href":"https:\/\/lunatools.com\/sv\/wp-json\/wp\/v2\/product\/65298"}],"collection":[{"href":"https:\/\/lunatools.com\/sv\/wp-json\/wp\/v2\/product"}],"about":[{"href":"https:\/\/lunatools.com\/sv\/wp-json\/wp\/v2\/types\/product"}],"wp:attachment":[{"href":"https:\/\/lunatools.com\/sv\/wp-json\/wp\/v2\/media?parent=65298"}],"wp:term":[{"taxonomy":"product_cat","embeddable":true,"href":"https:\/\/lunatools.com\/sv\/wp-json\/wp\/v2\/product_cat?post=65298"},{"taxonomy":"product_tag","embeddable":true,"href":"https:\/\/lunatools.com\/sv\/wp-json\/wp\/v2\/product_tag?post=65298"}],"curies":[{"name":"wp","href":"https:\/\/api.w.org\/{rel}","templated":true}]}}