{"id":65386,"date":"2026-05-14T02:15:04","date_gmt":"2026-05-14T02:15:04","guid":{"rendered":"https:\/\/lunatools.com\/product\/diamantfras-m14-8mm\/"},"modified":"2026-05-14T02:15:04","modified_gmt":"2026-05-14T02:15:04","slug":"diamantfras-m14-8mm","status":"publish","type":"product","link":"https:\/\/lunatools.com\/sv\/product\/diamantfras-m14-8mm\/","title":{"rendered":"DIAMANTFR\u00c4S M14 8MM"},"content":{"rendered":"<p>Diamantfr\u00e4s avsedd till vinkelslip med M14 f\u00e4ste. F\u00f6r att f\u00f6rstora h\u00e5l, g\u00f6ra ovala h\u00e5l eller andra tillpassningar efter h\u00e5ltagning. F\u00f6r material som kakel, klinker, stengodsplattor, granit, keramikplattor, marmor och andra stenbaserade material.<\/p>\n","protected":false},"excerpt":{"rendered":"Diamantfr\u00e4s avsedd till vinkelslip med M14 f\u00e4ste. F\u00f6r att f\u00f6rstora h\u00e5l, g\u00f6ra ovala h\u00e5l eller andra tillpassningar efter h\u00e5ltagning. F\u00f6r material som kakel, klinker, stengodsplattor, granit, keramikplattor, marmor och andra stenbaserade material.","protected":false},"featured_media":0,"template":"","meta":{"_acf_changed":false},"product_cat":[393,479],"product_tag":[],"class_list":{"0":"post-65386","1":"product","2":"type-product","3":"status-publish","5":"product_cat-borr-sv","6":"product_cat-diamantborr-sv","8":"first","9":"instock","10":"shipping-taxable","11":"product-type-simple"},"acf":[],"yoast_head":"<!-- This site is optimized with the Yoast SEO plugin v23.4 - https:\/\/yoast.com\/wordpress\/plugins\/seo\/ -->\n<title>DIAMANTFR\u00c4S M14 8MM - Luna tools<\/title>\n<meta name=\"robots\" content=\"index, follow, max-snippet:-1, max-image-preview:large, max-video-preview:-1\" \/>\n<link rel=\"canonical\" href=\"https:\/\/lunatools.com\/sv\/product\/diamantfras-m14-8mm\/\" \/>\n<meta property=\"og:locale\" content=\"sv_SE\" \/>\n<meta property=\"og:type\" content=\"article\" \/>\n<meta property=\"og:title\" content=\"DIAMANTFR\u00c4S M14 8MM - Luna tools\" \/>\n<meta property=\"og:description\" content=\"Diamantfr\u00e4s avsedd till vinkelslip med M14 f\u00e4ste. F\u00f6r att f\u00f6rstora h\u00e5l, g\u00f6ra ovala h\u00e5l eller andra tillpassningar efter h\u00e5ltagning. F\u00f6r material som kakel, klinker, stengodsplattor, granit, keramikplattor, marmor och andra stenbaserade material.\" \/>\n<meta property=\"og:url\" content=\"https:\/\/lunatools.com\/sv\/product\/diamantfras-m14-8mm\/\" \/>\n<meta property=\"og:site_name\" content=\"Luna tools\" \/>\n<script type=\"application\/ld+json\" class=\"yoast-schema-graph\">{\"@context\":\"https:\/\/schema.org\",\"@graph\":[{\"@type\":\"WebPage\",\"@id\":\"https:\/\/lunatools.com\/sv\/product\/diamantfras-m14-8mm\/\",\"url\":\"https:\/\/lunatools.com\/sv\/product\/diamantfras-m14-8mm\/\",\"name\":\"DIAMANTFR\u00c4S M14 8MM - Luna tools\",\"isPartOf\":{\"@id\":\"https:\/\/lunatools.com\/sv\/#website\"},\"datePublished\":\"2026-05-14T02:15:04+00:00\",\"dateModified\":\"2026-05-14T02:15:04+00:00\",\"breadcrumb\":{\"@id\":\"https:\/\/lunatools.com\/sv\/product\/diamantfras-m14-8mm\/#breadcrumb\"},\"inLanguage\":\"sv-SE\",\"potentialAction\":[{\"@type\":\"ReadAction\",\"target\":[\"https:\/\/lunatools.com\/sv\/product\/diamantfras-m14-8mm\/\"]}]},{\"@type\":\"BreadcrumbList\",\"@id\":\"https:\/\/lunatools.com\/sv\/product\/diamantfras-m14-8mm\/#breadcrumb\",\"itemListElement\":[{\"@type\":\"ListItem\",\"position\":1,\"name\":\"Home\",\"item\":\"https:\/\/lunatools.com\/sv\/\"},{\"@type\":\"ListItem\",\"position\":2,\"name\":\"Produkty\",\"item\":\"https:\/\/lunatools.com\/pl\/shop\/\"},{\"@type\":\"ListItem\",\"position\":3,\"name\":\"DIAMANTFR\u00c4S M14 8MM\"}]},{\"@type\":\"WebSite\",\"@id\":\"https:\/\/lunatools.com\/sv\/#website\",\"url\":\"https:\/\/lunatools.com\/sv\/\",\"name\":\"Luna tools\",\"description\":\"\",\"publisher\":{\"@id\":\"https:\/\/lunatools.com\/sv\/#organization\"},\"potentialAction\":[{\"@type\":\"SearchAction\",\"target\":{\"@type\":\"EntryPoint\",\"urlTemplate\":\"https:\/\/lunatools.com\/sv\/?s={search_term_string}\"},\"query-input\":{\"@type\":\"PropertyValueSpecification\",\"valueRequired\":true,\"valueName\":\"search_term_string\"}}],\"inLanguage\":\"sv-SE\"},{\"@type\":\"Organization\",\"@id\":\"https:\/\/lunatools.com\/sv\/#organization\",\"name\":\"Luna Tools\",\"url\":\"https:\/\/lunatools.com\/sv\/\",\"logo\":{\"@type\":\"ImageObject\",\"inLanguage\":\"sv-SE\",\"@id\":\"https:\/\/lunatools.com\/sv\/#\/schema\/logo\/image\/\",\"url\":\"https:\/\/lunatools.com\/wp-content\/uploads\/2019\/10\/LunaTools-gray-logo.png\",\"contentUrl\":\"https:\/\/lunatools.com\/wp-content\/uploads\/2019\/10\/LunaTools-gray-logo.png\",\"width\":795,\"height\":309,\"caption\":\"Luna Tools\"},\"image\":{\"@id\":\"https:\/\/lunatools.com\/sv\/#\/schema\/logo\/image\/\"}}]}<\/script>\n<!-- \/ Yoast SEO plugin. -->","yoast_head_json":{"title":"DIAMANTFR\u00c4S M14 8MM - Luna tools","robots":{"index":"index","follow":"follow","max-snippet":"max-snippet:-1","max-image-preview":"max-image-preview:large","max-video-preview":"max-video-preview:-1"},"canonical":"https:\/\/lunatools.com\/sv\/product\/diamantfras-m14-8mm\/","og_locale":"sv_SE","og_type":"article","og_title":"DIAMANTFR\u00c4S M14 8MM - Luna tools","og_description":"Diamantfr\u00e4s avsedd till vinkelslip med M14 f\u00e4ste. F\u00f6r att f\u00f6rstora h\u00e5l, g\u00f6ra ovala h\u00e5l eller andra tillpassningar efter h\u00e5ltagning. F\u00f6r material som kakel, klinker, stengodsplattor, granit, keramikplattor, marmor och andra stenbaserade material.","og_url":"https:\/\/lunatools.com\/sv\/product\/diamantfras-m14-8mm\/","og_site_name":"Luna tools","schema":{"@context":"https:\/\/schema.org","@graph":[{"@type":"WebPage","@id":"https:\/\/lunatools.com\/sv\/product\/diamantfras-m14-8mm\/","url":"https:\/\/lunatools.com\/sv\/product\/diamantfras-m14-8mm\/","name":"DIAMANTFR\u00c4S M14 8MM - Luna tools","isPartOf":{"@id":"https:\/\/lunatools.com\/sv\/#website"},"datePublished":"2026-05-14T02:15:04+00:00","dateModified":"2026-05-14T02:15:04+00:00","breadcrumb":{"@id":"https:\/\/lunatools.com\/sv\/product\/diamantfras-m14-8mm\/#breadcrumb"},"inLanguage":"sv-SE","potentialAction":[{"@type":"ReadAction","target":["https:\/\/lunatools.com\/sv\/product\/diamantfras-m14-8mm\/"]}]},{"@type":"BreadcrumbList","@id":"https:\/\/lunatools.com\/sv\/product\/diamantfras-m14-8mm\/#breadcrumb","itemListElement":[{"@type":"ListItem","position":1,"name":"Home","item":"https:\/\/lunatools.com\/sv\/"},{"@type":"ListItem","position":2,"name":"Produkty","item":"https:\/\/lunatools.com\/pl\/shop\/"},{"@type":"ListItem","position":3,"name":"DIAMANTFR\u00c4S M14 8MM"}]},{"@type":"WebSite","@id":"https:\/\/lunatools.com\/sv\/#website","url":"https:\/\/lunatools.com\/sv\/","name":"Luna tools","description":"","publisher":{"@id":"https:\/\/lunatools.com\/sv\/#organization"},"potentialAction":[{"@type":"SearchAction","target":{"@type":"EntryPoint","urlTemplate":"https:\/\/lunatools.com\/sv\/?s={search_term_string}"},"query-input":{"@type":"PropertyValueSpecification","valueRequired":true,"valueName":"search_term_string"}}],"inLanguage":"sv-SE"},{"@type":"Organization","@id":"https:\/\/lunatools.com\/sv\/#organization","name":"Luna Tools","url":"https:\/\/lunatools.com\/sv\/","logo":{"@type":"ImageObject","inLanguage":"sv-SE","@id":"https:\/\/lunatools.com\/sv\/#\/schema\/logo\/image\/","url":"https:\/\/lunatools.com\/wp-content\/uploads\/2019\/10\/LunaTools-gray-logo.png","contentUrl":"https:\/\/lunatools.com\/wp-content\/uploads\/2019\/10\/LunaTools-gray-logo.png","width":795,"height":309,"caption":"Luna Tools"},"image":{"@id":"https:\/\/lunatools.com\/sv\/#\/schema\/logo\/image\/"}}]}},"_links":{"self":[{"href":"https:\/\/lunatools.com\/sv\/wp-json\/wp\/v2\/product\/65386"}],"collection":[{"href":"https:\/\/lunatools.com\/sv\/wp-json\/wp\/v2\/product"}],"about":[{"href":"https:\/\/lunatools.com\/sv\/wp-json\/wp\/v2\/types\/product"}],"wp:attachment":[{"href":"https:\/\/lunatools.com\/sv\/wp-json\/wp\/v2\/media?parent=65386"}],"wp:term":[{"taxonomy":"product_cat","embeddable":true,"href":"https:\/\/lunatools.com\/sv\/wp-json\/wp\/v2\/product_cat?post=65386"},{"taxonomy":"product_tag","embeddable":true,"href":"https:\/\/lunatools.com\/sv\/wp-json\/wp\/v2\/product_tag?post=65386"}],"curies":[{"name":"wp","href":"https:\/\/api.w.org\/{rel}","templated":true}]}}