{"id":65991,"date":"2026-04-22T02:15:17","date_gmt":"2026-04-22T02:15:17","guid":{"rendered":"https:\/\/lunatools.com\/product\/vattenpass-lhs-180-prime-v2\/"},"modified":"2026-04-22T02:15:17","modified_gmt":"2026-04-22T02:15:17","slug":"vattenpass-lhs-180-prime-v2","status":"publish","type":"product","link":"https:\/\/lunatools.com\/sv\/product\/vattenpass-lhs-180-prime-v2\/","title":{"rendered":"VATTENPASS LHS 180 PRIME V2"},"content":{"rendered":"<p>Vattenpass med h\u00f6g precision, k\u00e4nslighet och noggrannhet. 10 g\u00e5nger h\u00f6gre k\u00e4nslighet \u00e4n normala snickarpass. Tack vare libell med radie 2\u00a0000\u00a0mm har detta vattenpass k\u00e4nslighet p\u00e5 1\u00a0mm\/m. Det betyder att bubblan flyttar sig 2\u00a0mm n\u00e4r du lyfter ena \u00e4nden 1\u00a0mm p\u00e5 ett vattenpass som \u00e4r 1\u00a0meter l\u00e5ngt. Stora cylindriska libeller med b\u00e5de f\u00f6rstoring och spegelreflex s\u00e4kerst\u00e4ller korrekt och enkel avl\u00e4sning i alla vinklar. Tillverkat i slagt\u00e5ligt material med mycket god best\u00e4ndighet mot UV-ljus. Aluminiumprofil (I-profil, 100\u00a0x\u00a025\u00a0mm) med h\u00f6g vridstyvhet. Handtagsh\u00e5l med ram av ABS-plast och TPE-gummi, f\u00f6r bekv\u00e4mt och s\u00e4kert grepp. F\u00f6r tillf\u00e4llig montering p\u00e5 v\u00e4gg eller liknande finns ett rakt och ett vinklat sp\u00e5r. Tack vare dessa \u00e4r det enkelt att f\u00f6ra vattenpasset i sidled och finkorrigera dess l\u00e4ge. Integrerad m\u00e4tskala (klass 1) med extra tydliga markeringar, till exempel f\u00f6r regelavst\u00e5nd. Precision\/tolerans: 0.3\u00a0mm\/m. H\u00e5l f\u00f6r verktygss\u00e4kring.<\/p>\n","protected":false},"excerpt":{"rendered":"Vattenpass med h\u00f6g precision, k\u00e4nslighet och noggrannhet. 10 g\u00e5nger h\u00f6gre k\u00e4nslighet \u00e4n normala snickarpass. Tack vare libell med radie 2\u00a0000\u00a0mm har detta vattenpass k\u00e4nslighet p\u00e5 1\u00a0mm\/m. Det betyder att bubblan flyttar sig 2\u00a0mm n\u00e4r du lyfter ena \u00e4nden 1\u00a0mm p\u00e5 ett vattenpass som \u00e4r 1\u00a0meter l\u00e5ngt. Stora cylindriska libeller med b\u00e5de f\u00f6rstoring och spegelreflex s\u00e4kerst\u00e4ller&#8230; <a class=\"view-article\" href=\"https:\/\/lunatools.com\/sv\/product\/vattenpass-lhs-180-prime-v2\/\">View Article<\/a>","protected":false},"featured_media":0,"template":"","meta":{"_acf_changed":false},"product_cat":[969],"product_tag":[],"class_list":{"0":"post-65991","1":"product","2":"type-product","3":"status-publish","5":"product_cat-vattenpass-sv","7":"first","8":"instock","9":"shipping-taxable","10":"product-type-simple"},"acf":[],"yoast_head":"<!-- This site is optimized with the Yoast SEO plugin v23.4 - https:\/\/yoast.com\/wordpress\/plugins\/seo\/ -->\n<title>VATTENPASS LHS 180 PRIME V2 - Luna tools<\/title>\n<meta name=\"robots\" content=\"index, follow, max-snippet:-1, max-image-preview:large, max-video-preview:-1\" \/>\n<link rel=\"canonical\" href=\"https:\/\/lunatools.com\/sv\/product\/vattenpass-lhs-180-prime-v2\/\" \/>\n<meta property=\"og:locale\" content=\"sv_SE\" \/>\n<meta property=\"og:type\" content=\"article\" \/>\n<meta property=\"og:title\" content=\"VATTENPASS LHS 180 PRIME V2 - Luna tools\" \/>\n<meta property=\"og:description\" content=\"Vattenpass med h\u00f6g precision, k\u00e4nslighet och noggrannhet. 10 g\u00e5nger h\u00f6gre k\u00e4nslighet \u00e4n normala snickarpass. Tack vare libell med radie 2\u00a0000\u00a0mm har detta vattenpass k\u00e4nslighet p\u00e5 1\u00a0mm\/m. Det betyder att bubblan flyttar sig 2\u00a0mm n\u00e4r du lyfter ena \u00e4nden 1\u00a0mm p\u00e5 ett vattenpass som \u00e4r 1\u00a0meter l\u00e5ngt. Stora cylindriska libeller med b\u00e5de f\u00f6rstoring och spegelreflex s\u00e4kerst\u00e4ller... View Article\" \/>\n<meta property=\"og:url\" content=\"https:\/\/lunatools.com\/sv\/product\/vattenpass-lhs-180-prime-v2\/\" \/>\n<meta property=\"og:site_name\" content=\"Luna tools\" \/>\n<meta name=\"twitter:label1\" content=\"Ber\u00e4knad l\u00e4stid\" \/>\n\t<meta name=\"twitter:data1\" content=\"1 minut\" \/>\n<script type=\"application\/ld+json\" class=\"yoast-schema-graph\">{\"@context\":\"https:\/\/schema.org\",\"@graph\":[{\"@type\":\"WebPage\",\"@id\":\"https:\/\/lunatools.com\/sv\/product\/vattenpass-lhs-180-prime-v2\/\",\"url\":\"https:\/\/lunatools.com\/sv\/product\/vattenpass-lhs-180-prime-v2\/\",\"name\":\"VATTENPASS LHS 180 PRIME V2 - Luna tools\",\"isPartOf\":{\"@id\":\"https:\/\/lunatools.com\/sv\/#website\"},\"datePublished\":\"2026-04-22T02:15:17+00:00\",\"dateModified\":\"2026-04-22T02:15:17+00:00\",\"breadcrumb\":{\"@id\":\"https:\/\/lunatools.com\/sv\/product\/vattenpass-lhs-180-prime-v2\/#breadcrumb\"},\"inLanguage\":\"sv-SE\",\"potentialAction\":[{\"@type\":\"ReadAction\",\"target\":[\"https:\/\/lunatools.com\/sv\/product\/vattenpass-lhs-180-prime-v2\/\"]}]},{\"@type\":\"BreadcrumbList\",\"@id\":\"https:\/\/lunatools.com\/sv\/product\/vattenpass-lhs-180-prime-v2\/#breadcrumb\",\"itemListElement\":[{\"@type\":\"ListItem\",\"position\":1,\"name\":\"Home\",\"item\":\"https:\/\/lunatools.com\/sv\/\"},{\"@type\":\"ListItem\",\"position\":2,\"name\":\"Produkty\",\"item\":\"https:\/\/lunatools.com\/pl\/shop\/\"},{\"@type\":\"ListItem\",\"position\":3,\"name\":\"VATTENPASS LHS 180 PRIME V2\"}]},{\"@type\":\"WebSite\",\"@id\":\"https:\/\/lunatools.com\/sv\/#website\",\"url\":\"https:\/\/lunatools.com\/sv\/\",\"name\":\"Luna tools\",\"description\":\"\",\"publisher\":{\"@id\":\"https:\/\/lunatools.com\/sv\/#organization\"},\"potentialAction\":[{\"@type\":\"SearchAction\",\"target\":{\"@type\":\"EntryPoint\",\"urlTemplate\":\"https:\/\/lunatools.com\/sv\/?s={search_term_string}\"},\"query-input\":{\"@type\":\"PropertyValueSpecification\",\"valueRequired\":true,\"valueName\":\"search_term_string\"}}],\"inLanguage\":\"sv-SE\"},{\"@type\":\"Organization\",\"@id\":\"https:\/\/lunatools.com\/sv\/#organization\",\"name\":\"Luna Tools\",\"url\":\"https:\/\/lunatools.com\/sv\/\",\"logo\":{\"@type\":\"ImageObject\",\"inLanguage\":\"sv-SE\",\"@id\":\"https:\/\/lunatools.com\/sv\/#\/schema\/logo\/image\/\",\"url\":\"https:\/\/lunatools.com\/wp-content\/uploads\/2019\/10\/LunaTools-gray-logo.png\",\"contentUrl\":\"https:\/\/lunatools.com\/wp-content\/uploads\/2019\/10\/LunaTools-gray-logo.png\",\"width\":795,\"height\":309,\"caption\":\"Luna Tools\"},\"image\":{\"@id\":\"https:\/\/lunatools.com\/sv\/#\/schema\/logo\/image\/\"}}]}<\/script>\n<!-- \/ Yoast SEO plugin. -->","yoast_head_json":{"title":"VATTENPASS LHS 180 PRIME V2 - Luna tools","robots":{"index":"index","follow":"follow","max-snippet":"max-snippet:-1","max-image-preview":"max-image-preview:large","max-video-preview":"max-video-preview:-1"},"canonical":"https:\/\/lunatools.com\/sv\/product\/vattenpass-lhs-180-prime-v2\/","og_locale":"sv_SE","og_type":"article","og_title":"VATTENPASS LHS 180 PRIME V2 - Luna tools","og_description":"Vattenpass med h\u00f6g precision, k\u00e4nslighet och noggrannhet. 10 g\u00e5nger h\u00f6gre k\u00e4nslighet \u00e4n normala snickarpass. Tack vare libell med radie 2\u00a0000\u00a0mm har detta vattenpass k\u00e4nslighet p\u00e5 1\u00a0mm\/m. Det betyder att bubblan flyttar sig 2\u00a0mm n\u00e4r du lyfter ena \u00e4nden 1\u00a0mm p\u00e5 ett vattenpass som \u00e4r 1\u00a0meter l\u00e5ngt. Stora cylindriska libeller med b\u00e5de f\u00f6rstoring och spegelreflex s\u00e4kerst\u00e4ller... View Article","og_url":"https:\/\/lunatools.com\/sv\/product\/vattenpass-lhs-180-prime-v2\/","og_site_name":"Luna tools","twitter_misc":{"Ber\u00e4knad l\u00e4stid":"1 minut"},"schema":{"@context":"https:\/\/schema.org","@graph":[{"@type":"WebPage","@id":"https:\/\/lunatools.com\/sv\/product\/vattenpass-lhs-180-prime-v2\/","url":"https:\/\/lunatools.com\/sv\/product\/vattenpass-lhs-180-prime-v2\/","name":"VATTENPASS LHS 180 PRIME V2 - Luna tools","isPartOf":{"@id":"https:\/\/lunatools.com\/sv\/#website"},"datePublished":"2026-04-22T02:15:17+00:00","dateModified":"2026-04-22T02:15:17+00:00","breadcrumb":{"@id":"https:\/\/lunatools.com\/sv\/product\/vattenpass-lhs-180-prime-v2\/#breadcrumb"},"inLanguage":"sv-SE","potentialAction":[{"@type":"ReadAction","target":["https:\/\/lunatools.com\/sv\/product\/vattenpass-lhs-180-prime-v2\/"]}]},{"@type":"BreadcrumbList","@id":"https:\/\/lunatools.com\/sv\/product\/vattenpass-lhs-180-prime-v2\/#breadcrumb","itemListElement":[{"@type":"ListItem","position":1,"name":"Home","item":"https:\/\/lunatools.com\/sv\/"},{"@type":"ListItem","position":2,"name":"Produkty","item":"https:\/\/lunatools.com\/pl\/shop\/"},{"@type":"ListItem","position":3,"name":"VATTENPASS LHS 180 PRIME V2"}]},{"@type":"WebSite","@id":"https:\/\/lunatools.com\/sv\/#website","url":"https:\/\/lunatools.com\/sv\/","name":"Luna tools","description":"","publisher":{"@id":"https:\/\/lunatools.com\/sv\/#organization"},"potentialAction":[{"@type":"SearchAction","target":{"@type":"EntryPoint","urlTemplate":"https:\/\/lunatools.com\/sv\/?s={search_term_string}"},"query-input":{"@type":"PropertyValueSpecification","valueRequired":true,"valueName":"search_term_string"}}],"inLanguage":"sv-SE"},{"@type":"Organization","@id":"https:\/\/lunatools.com\/sv\/#organization","name":"Luna Tools","url":"https:\/\/lunatools.com\/sv\/","logo":{"@type":"ImageObject","inLanguage":"sv-SE","@id":"https:\/\/lunatools.com\/sv\/#\/schema\/logo\/image\/","url":"https:\/\/lunatools.com\/wp-content\/uploads\/2019\/10\/LunaTools-gray-logo.png","contentUrl":"https:\/\/lunatools.com\/wp-content\/uploads\/2019\/10\/LunaTools-gray-logo.png","width":795,"height":309,"caption":"Luna Tools"},"image":{"@id":"https:\/\/lunatools.com\/sv\/#\/schema\/logo\/image\/"}}]}},"_links":{"self":[{"href":"https:\/\/lunatools.com\/sv\/wp-json\/wp\/v2\/product\/65991"}],"collection":[{"href":"https:\/\/lunatools.com\/sv\/wp-json\/wp\/v2\/product"}],"about":[{"href":"https:\/\/lunatools.com\/sv\/wp-json\/wp\/v2\/types\/product"}],"wp:attachment":[{"href":"https:\/\/lunatools.com\/sv\/wp-json\/wp\/v2\/media?parent=65991"}],"wp:term":[{"taxonomy":"product_cat","embeddable":true,"href":"https:\/\/lunatools.com\/sv\/wp-json\/wp\/v2\/product_cat?post=65991"},{"taxonomy":"product_tag","embeddable":true,"href":"https:\/\/lunatools.com\/sv\/wp-json\/wp\/v2\/product_tag?post=65991"}],"curies":[{"name":"wp","href":"https:\/\/api.w.org\/{rel}","templated":true}]}}