{"id":65995,"date":"2026-04-29T02:15:16","date_gmt":"2026-04-29T02:15:16","guid":{"rendered":"https:\/\/lunatools.com\/product\/sagklinga-tct-st-216n-x30-z50\/"},"modified":"2026-04-29T02:15:16","modified_gmt":"2026-04-29T02:15:16","slug":"sagklinga-tct-st-216n-x30-z50","status":"publish","type":"product","link":"https:\/\/lunatools.com\/sv\/product\/sagklinga-tct-st-216n-x30-z50\/","title":{"rendered":"S\u00c5GKLINGA TCT ST 216N X30 Z50"},"content":{"rendered":"<p>Cirkels\u00e5gklinga med h\u00e5rdmetallt\u00e4nder f\u00f6r kapning och klyvning av alla typer av tr\u00e4material samt s\u00e5gning i olika former av skivmaterial. Tillverkade med h\u00e4rdat stamblad och h\u00f6gt st\u00e4llda kvalitetskrav f\u00f6r att kunna anv\u00e4ndas yrkesm\u00e4ssigt. Klingan kan omslipas flera g\u00e5nger. Passar \u00e4ven batterimaskiner.<\/p>\n","protected":false},"excerpt":{"rendered":"Cirkels\u00e5gklinga med h\u00e5rdmetallt\u00e4nder f\u00f6r kapning och klyvning av alla typer av tr\u00e4material samt s\u00e5gning i olika former av skivmaterial. Tillverkade med h\u00e4rdat stamblad och h\u00f6gt st\u00e4llda kvalitetskrav f\u00f6r att kunna anv\u00e4ndas yrkesm\u00e4ssigt. Klingan kan omslipas flera g\u00e5nger. Passar \u00e4ven batterimaskiner.","protected":false},"featured_media":0,"template":"","meta":{"_acf_changed":false},"product_cat":[2465,2464],"product_tag":[],"class_list":{"0":"post-65995","1":"product","2":"type-product","3":"status-publish","5":"product_cat-cirkelsagklingor-sv-cirkelsagklingor-sv","6":"product_cat-cirkelsagklingor-sv","8":"first","9":"instock","10":"shipping-taxable","11":"product-type-simple"},"acf":[],"yoast_head":"<!-- This site is optimized with the Yoast SEO plugin v23.4 - https:\/\/yoast.com\/wordpress\/plugins\/seo\/ -->\n<title>S\u00c5GKLINGA TCT ST 216N X30 Z50 - Luna tools<\/title>\n<meta name=\"robots\" content=\"index, follow, max-snippet:-1, max-image-preview:large, max-video-preview:-1\" \/>\n<link rel=\"canonical\" href=\"https:\/\/lunatools.com\/sv\/product\/sagklinga-tct-st-216n-x30-z50\/\" \/>\n<meta property=\"og:locale\" content=\"sv_SE\" \/>\n<meta property=\"og:type\" content=\"article\" \/>\n<meta property=\"og:title\" content=\"S\u00c5GKLINGA TCT ST 216N X30 Z50 - Luna tools\" \/>\n<meta property=\"og:description\" content=\"Cirkels\u00e5gklinga med h\u00e5rdmetallt\u00e4nder f\u00f6r kapning och klyvning av alla typer av tr\u00e4material samt s\u00e5gning i olika former av skivmaterial. Tillverkade med h\u00e4rdat stamblad och h\u00f6gt st\u00e4llda kvalitetskrav f\u00f6r att kunna anv\u00e4ndas yrkesm\u00e4ssigt. Klingan kan omslipas flera g\u00e5nger. Passar \u00e4ven batterimaskiner.\" \/>\n<meta property=\"og:url\" content=\"https:\/\/lunatools.com\/sv\/product\/sagklinga-tct-st-216n-x30-z50\/\" \/>\n<meta property=\"og:site_name\" content=\"Luna tools\" \/>\n<script type=\"application\/ld+json\" class=\"yoast-schema-graph\">{\"@context\":\"https:\/\/schema.org\",\"@graph\":[{\"@type\":\"WebPage\",\"@id\":\"https:\/\/lunatools.com\/sv\/product\/sagklinga-tct-st-216n-x30-z50\/\",\"url\":\"https:\/\/lunatools.com\/sv\/product\/sagklinga-tct-st-216n-x30-z50\/\",\"name\":\"S\u00c5GKLINGA TCT ST 216N X30 Z50 - Luna tools\",\"isPartOf\":{\"@id\":\"https:\/\/lunatools.com\/sv\/#website\"},\"datePublished\":\"2026-04-29T02:15:16+00:00\",\"dateModified\":\"2026-04-29T02:15:16+00:00\",\"breadcrumb\":{\"@id\":\"https:\/\/lunatools.com\/sv\/product\/sagklinga-tct-st-216n-x30-z50\/#breadcrumb\"},\"inLanguage\":\"sv-SE\",\"potentialAction\":[{\"@type\":\"ReadAction\",\"target\":[\"https:\/\/lunatools.com\/sv\/product\/sagklinga-tct-st-216n-x30-z50\/\"]}]},{\"@type\":\"BreadcrumbList\",\"@id\":\"https:\/\/lunatools.com\/sv\/product\/sagklinga-tct-st-216n-x30-z50\/#breadcrumb\",\"itemListElement\":[{\"@type\":\"ListItem\",\"position\":1,\"name\":\"Home\",\"item\":\"https:\/\/lunatools.com\/sv\/\"},{\"@type\":\"ListItem\",\"position\":2,\"name\":\"Produkty\",\"item\":\"https:\/\/lunatools.com\/pl\/shop\/\"},{\"@type\":\"ListItem\",\"position\":3,\"name\":\"S\u00c5GKLINGA TCT ST 216N X30 Z50\"}]},{\"@type\":\"WebSite\",\"@id\":\"https:\/\/lunatools.com\/sv\/#website\",\"url\":\"https:\/\/lunatools.com\/sv\/\",\"name\":\"Luna tools\",\"description\":\"\",\"publisher\":{\"@id\":\"https:\/\/lunatools.com\/sv\/#organization\"},\"potentialAction\":[{\"@type\":\"SearchAction\",\"target\":{\"@type\":\"EntryPoint\",\"urlTemplate\":\"https:\/\/lunatools.com\/sv\/?s={search_term_string}\"},\"query-input\":{\"@type\":\"PropertyValueSpecification\",\"valueRequired\":true,\"valueName\":\"search_term_string\"}}],\"inLanguage\":\"sv-SE\"},{\"@type\":\"Organization\",\"@id\":\"https:\/\/lunatools.com\/sv\/#organization\",\"name\":\"Luna Tools\",\"url\":\"https:\/\/lunatools.com\/sv\/\",\"logo\":{\"@type\":\"ImageObject\",\"inLanguage\":\"sv-SE\",\"@id\":\"https:\/\/lunatools.com\/sv\/#\/schema\/logo\/image\/\",\"url\":\"https:\/\/lunatools.com\/wp-content\/uploads\/2019\/10\/LunaTools-gray-logo.png\",\"contentUrl\":\"https:\/\/lunatools.com\/wp-content\/uploads\/2019\/10\/LunaTools-gray-logo.png\",\"width\":795,\"height\":309,\"caption\":\"Luna Tools\"},\"image\":{\"@id\":\"https:\/\/lunatools.com\/sv\/#\/schema\/logo\/image\/\"}}]}<\/script>\n<!-- \/ Yoast SEO plugin. -->","yoast_head_json":{"title":"S\u00c5GKLINGA TCT ST 216N X30 Z50 - Luna tools","robots":{"index":"index","follow":"follow","max-snippet":"max-snippet:-1","max-image-preview":"max-image-preview:large","max-video-preview":"max-video-preview:-1"},"canonical":"https:\/\/lunatools.com\/sv\/product\/sagklinga-tct-st-216n-x30-z50\/","og_locale":"sv_SE","og_type":"article","og_title":"S\u00c5GKLINGA TCT ST 216N X30 Z50 - Luna tools","og_description":"Cirkels\u00e5gklinga med h\u00e5rdmetallt\u00e4nder f\u00f6r kapning och klyvning av alla typer av tr\u00e4material samt s\u00e5gning i olika former av skivmaterial. Tillverkade med h\u00e4rdat stamblad och h\u00f6gt st\u00e4llda kvalitetskrav f\u00f6r att kunna anv\u00e4ndas yrkesm\u00e4ssigt. Klingan kan omslipas flera g\u00e5nger. Passar \u00e4ven batterimaskiner.","og_url":"https:\/\/lunatools.com\/sv\/product\/sagklinga-tct-st-216n-x30-z50\/","og_site_name":"Luna tools","schema":{"@context":"https:\/\/schema.org","@graph":[{"@type":"WebPage","@id":"https:\/\/lunatools.com\/sv\/product\/sagklinga-tct-st-216n-x30-z50\/","url":"https:\/\/lunatools.com\/sv\/product\/sagklinga-tct-st-216n-x30-z50\/","name":"S\u00c5GKLINGA TCT ST 216N X30 Z50 - Luna tools","isPartOf":{"@id":"https:\/\/lunatools.com\/sv\/#website"},"datePublished":"2026-04-29T02:15:16+00:00","dateModified":"2026-04-29T02:15:16+00:00","breadcrumb":{"@id":"https:\/\/lunatools.com\/sv\/product\/sagklinga-tct-st-216n-x30-z50\/#breadcrumb"},"inLanguage":"sv-SE","potentialAction":[{"@type":"ReadAction","target":["https:\/\/lunatools.com\/sv\/product\/sagklinga-tct-st-216n-x30-z50\/"]}]},{"@type":"BreadcrumbList","@id":"https:\/\/lunatools.com\/sv\/product\/sagklinga-tct-st-216n-x30-z50\/#breadcrumb","itemListElement":[{"@type":"ListItem","position":1,"name":"Home","item":"https:\/\/lunatools.com\/sv\/"},{"@type":"ListItem","position":2,"name":"Produkty","item":"https:\/\/lunatools.com\/pl\/shop\/"},{"@type":"ListItem","position":3,"name":"S\u00c5GKLINGA TCT ST 216N X30 Z50"}]},{"@type":"WebSite","@id":"https:\/\/lunatools.com\/sv\/#website","url":"https:\/\/lunatools.com\/sv\/","name":"Luna tools","description":"","publisher":{"@id":"https:\/\/lunatools.com\/sv\/#organization"},"potentialAction":[{"@type":"SearchAction","target":{"@type":"EntryPoint","urlTemplate":"https:\/\/lunatools.com\/sv\/?s={search_term_string}"},"query-input":{"@type":"PropertyValueSpecification","valueRequired":true,"valueName":"search_term_string"}}],"inLanguage":"sv-SE"},{"@type":"Organization","@id":"https:\/\/lunatools.com\/sv\/#organization","name":"Luna Tools","url":"https:\/\/lunatools.com\/sv\/","logo":{"@type":"ImageObject","inLanguage":"sv-SE","@id":"https:\/\/lunatools.com\/sv\/#\/schema\/logo\/image\/","url":"https:\/\/lunatools.com\/wp-content\/uploads\/2019\/10\/LunaTools-gray-logo.png","contentUrl":"https:\/\/lunatools.com\/wp-content\/uploads\/2019\/10\/LunaTools-gray-logo.png","width":795,"height":309,"caption":"Luna Tools"},"image":{"@id":"https:\/\/lunatools.com\/sv\/#\/schema\/logo\/image\/"}}]}},"_links":{"self":[{"href":"https:\/\/lunatools.com\/sv\/wp-json\/wp\/v2\/product\/65995"}],"collection":[{"href":"https:\/\/lunatools.com\/sv\/wp-json\/wp\/v2\/product"}],"about":[{"href":"https:\/\/lunatools.com\/sv\/wp-json\/wp\/v2\/types\/product"}],"wp:attachment":[{"href":"https:\/\/lunatools.com\/sv\/wp-json\/wp\/v2\/media?parent=65995"}],"wp:term":[{"taxonomy":"product_cat","embeddable":true,"href":"https:\/\/lunatools.com\/sv\/wp-json\/wp\/v2\/product_cat?post=65995"},{"taxonomy":"product_tag","embeddable":true,"href":"https:\/\/lunatools.com\/sv\/wp-json\/wp\/v2\/product_tag?post=65995"}],"curies":[{"name":"wp","href":"https:\/\/api.w.org\/{rel}","templated":true}]}}