{"id":728,"date":"2026-04-22T00:30:18","date_gmt":"2026-04-22T00:30:18","guid":{"rendered":"https:\/\/lunatools.com\/product\/kakelborr-5mm-fyrskarig\/"},"modified":"2026-04-22T00:30:18","modified_gmt":"2026-04-22T00:30:18","slug":"kakelborr-5mm-fyrskarig","status":"publish","type":"product","link":"https:\/\/lunatools.com\/sv\/product\/kakelborr-5mm-fyrskarig\/","title":{"rendered":"KAKELBORR 5MM FYRSK\u00c4RIG"},"content":{"rendered":"<p>Borr med fyrsk\u00e4rig h\u00e5rdmetallspets och 1\/4&#8221; sexkantsf\u00e4ste. F\u00f6r borrning i glas, spegelglas, flaskor, kakel, keramik och porslin.<\/p>\n","protected":false},"excerpt":{"rendered":"Borr med fyrsk\u00e4rig h\u00e5rdmetallspets och 1\/4&#8221; sexkantsf\u00e4ste. F\u00f6r borrning i glas, spegelglas, flaskor, kakel, keramik och porslin.","protected":false},"featured_media":41763,"template":"","meta":{"_acf_changed":false},"product_cat":[393,394],"product_tag":[],"class_list":{"0":"post-728","1":"product","2":"type-product","3":"status-publish","4":"has-post-thumbnail","6":"product_cat-borr-sv","7":"product_cat-kakelborr-sv","9":"first","10":"instock","11":"shipping-taxable","12":"product-type-simple"},"acf":[],"yoast_head":"<!-- This site is optimized with the Yoast SEO plugin v23.4 - https:\/\/yoast.com\/wordpress\/plugins\/seo\/ -->\n<title>KAKELBORR 5MM FYRSK\u00c4RIG - Luna tools<\/title>\n<meta name=\"robots\" content=\"index, follow, max-snippet:-1, max-image-preview:large, max-video-preview:-1\" \/>\n<link rel=\"canonical\" href=\"https:\/\/lunatools.com\/sv\/product\/kakelborr-5mm-fyrskarig\/\" \/>\n<meta property=\"og:locale\" content=\"sv_SE\" \/>\n<meta property=\"og:type\" content=\"article\" \/>\n<meta property=\"og:title\" content=\"KAKELBORR 5MM FYRSK\u00c4RIG - Luna tools\" \/>\n<meta property=\"og:description\" content=\"Borr med fyrsk\u00e4rig h\u00e5rdmetallspets och 1\/4&#8221; sexkantsf\u00e4ste. F\u00f6r borrning i glas, spegelglas, flaskor, kakel, keramik och porslin.\" \/>\n<meta property=\"og:url\" content=\"https:\/\/lunatools.com\/sv\/product\/kakelborr-5mm-fyrskarig\/\" \/>\n<meta property=\"og:site_name\" content=\"Luna tools\" \/>\n<meta property=\"og:image\" content=\"https:\/\/lunatools.com\/wp-content\/uploads\/2021\/03\/868711-38.jpg\" \/>\n\t<meta property=\"og:image:width\" content=\"1400\" \/>\n\t<meta property=\"og:image:height\" content=\"500\" \/>\n\t<meta property=\"og:image:type\" content=\"image\/jpeg\" \/>\n<script type=\"application\/ld+json\" class=\"yoast-schema-graph\">{\"@context\":\"https:\/\/schema.org\",\"@graph\":[{\"@type\":\"WebPage\",\"@id\":\"https:\/\/lunatools.com\/sv\/product\/kakelborr-5mm-fyrskarig\/\",\"url\":\"https:\/\/lunatools.com\/sv\/product\/kakelborr-5mm-fyrskarig\/\",\"name\":\"KAKELBORR 5MM FYRSK\u00c4RIG - Luna tools\",\"isPartOf\":{\"@id\":\"https:\/\/lunatools.com\/sv\/#website\"},\"primaryImageOfPage\":{\"@id\":\"https:\/\/lunatools.com\/sv\/product\/kakelborr-5mm-fyrskarig\/#primaryimage\"},\"image\":{\"@id\":\"https:\/\/lunatools.com\/sv\/product\/kakelborr-5mm-fyrskarig\/#primaryimage\"},\"thumbnailUrl\":\"https:\/\/lunatools.com\/wp-content\/uploads\/2021\/03\/868711-38.jpg\",\"datePublished\":\"2026-04-22T00:30:18+00:00\",\"dateModified\":\"2026-04-22T00:30:18+00:00\",\"breadcrumb\":{\"@id\":\"https:\/\/lunatools.com\/sv\/product\/kakelborr-5mm-fyrskarig\/#breadcrumb\"},\"inLanguage\":\"sv-SE\",\"potentialAction\":[{\"@type\":\"ReadAction\",\"target\":[\"https:\/\/lunatools.com\/sv\/product\/kakelborr-5mm-fyrskarig\/\"]}]},{\"@type\":\"ImageObject\",\"inLanguage\":\"sv-SE\",\"@id\":\"https:\/\/lunatools.com\/sv\/product\/kakelborr-5mm-fyrskarig\/#primaryimage\",\"url\":\"https:\/\/lunatools.com\/wp-content\/uploads\/2021\/03\/868711-38.jpg\",\"contentUrl\":\"https:\/\/lunatools.com\/wp-content\/uploads\/2021\/03\/868711-38.jpg\",\"width\":1400,\"height\":500},{\"@type\":\"BreadcrumbList\",\"@id\":\"https:\/\/lunatools.com\/sv\/product\/kakelborr-5mm-fyrskarig\/#breadcrumb\",\"itemListElement\":[{\"@type\":\"ListItem\",\"position\":1,\"name\":\"Home\",\"item\":\"https:\/\/lunatools.com\/sv\/\"},{\"@type\":\"ListItem\",\"position\":2,\"name\":\"Produkty\",\"item\":\"https:\/\/lunatools.com\/pl\/shop\/\"},{\"@type\":\"ListItem\",\"position\":3,\"name\":\"KAKELBORR 5MM FYRSK\u00c4RIG\"}]},{\"@type\":\"WebSite\",\"@id\":\"https:\/\/lunatools.com\/sv\/#website\",\"url\":\"https:\/\/lunatools.com\/sv\/\",\"name\":\"Luna tools\",\"description\":\"\",\"publisher\":{\"@id\":\"https:\/\/lunatools.com\/sv\/#organization\"},\"potentialAction\":[{\"@type\":\"SearchAction\",\"target\":{\"@type\":\"EntryPoint\",\"urlTemplate\":\"https:\/\/lunatools.com\/sv\/?s={search_term_string}\"},\"query-input\":{\"@type\":\"PropertyValueSpecification\",\"valueRequired\":true,\"valueName\":\"search_term_string\"}}],\"inLanguage\":\"sv-SE\"},{\"@type\":\"Organization\",\"@id\":\"https:\/\/lunatools.com\/sv\/#organization\",\"name\":\"Luna Tools\",\"url\":\"https:\/\/lunatools.com\/sv\/\",\"logo\":{\"@type\":\"ImageObject\",\"inLanguage\":\"sv-SE\",\"@id\":\"https:\/\/lunatools.com\/sv\/#\/schema\/logo\/image\/\",\"url\":\"https:\/\/lunatools.com\/wp-content\/uploads\/2019\/10\/LunaTools-gray-logo.png\",\"contentUrl\":\"https:\/\/lunatools.com\/wp-content\/uploads\/2019\/10\/LunaTools-gray-logo.png\",\"width\":795,\"height\":309,\"caption\":\"Luna Tools\"},\"image\":{\"@id\":\"https:\/\/lunatools.com\/sv\/#\/schema\/logo\/image\/\"}}]}<\/script>\n<!-- \/ Yoast SEO plugin. -->","yoast_head_json":{"title":"KAKELBORR 5MM FYRSK\u00c4RIG - Luna tools","robots":{"index":"index","follow":"follow","max-snippet":"max-snippet:-1","max-image-preview":"max-image-preview:large","max-video-preview":"max-video-preview:-1"},"canonical":"https:\/\/lunatools.com\/sv\/product\/kakelborr-5mm-fyrskarig\/","og_locale":"sv_SE","og_type":"article","og_title":"KAKELBORR 5MM FYRSK\u00c4RIG - Luna tools","og_description":"Borr med fyrsk\u00e4rig h\u00e5rdmetallspets och 1\/4&#8221; sexkantsf\u00e4ste. F\u00f6r borrning i glas, spegelglas, flaskor, kakel, keramik och porslin.","og_url":"https:\/\/lunatools.com\/sv\/product\/kakelborr-5mm-fyrskarig\/","og_site_name":"Luna tools","og_image":[{"width":1400,"height":500,"url":"https:\/\/lunatools.com\/wp-content\/uploads\/2021\/03\/868711-38.jpg","type":"image\/jpeg"}],"schema":{"@context":"https:\/\/schema.org","@graph":[{"@type":"WebPage","@id":"https:\/\/lunatools.com\/sv\/product\/kakelborr-5mm-fyrskarig\/","url":"https:\/\/lunatools.com\/sv\/product\/kakelborr-5mm-fyrskarig\/","name":"KAKELBORR 5MM FYRSK\u00c4RIG - Luna tools","isPartOf":{"@id":"https:\/\/lunatools.com\/sv\/#website"},"primaryImageOfPage":{"@id":"https:\/\/lunatools.com\/sv\/product\/kakelborr-5mm-fyrskarig\/#primaryimage"},"image":{"@id":"https:\/\/lunatools.com\/sv\/product\/kakelborr-5mm-fyrskarig\/#primaryimage"},"thumbnailUrl":"https:\/\/lunatools.com\/wp-content\/uploads\/2021\/03\/868711-38.jpg","datePublished":"2026-04-22T00:30:18+00:00","dateModified":"2026-04-22T00:30:18+00:00","breadcrumb":{"@id":"https:\/\/lunatools.com\/sv\/product\/kakelborr-5mm-fyrskarig\/#breadcrumb"},"inLanguage":"sv-SE","potentialAction":[{"@type":"ReadAction","target":["https:\/\/lunatools.com\/sv\/product\/kakelborr-5mm-fyrskarig\/"]}]},{"@type":"ImageObject","inLanguage":"sv-SE","@id":"https:\/\/lunatools.com\/sv\/product\/kakelborr-5mm-fyrskarig\/#primaryimage","url":"https:\/\/lunatools.com\/wp-content\/uploads\/2021\/03\/868711-38.jpg","contentUrl":"https:\/\/lunatools.com\/wp-content\/uploads\/2021\/03\/868711-38.jpg","width":1400,"height":500},{"@type":"BreadcrumbList","@id":"https:\/\/lunatools.com\/sv\/product\/kakelborr-5mm-fyrskarig\/#breadcrumb","itemListElement":[{"@type":"ListItem","position":1,"name":"Home","item":"https:\/\/lunatools.com\/sv\/"},{"@type":"ListItem","position":2,"name":"Produkty","item":"https:\/\/lunatools.com\/pl\/shop\/"},{"@type":"ListItem","position":3,"name":"KAKELBORR 5MM FYRSK\u00c4RIG"}]},{"@type":"WebSite","@id":"https:\/\/lunatools.com\/sv\/#website","url":"https:\/\/lunatools.com\/sv\/","name":"Luna tools","description":"","publisher":{"@id":"https:\/\/lunatools.com\/sv\/#organization"},"potentialAction":[{"@type":"SearchAction","target":{"@type":"EntryPoint","urlTemplate":"https:\/\/lunatools.com\/sv\/?s={search_term_string}"},"query-input":{"@type":"PropertyValueSpecification","valueRequired":true,"valueName":"search_term_string"}}],"inLanguage":"sv-SE"},{"@type":"Organization","@id":"https:\/\/lunatools.com\/sv\/#organization","name":"Luna Tools","url":"https:\/\/lunatools.com\/sv\/","logo":{"@type":"ImageObject","inLanguage":"sv-SE","@id":"https:\/\/lunatools.com\/sv\/#\/schema\/logo\/image\/","url":"https:\/\/lunatools.com\/wp-content\/uploads\/2019\/10\/LunaTools-gray-logo.png","contentUrl":"https:\/\/lunatools.com\/wp-content\/uploads\/2019\/10\/LunaTools-gray-logo.png","width":795,"height":309,"caption":"Luna Tools"},"image":{"@id":"https:\/\/lunatools.com\/sv\/#\/schema\/logo\/image\/"}}]}},"_links":{"self":[{"href":"https:\/\/lunatools.com\/sv\/wp-json\/wp\/v2\/product\/728"}],"collection":[{"href":"https:\/\/lunatools.com\/sv\/wp-json\/wp\/v2\/product"}],"about":[{"href":"https:\/\/lunatools.com\/sv\/wp-json\/wp\/v2\/types\/product"}],"wp:featuredmedia":[{"embeddable":true,"href":"https:\/\/lunatools.com\/sv\/wp-json\/wp\/v2\/media\/41763"}],"wp:attachment":[{"href":"https:\/\/lunatools.com\/sv\/wp-json\/wp\/v2\/media?parent=728"}],"wp:term":[{"taxonomy":"product_cat","embeddable":true,"href":"https:\/\/lunatools.com\/sv\/wp-json\/wp\/v2\/product_cat?post=728"},{"taxonomy":"product_tag","embeddable":true,"href":"https:\/\/lunatools.com\/sv\/wp-json\/wp\/v2\/product_tag?post=728"}],"curies":[{"name":"wp","href":"https:\/\/api.w.org\/{rel}","templated":true}]}}