{"id":801,"date":"2025-10-31T01:50:20","date_gmt":"2025-10-31T01:50:20","guid":{"rendered":"https:\/\/lunatools.com\/product\/traplugg-sats-505delar\/"},"modified":"2025-10-31T01:50:20","modified_gmt":"2025-10-31T01:50:20","slug":"traplugg-sats-505delar","status":"publish","type":"product","link":"https:\/\/lunatools.com\/sv\/product\/traplugg-sats-505delar\/","title":{"rendered":"TR\u00c4PLUGG SATS 505DELAR"},"content":{"rendered":"<p>Sats med r\u00e4fflade torkade tr\u00e4pluggar av bj\u00f6rk i sats om 3 storlekar.<br \/>\nSatsen best\u00e5r av f\u00f6ljande:<br \/>\n300 st 6 x 30 (212390207)<br \/>\n125 st 8 x 40 (212390405)<br \/>\n80 st 10 x 40 (212390603).<\/p>\n","protected":false},"excerpt":{"rendered":"Sats med r\u00e4fflade torkade tr\u00e4pluggar av bj\u00f6rk i sats om 3 storlekar. Satsen best\u00e5r av f\u00f6ljande: 300 st 6 x 30 (212390207) 125 st 8 x 40 (212390405) 80 st 10 x 40 (212390603).","protected":false},"featured_media":0,"template":"","meta":{"_acf_changed":false},"product_cat":[393,446],"product_tag":[],"class_list":{"0":"post-801","1":"product","2":"type-product","3":"status-publish","5":"product_cat-borr-sv","6":"product_cat-traplugg-sv","8":"first","9":"instock","10":"shipping-taxable","11":"product-type-simple"},"acf":[],"yoast_head":"<!-- This site is optimized with the Yoast SEO plugin v23.4 - https:\/\/yoast.com\/wordpress\/plugins\/seo\/ -->\n<title>TR\u00c4PLUGG SATS 505DELAR - Luna tools<\/title>\n<meta name=\"robots\" content=\"index, follow, max-snippet:-1, max-image-preview:large, max-video-preview:-1\" \/>\n<link rel=\"canonical\" href=\"https:\/\/lunatools.com\/sv\/product\/traplugg-sats-505delar\/\" \/>\n<meta property=\"og:locale\" content=\"sv_SE\" \/>\n<meta property=\"og:type\" content=\"article\" \/>\n<meta property=\"og:title\" content=\"TR\u00c4PLUGG SATS 505DELAR - Luna tools\" \/>\n<meta property=\"og:description\" content=\"Sats med r\u00e4fflade torkade tr\u00e4pluggar av bj\u00f6rk i sats om 3 storlekar. Satsen best\u00e5r av f\u00f6ljande: 300 st 6 x 30 (212390207) 125 st 8 x 40 (212390405) 80 st 10 x 40 (212390603).\" \/>\n<meta property=\"og:url\" content=\"https:\/\/lunatools.com\/sv\/product\/traplugg-sats-505delar\/\" \/>\n<meta property=\"og:site_name\" content=\"Luna tools\" \/>\n<script type=\"application\/ld+json\" class=\"yoast-schema-graph\">{\"@context\":\"https:\/\/schema.org\",\"@graph\":[{\"@type\":\"WebPage\",\"@id\":\"https:\/\/lunatools.com\/sv\/product\/traplugg-sats-505delar\/\",\"url\":\"https:\/\/lunatools.com\/sv\/product\/traplugg-sats-505delar\/\",\"name\":\"TR\u00c4PLUGG SATS 505DELAR - Luna tools\",\"isPartOf\":{\"@id\":\"https:\/\/lunatools.com\/sv\/#website\"},\"datePublished\":\"2025-10-31T01:50:20+00:00\",\"dateModified\":\"2025-10-31T01:50:20+00:00\",\"breadcrumb\":{\"@id\":\"https:\/\/lunatools.com\/sv\/product\/traplugg-sats-505delar\/#breadcrumb\"},\"inLanguage\":\"sv-SE\",\"potentialAction\":[{\"@type\":\"ReadAction\",\"target\":[\"https:\/\/lunatools.com\/sv\/product\/traplugg-sats-505delar\/\"]}]},{\"@type\":\"BreadcrumbList\",\"@id\":\"https:\/\/lunatools.com\/sv\/product\/traplugg-sats-505delar\/#breadcrumb\",\"itemListElement\":[{\"@type\":\"ListItem\",\"position\":1,\"name\":\"Home\",\"item\":\"https:\/\/lunatools.com\/sv\/\"},{\"@type\":\"ListItem\",\"position\":2,\"name\":\"Produkty\",\"item\":\"https:\/\/lunatools.com\/pl\/shop\/\"},{\"@type\":\"ListItem\",\"position\":3,\"name\":\"TR\u00c4PLUGG SATS 505DELAR\"}]},{\"@type\":\"WebSite\",\"@id\":\"https:\/\/lunatools.com\/sv\/#website\",\"url\":\"https:\/\/lunatools.com\/sv\/\",\"name\":\"Luna tools\",\"description\":\"\",\"publisher\":{\"@id\":\"https:\/\/lunatools.com\/sv\/#organization\"},\"potentialAction\":[{\"@type\":\"SearchAction\",\"target\":{\"@type\":\"EntryPoint\",\"urlTemplate\":\"https:\/\/lunatools.com\/sv\/?s={search_term_string}\"},\"query-input\":{\"@type\":\"PropertyValueSpecification\",\"valueRequired\":true,\"valueName\":\"search_term_string\"}}],\"inLanguage\":\"sv-SE\"},{\"@type\":\"Organization\",\"@id\":\"https:\/\/lunatools.com\/sv\/#organization\",\"name\":\"Luna Tools\",\"url\":\"https:\/\/lunatools.com\/sv\/\",\"logo\":{\"@type\":\"ImageObject\",\"inLanguage\":\"sv-SE\",\"@id\":\"https:\/\/lunatools.com\/sv\/#\/schema\/logo\/image\/\",\"url\":\"https:\/\/lunatools.com\/wp-content\/uploads\/2019\/10\/LunaTools-gray-logo.png\",\"contentUrl\":\"https:\/\/lunatools.com\/wp-content\/uploads\/2019\/10\/LunaTools-gray-logo.png\",\"width\":795,\"height\":309,\"caption\":\"Luna Tools\"},\"image\":{\"@id\":\"https:\/\/lunatools.com\/sv\/#\/schema\/logo\/image\/\"}}]}<\/script>\n<!-- \/ Yoast SEO plugin. -->","yoast_head_json":{"title":"TR\u00c4PLUGG SATS 505DELAR - Luna tools","robots":{"index":"index","follow":"follow","max-snippet":"max-snippet:-1","max-image-preview":"max-image-preview:large","max-video-preview":"max-video-preview:-1"},"canonical":"https:\/\/lunatools.com\/sv\/product\/traplugg-sats-505delar\/","og_locale":"sv_SE","og_type":"article","og_title":"TR\u00c4PLUGG SATS 505DELAR - Luna tools","og_description":"Sats med r\u00e4fflade torkade tr\u00e4pluggar av bj\u00f6rk i sats om 3 storlekar. Satsen best\u00e5r av f\u00f6ljande: 300 st 6 x 30 (212390207) 125 st 8 x 40 (212390405) 80 st 10 x 40 (212390603).","og_url":"https:\/\/lunatools.com\/sv\/product\/traplugg-sats-505delar\/","og_site_name":"Luna tools","schema":{"@context":"https:\/\/schema.org","@graph":[{"@type":"WebPage","@id":"https:\/\/lunatools.com\/sv\/product\/traplugg-sats-505delar\/","url":"https:\/\/lunatools.com\/sv\/product\/traplugg-sats-505delar\/","name":"TR\u00c4PLUGG SATS 505DELAR - Luna tools","isPartOf":{"@id":"https:\/\/lunatools.com\/sv\/#website"},"datePublished":"2025-10-31T01:50:20+00:00","dateModified":"2025-10-31T01:50:20+00:00","breadcrumb":{"@id":"https:\/\/lunatools.com\/sv\/product\/traplugg-sats-505delar\/#breadcrumb"},"inLanguage":"sv-SE","potentialAction":[{"@type":"ReadAction","target":["https:\/\/lunatools.com\/sv\/product\/traplugg-sats-505delar\/"]}]},{"@type":"BreadcrumbList","@id":"https:\/\/lunatools.com\/sv\/product\/traplugg-sats-505delar\/#breadcrumb","itemListElement":[{"@type":"ListItem","position":1,"name":"Home","item":"https:\/\/lunatools.com\/sv\/"},{"@type":"ListItem","position":2,"name":"Produkty","item":"https:\/\/lunatools.com\/pl\/shop\/"},{"@type":"ListItem","position":3,"name":"TR\u00c4PLUGG SATS 505DELAR"}]},{"@type":"WebSite","@id":"https:\/\/lunatools.com\/sv\/#website","url":"https:\/\/lunatools.com\/sv\/","name":"Luna tools","description":"","publisher":{"@id":"https:\/\/lunatools.com\/sv\/#organization"},"potentialAction":[{"@type":"SearchAction","target":{"@type":"EntryPoint","urlTemplate":"https:\/\/lunatools.com\/sv\/?s={search_term_string}"},"query-input":{"@type":"PropertyValueSpecification","valueRequired":true,"valueName":"search_term_string"}}],"inLanguage":"sv-SE"},{"@type":"Organization","@id":"https:\/\/lunatools.com\/sv\/#organization","name":"Luna Tools","url":"https:\/\/lunatools.com\/sv\/","logo":{"@type":"ImageObject","inLanguage":"sv-SE","@id":"https:\/\/lunatools.com\/sv\/#\/schema\/logo\/image\/","url":"https:\/\/lunatools.com\/wp-content\/uploads\/2019\/10\/LunaTools-gray-logo.png","contentUrl":"https:\/\/lunatools.com\/wp-content\/uploads\/2019\/10\/LunaTools-gray-logo.png","width":795,"height":309,"caption":"Luna Tools"},"image":{"@id":"https:\/\/lunatools.com\/sv\/#\/schema\/logo\/image\/"}}]}},"_links":{"self":[{"href":"https:\/\/lunatools.com\/sv\/wp-json\/wp\/v2\/product\/801"}],"collection":[{"href":"https:\/\/lunatools.com\/sv\/wp-json\/wp\/v2\/product"}],"about":[{"href":"https:\/\/lunatools.com\/sv\/wp-json\/wp\/v2\/types\/product"}],"wp:attachment":[{"href":"https:\/\/lunatools.com\/sv\/wp-json\/wp\/v2\/media?parent=801"}],"wp:term":[{"taxonomy":"product_cat","embeddable":true,"href":"https:\/\/lunatools.com\/sv\/wp-json\/wp\/v2\/product_cat?post=801"},{"taxonomy":"product_tag","embeddable":true,"href":"https:\/\/lunatools.com\/sv\/wp-json\/wp\/v2\/product_tag?post=801"}],"curies":[{"name":"wp","href":"https:\/\/api.w.org\/{rel}","templated":true}]}}